{"id":112049,"date":"2022-02-06T00:00:00","date_gmt":"2022-02-06T05:00:00","guid":{"rendered":"http:\/\/gpl-love.com\/es\/producto\/opt-in-downloads-wordpress-plugin\/"},"modified":"2026-04-10T11:20:24","modified_gmt":"2026-04-10T16:20:24","slug":"opt-in-downloads-wordpress-plugin","status":"publish","type":"product","link":"https:\/\/gpl-love.com\/es\/producto\/opt-in-downloads-wordpress-plugin\/","title":{"rendered":"Opt-In Downloads WordPress Plugin 4.06"},"content":{"rendered":"<h3>Opt-In Downloads WordPress Plugin Caracteristicas<\/h3>\n<p>El complemento Opt-In Descargas WordPress sirve como un instrumento robusto, lo que permite a los propietarios de sitios web convertir efectivamente su tr\u00e1fico entrante en valiosos clientes potenciales y suscriptores devotos. A trav\u00e9s de la provisi\u00f3n de contenido descargable gratuito a cambio de las direcciones de correo electr\u00f3nico de los visitantes, este complemento excepcional facilita la construcci\u00f3n de una floreciente lista de correo electr\u00f3nico, facilitando as\u00ed el establecimiento y la crianza de las relaciones duraderas con el p\u00fablico objetivo. En particular, el complemento cuenta con un proceso de instalaci\u00f3n f\u00e1cil de usar, junto con una extensa variedad de plantillas est\u00e9ticamente agradables, lo que permite a los propietarios de sitios web adaptar sin problemas sus descargas de opci\u00f3n para satisfacer sus requisitos de marca \u00fanicos. Adem\u00e1s, el complemento se integra perfectamente con plataformas de marketing por correo electr\u00f3nico ampliamente utilizadas, dotando a los propietarios de sitios web con la conveniencia de un seguimiento sin esfuerzo con clientes potenciales reci\u00e9n adquiridos y seguimiento de manera efectiva. Por lo tanto, con la implementaci\u00f3n del complemento de WordPress de Opt-In Descargas, las empresas pueden reforzar con \u00e9xito su visibilidad en l\u00ednea, fomentar la confianza inquebrantable entre su audiencia y, en \u00faltima instancia, aumentar su prosperidad financiera.<\/p>\n<ul>\n<li>Complemento de WordPress conveniente y f\u00e1cil de usar para descargas de opci\u00f3n<\/li>\n<li>Permite a los propietarios de sitios web ofrecer contenido descargable a cambio de direcciones de correo electr\u00f3nico u otra informaci\u00f3n de contacto<\/li>\n<li>Proporciona formularios de opci\u00f3n personalizables con varios campos y opciones de estilo<\/li>\n<li>Se integra con servicios populares de marketing por correo electr\u00f3nico como MailChimp y Aweber<\/li>\n<li>Admite m\u00faltiples tipos de archivos descargables, incluidos PDF, libros electr\u00f3nicos y archivos de audio<\/li>\n<li>Incluye an\u00e1lisis incorporados para rastrear las tasas de conversi\u00f3n y las descargas de suscripci\u00f3n.<\/li>\n<li>Ofrece opciones de visualizaci\u00f3n flexible, como ventanas emergentes, formularios en l\u00ednea y widgets de barra lateral<\/li>\n<li>Compatible con una amplia gama de temas y complementos de WordPress<\/li>\n<li>Proporciona documentaci\u00f3n detallada y atenci\u00f3n al cliente receptiva para una f\u00e1cil configuraci\u00f3n y mantenimiento<\/li>\n<li>Ayuda a aumentar las listas de correo electr\u00f3nico y a construir relaciones con los visitantes del sitio web a trav\u00e9s de valiosos incentivos de contenido.<\/li>\n<\/ul>\n","protected":false},"excerpt":{"rendered":"<p>Opt-In Descargas es un complemento de WordPress excepcionalmente robusto que le otorga la capacidad de expandir y acumular una vasta lista de correo electr\u00f3nico presentando archivos descargables como un incentivo convincente para que las personas se registren y se conviertan en parte de su lista. Este ingenioso complemento le capacita a concentrar sin esfuerzo los formularios de opci\u00f3n exquisitos enriquecidos con campos personalizados, y permite el establecimiento de secuencias de correo electr\u00f3nico autom\u00e1ticas que aseguran la entrega r\u00e1pida de los enlaces de descarga a sus estimados suscriptores. Adem\u00e1s, las capacidades profundas de este complemento tambi\u00e9n abarcan la capacidad de rastrear y analizar meticulosamente sus tasas de conversi\u00f3n, as\u00ed como fortalecer y refinar sus campa\u00f1as a trav\u00e9s de la ayuda de los an\u00e1lisis inherentes y las caracter\u00edsticas de pruebas A\/B. Independientemente de si usted es un blogger ardiente, un vendedor astuto o un propietario emprendedor de negocios en l\u00ednea, las descargas de suscripci\u00f3n son inequ\u00edvocamente la soluci\u00f3n por excelencia que atraer\u00e1 una gran cantidad de leads prometedores y elevar\u00e1 significativamente sus ingresos.<\/p>\n","protected":false},"featured_media":167108,"comment_status":"open","ping_status":"open","template":"","meta":[],"product_brand":[2339],"product_cat":[1214,1206,1211],"product_tag":[1256],"class_list":{"0":"post-112049","1":"product","2":"type-product","3":"status-publish","4":"has-post-thumbnail","6":"product_brand-codecanyon","7":"product_cat-personalizacion","8":"product_cat-plugins","9":"product_cat-wordpress-plugins","10":"product_tag-codecanyon","11":"member-discount","12":"discount-restricted","14":"first","15":"instock","16":"sale","17":"downloadable","18":"virtual","19":"sold-individually","20":"purchasable","21":"product-type-simple"},"_links":{"self":[{"href":"https:\/\/gpl-love.com\/es\/wp-json\/wp\/v2\/product\/112049","targetHints":{"allow":["GET"]}}],"collection":[{"href":"https:\/\/gpl-love.com\/es\/wp-json\/wp\/v2\/product"}],"about":[{"href":"https:\/\/gpl-love.com\/es\/wp-json\/wp\/v2\/types\/product"}],"replies":[{"embeddable":true,"href":"https:\/\/gpl-love.com\/es\/wp-json\/wp\/v2\/comments?post=112049"}],"wp:featuredmedia":[{"embeddable":true,"href":"https:\/\/gpl-love.com\/es\/wp-json\/wp\/v2\/media\/167108"}],"wp:attachment":[{"href":"https:\/\/gpl-love.com\/es\/wp-json\/wp\/v2\/media?parent=112049"}],"wp:term":[{"taxonomy":"product_brand","embeddable":true,"href":"https:\/\/gpl-love.com\/es\/wp-json\/wp\/v2\/product_brand?post=112049"},{"taxonomy":"product_cat","embeddable":true,"href":"https:\/\/gpl-love.com\/es\/wp-json\/wp\/v2\/product_cat?post=112049"},{"taxonomy":"product_tag","embeddable":true,"href":"https:\/\/gpl-love.com\/es\/wp-json\/wp\/v2\/product_tag?post=112049"}],"curies":[{"name":"wp","href":"https:\/\/api.w.org\/{rel}","templated":true}]}}