{"id":112047,"date":"2025-08-22T00:00:00","date_gmt":"2025-08-22T05:00:00","guid":{"rendered":"http:\/\/gpl-love.com\/es\/producto\/crypterio-ico-landing-page-and-cryptocurrency-wordpress-theme\/"},"modified":"2026-03-13T17:18:12","modified_gmt":"2026-03-13T22:18:12","slug":"crypterio-ico-landing-page-and-cryptocurrency-wordpress-theme","status":"publish","type":"product","link":"https:\/\/gpl-love.com\/es\/producto\/crypterio-ico-landing-page-and-cryptocurrency-wordpress-theme\/","title":{"rendered":"Crypterio ICO Landing Page y Cryptocurrency WordPress Theme 2.4.11"},"content":{"rendered":"<h3>Crypterio ICO Landing Page y Cryptocurrency WordPress Theme Caracteristicas<\/h3>\n<p>La p\u00e1gina de destino de Crypterio ICO y el tema de la criptomoneda de WordPress es una herramienta incre\u00edblemente robusta y vers\u00e1til que empodera a las personas y las empresas por igual para elaborar un sitio web sofisticado y contempor\u00e1neo dise\u00f1ado espec\u00edficamente para sus esfuerzos de criptomonedas. Con la utilizaci\u00f3n de Crypterio, los usuarios obtienen acceso sin restricciones a una p\u00e1gina de destino ICO preestablecida que ha sido dise\u00f1ada por expertos para facilitar la recaudaci\u00f3n de fondos exitosas para sus proyectos \u00fanicos. Adem\u00e1s, la inclusi\u00f3n de un conveniente constructor de p\u00e1ginas de arrastrar y soltar permite a los usuarios dise\u00f1ar sus propias p\u00e1ginas personalizadas con facilidad, brind\u00e1ndoles la oportunidad de exhibir sin esfuerzo a los estimados miembros del equipo, iluminando los blancos blancos, las hojas de ruta estrat\u00e9gicas y otra informaci\u00f3n cr\u00edtica paramemos de suplemento. a su \u00e9xito. La compatibilidad completa del tema con complementos de criptomonedas prominentes garantiza una funcionalidad perfecta, lo que permite la aceptaci\u00f3n perfecta de los pagos y la gesti\u00f3n eficiente de las transacciones. Exhibiendo una interfaz est\u00e9ticamente agradable e intuitiva, Crypterio sirve indiscutiblemente como una opci\u00f3n extraordinaria para cualquiera que desee fabricar un sitio web de criptomonedas realmente notable e inspirador.<\/p>\n<ul>\n<li>Un dise\u00f1o de p\u00e1gina de destino moderno y profesional espec\u00edficamente para ICO y sitios web relacionados con la criptomonedas.<\/li>\n<li>Completamente receptivo y construido con la \u00faltima tecnolog\u00eda para garantizar una experiencia de usuario \u00f3ptima en todos los dispositivos.<\/li>\n<li>Incluye un conjunto completo de plantillas y p\u00e1ginas predise\u00f1adas para mostrar su ICO, equipo, documento t\u00e9cnico, hoja de ruta y m\u00e1s.<\/li>\n<li>Integraci\u00f3n incorporada con varias pasarelas de pago de criptomonedas populares, lo que le permite aceptar pagos de criptomonedas con facilidad.<\/li>\n<li>M\u00faltiples opciones de encabezado y elementos personalizables que le permiten personalizar completamente el tema a su marca y requisitos \u00fanicos.<\/li>\n<li>Optimizado por SEO y totalmente compatible con varios complementos y herramientas para facilitar la optimizaci\u00f3n de motores de b\u00fasqueda.<\/li>\n<li>Incluye acceso a atenci\u00f3n al cliente oportuna y dedicada, para garantizar que tenga la ayuda necesaria cuando sea necesario.<\/li>\n<li>Compatible con varios complementos populares de WordPress, incluidos WooCommerce, WPML y Formulario de contacto &#8211;<\/li>\n<li>Construido con la velocidad y el rendimiento en mente, asegurando que su sitio web cargue de manera r\u00e1pida y eficiente, incluso con altos vol\u00famenes de tr\u00e1fico.<\/li>\n<li>Listo para la traducci\u00f3n, con soporte incorporado para varios idiomas que le permiten atender a una audiencia diversa y global.<\/li>\n<\/ul>\n","protected":false},"excerpt":{"rendered":"<p>Experimente lo \u00faltimo en tecnolog\u00eda de criptomonedas con nuestra p\u00e1gina de destino de CRYPTERIO ICO y el tema de WordPress de criptomonedas. Esta plataforma digital de vanguardia est\u00e1 dise\u00f1ada espec\u00edficamente para las necesidades \u00fanicas de los proyectos ICO, blockchain y criptomonedas. Ofrece un dise\u00f1o elegante y moderno, junto con una funcionalidad robusta, lo que lo convierte en una elecci\u00f3n perfecta para empresas e individuos por igual. El tema de Crypterio viene con una funci\u00f3n de cuenta regresiva de ICO, que lo ayuda a crear una sensaci\u00f3n de urgencia y emoci\u00f3n para su pr\u00f3ximo lanzamiento. Tambi\u00e9n proporciona un tipo de cambio en tiempo real, asegurando que usted y sus visitantes se mantengan informados sobre las tendencias actuales del mercado. Con su f\u00e1cil personalizaci\u00f3n e interfaz f\u00e1cil de usar, puede crear una p\u00e1gina de destino profesional y atractiva que comunique efectivamente su marca y objetivos. Asegure su presencia digital con la p\u00e1gina de destino de Crypterio ICO y el tema de la criptomoneda de WordPress.<\/p>\n","protected":false},"featured_media":165682,"comment_status":"open","ping_status":"open","template":"","meta":[],"product_brand":[2337],"product_cat":[1307,1237,1238],"product_tag":[1391],"class_list":{"0":"post-112047","1":"product","2":"type-product","3":"status-publish","4":"has-post-thumbnail","6":"product_brand-themeforest","7":"product_cat-negocio-wordpress-temas","8":"product_cat-temas","9":"product_cat-wordpress-temas","10":"product_tag-themeforest","11":"member-discount","12":"discount-restricted","14":"first","15":"instock","16":"sale","17":"downloadable","18":"virtual","19":"sold-individually","20":"purchasable","21":"product-type-simple"},"_links":{"self":[{"href":"https:\/\/gpl-love.com\/es\/wp-json\/wp\/v2\/product\/112047","targetHints":{"allow":["GET"]}}],"collection":[{"href":"https:\/\/gpl-love.com\/es\/wp-json\/wp\/v2\/product"}],"about":[{"href":"https:\/\/gpl-love.com\/es\/wp-json\/wp\/v2\/types\/product"}],"replies":[{"embeddable":true,"href":"https:\/\/gpl-love.com\/es\/wp-json\/wp\/v2\/comments?post=112047"}],"wp:featuredmedia":[{"embeddable":true,"href":"https:\/\/gpl-love.com\/es\/wp-json\/wp\/v2\/media\/165682"}],"wp:attachment":[{"href":"https:\/\/gpl-love.com\/es\/wp-json\/wp\/v2\/media?parent=112047"}],"wp:term":[{"taxonomy":"product_brand","embeddable":true,"href":"https:\/\/gpl-love.com\/es\/wp-json\/wp\/v2\/product_brand?post=112047"},{"taxonomy":"product_cat","embeddable":true,"href":"https:\/\/gpl-love.com\/es\/wp-json\/wp\/v2\/product_cat?post=112047"},{"taxonomy":"product_tag","embeddable":true,"href":"https:\/\/gpl-love.com\/es\/wp-json\/wp\/v2\/product_tag?post=112047"}],"curies":[{"name":"wp","href":"https:\/\/api.w.org\/{rel}","templated":true}]}}