{"id":112045,"date":"2022-02-14T00:00:00","date_gmt":"2022-02-14T05:00:00","guid":{"rendered":"http:\/\/gpl-love.com\/es\/producto\/cryptibit-technology-cryptocurrency-icoieo-landing-page-wordpress-theme\/"},"modified":"2026-03-13T17:18:13","modified_gmt":"2026-03-13T22:18:13","slug":"cryptibit-technology-cryptocurrency-icoieo-landing-page-wordpress-theme","status":"publish","type":"product","link":"https:\/\/gpl-love.com\/es\/producto\/cryptibit-technology-cryptocurrency-icoieo-landing-page-wordpress-theme\/","title":{"rendered":"CryptiBIT Technology Cryptocurrency ICO\/IEO Landing Page WordPress theme 1.3.2"},"content":{"rendered":"<h3>CryptiBIT Technology Cryptocurrency ICO\/IEO Landing Page WordPress theme Caracteristicas<\/h3>\n<p>El tema de WordPress de la p\u00e1gina de destino ICO\/IEO de Cryptibit Technology se presenta como una soluci\u00f3n integral y abarrotable para aquellas personas que buscan embarcarse en un triunfante de la oferta inicial de monedas de criptomonedas (ICO) o la oferta de intercambio inicial (IEO). Este tema en particular ha sido meticulosamente dise\u00f1ado con la intenci\u00f3n espec\u00edfica de satisfacer las necesidades y requisitos \u00fanicos de la industria de criptomonedas en constante evoluci\u00f3n. Para garantizar que su proyecto se exhibiera de la luz m\u00e1s favorable imaginable, este tema cuenta con una impresionante variedad de caracter\u00edsticas esenciales, que incluye, entre otros, un temporizador de cuenta regresiva visualmente atractivo, mesas de precios meticulosamente construidas, una hoja de ruta claramente delineada y un de los expertos. Secci\u00f3n de miembro del equipo curado. Adem\u00e1s, es de gran importancia tener en cuenta que el tema se ha desarrollado con capacidad de respuesta a la vanguardia de las mentes de los creadores, lo que lo hace adecuado para la utilizaci\u00f3n en una variedad de dispositivos. Adem\u00e1s, es primordial subrayar que el tema no solo responde, sino que tambi\u00e9n ha sido minuciosamente optimizado para los motores de b\u00fasqueda, lo que finalmente resulta en la mayor accesibilidad y la capacidad de descubrimiento de su sitio web ICO\/IEO a los usuarios en la extensi\u00f3n de Internet. Al aprovechar el poder del tema de WordPress de la p\u00e1gina de destino ICO\/IEO ICO\/IEO de la tecnolog\u00eda Cryptibit, podr\u00e1 establecer efectivamente una presencia en l\u00ednea pulida, profesional y altamente cautivadora para su estimado proyecto de criptomonedas, aumentando significativamente la probabilidad de lograr un resultado \u00f3ptimo \u00f3ptimo .<\/p>\n<ul>\n<li>Dise\u00f1ado para las pr\u00f3ximas p\u00e1ginas de destino de la criptomoneda ICO\/IEO<\/li>\n<li>Construido con tecnolog\u00eda criptibit que garantiza la seguridad y la confiabilidad<\/li>\n<li>Totalmente personalizable con una interfaz f\u00e1cil de usar<\/li>\n<li>Presenta un dise\u00f1o limpio, moderno y profesional que atrae a los inversores<\/li>\n<li>Incluye p\u00e1ginas preconstruidas para ICO\/IEO, equipo, hoja de ruta, medios y m\u00e1s<\/li>\n<li>Se integra con ICO LaunchPad, Tokendesk y otras plataformas de blockchain populares<\/li>\n<li>Optimizado para motores de b\u00fasqueda, asegurando la m\u00e1xima visibilidad para su p\u00e1gina de destino<\/li>\n<li>Presenta un dise\u00f1o receptivo que se ve muy bien en todos los dispositivos<\/li>\n<li>Incluye complementos premium como Slider Revolution y WPBakery Page Builder<\/li>\n<li>Proporciona soporte de calidad y actualizaciones regulares para un rendimiento \u00f3ptimo.<\/li>\n<\/ul>\n","protected":false},"excerpt":{"rendered":"<p>Sum\u00e9rjase en el mundo de la criptograf\u00eda con nuestra tecnolog\u00eda criptibit de criptomoneda ICO\/IEO P\u00e1gina de destino de WordPress. Dise\u00f1ado espec\u00edficamente para la industria de la criptomonedas y la tecnolog\u00eda de blockchain en r\u00e1pida evoluci\u00f3n, este tema ofrece una experiencia atractiva y f\u00e1cil de usar. Perfecto para sitios web ICO, IEO y Blockchain, ofrece un dise\u00f1o altamente personalizable, un dise\u00f1o receptivo e integraci\u00f3n perfecta con WordPress. La funci\u00f3n de cuenta regresiva ICO\/IEO mantiene a sus usuarios actualizados, mientras que nuestra tecnolog\u00eda avanzada de blockchain garantiza la seguridad de sus datos. \u00a1Aumenta tu presencia en l\u00ednea y atrae a los inversores potenciales con nuestro tema de Cryptibit!<\/p>\n","protected":false},"featured_media":165683,"comment_status":"open","ping_status":"open","template":"","meta":[],"product_brand":[2337],"product_cat":[1307,1237,1238],"product_tag":[1391],"class_list":{"0":"post-112045","1":"product","2":"type-product","3":"status-publish","4":"has-post-thumbnail","6":"product_brand-themeforest","7":"product_cat-negocio-wordpress-temas","8":"product_cat-temas","9":"product_cat-wordpress-temas","10":"product_tag-themeforest","11":"member-discount","12":"discount-restricted","14":"first","15":"instock","16":"sale","17":"downloadable","18":"virtual","19":"sold-individually","20":"purchasable","21":"product-type-simple"},"_links":{"self":[{"href":"https:\/\/gpl-love.com\/es\/wp-json\/wp\/v2\/product\/112045","targetHints":{"allow":["GET"]}}],"collection":[{"href":"https:\/\/gpl-love.com\/es\/wp-json\/wp\/v2\/product"}],"about":[{"href":"https:\/\/gpl-love.com\/es\/wp-json\/wp\/v2\/types\/product"}],"replies":[{"embeddable":true,"href":"https:\/\/gpl-love.com\/es\/wp-json\/wp\/v2\/comments?post=112045"}],"wp:featuredmedia":[{"embeddable":true,"href":"https:\/\/gpl-love.com\/es\/wp-json\/wp\/v2\/media\/165683"}],"wp:attachment":[{"href":"https:\/\/gpl-love.com\/es\/wp-json\/wp\/v2\/media?parent=112045"}],"wp:term":[{"taxonomy":"product_brand","embeddable":true,"href":"https:\/\/gpl-love.com\/es\/wp-json\/wp\/v2\/product_brand?post=112045"},{"taxonomy":"product_cat","embeddable":true,"href":"https:\/\/gpl-love.com\/es\/wp-json\/wp\/v2\/product_cat?post=112045"},{"taxonomy":"product_tag","embeddable":true,"href":"https:\/\/gpl-love.com\/es\/wp-json\/wp\/v2\/product_tag?post=112045"}],"curies":[{"name":"wp","href":"https:\/\/api.w.org\/{rel}","templated":true}]}}