{"id":112043,"date":"2023-11-20T00:00:00","date_gmt":"2023-11-20T05:00:00","guid":{"rendered":"http:\/\/gpl-love.com\/es\/producto\/startflow-startup-and-creative-multipurpose-wordpress-theme\/"},"modified":"2026-03-13T17:29:35","modified_gmt":"2026-03-13T22:29:35","slug":"startflow-startup-and-creative-multipurpose-wordpress-theme","status":"publish","type":"product","link":"https:\/\/gpl-love.com\/es\/producto\/startflow-startup-and-creative-multipurpose-wordpress-theme\/","title":{"rendered":"StartFlow Startup y Creative Multipurpose WordPress Theme 1.25"},"content":{"rendered":"<h3>StartFlow Startup y Creative Multipurpose WordPress Theme Caracteristicas<\/h3>\n<p>La inicio de Startflow y el tema creativo de WordPress multiprop\u00f3sito es un tema altamente vers\u00e1til y f\u00e1cil de usar que ha sido meticulosamente elaborado para satisfacer las necesidades y requisitos \u00fanicos de las nuevas empresas y las empresas creativas. Con su amplia gama de caracter\u00edsticas personalizables, que incluye una variedad de variaciones de p\u00e1gina de inicio cautivadoras y una amplia selecci\u00f3n de p\u00e1ginas preconstruidas, este tema ofrece un nivel incomparable de flexibilidad, lo que le permite dise\u00f1ar un sitio web sofisticado y profesional que se alinee sin problemas con su identidad de la marca. Adem\u00e1s, la inclusi\u00f3n de un poderoso constructor de p\u00e1ginas de arrastrar y soltar le permite adaptar sin esfuerzo las p\u00e1ginas de su sitio web al deseo de su coraz\u00f3n, todo sin necesitar ning\u00fan conocimiento de t\u00e9cnicas de codificaci\u00f3n compleja. Adem\u00e1s, el tema Startflow cuenta con un dise\u00f1o notablemente receptivo, asegurando que su sitio web sea accesible sin problemas y visualmente en una amplia gama de dispositivos, que abarca computadoras de escritorio, tabletas y dispositivos m\u00f3viles por igual. En un intento por optimizar el rendimiento y la visibilidad de su sitio web, este tema se ha dise\u00f1ado meticulosamente para ser amigable con SEO, lo que refuerza significativamente las clasificaciones de los motores de b\u00fasqueda de su sitio web y el rendimiento general en l\u00ednea. En conclusi\u00f3n, el inicio de Startflow y el tema creativo de WordPress multiprop\u00f3sito es una elecci\u00f3n ejemplar para aspirantes a empresarios y empresas que aspiran a dise\u00f1ar un sitio web de vanguardia, moderno y altamente funcional que se distingue sin esfuerzo de la competencia.<\/p>\n<ul>\n<li>Tema de WordPress totalmente personalizable y f\u00e1cil de usar perfecto para nuevas empresas y negocios creativos<\/li>\n<li>M\u00faltiples plantillas preconstruidas para una variedad de industrias, incluidas la tecnolog\u00eda, la moda y la comida.<\/li>\n<li>Dise\u00f1o para dispositivos m\u00f3viles y receptivos para una experiencia de usuario perfecta en escritorio, tableta y tel\u00e9fono<\/li>\n<li>Construido con c\u00f3digo limpio y optimizaci\u00f3n de SEO para mejorar las clasificaciones de b\u00fasqueda y el rendimiento del sitio web<\/li>\n<li>Incluye un panel de opciones de temas intuitivos y constructor intuitivo para dise\u00f1os y dise\u00f1os personalizados para dise\u00f1os personalizados.<\/li>\n<li>Compatible con complementos populares de WordPress, incluido WooCommerce para la funcionalidad de comercio electr\u00f3nico<\/li>\n<li>Viene con soporte completo y documentaci\u00f3n para ayudar a que su sitio web se ejecute r\u00e1pidamente<\/li>\n<li>Actualizado regularmente con nuevas caracter\u00edsticas y mejoras para mantenerse a la vanguardia de las tendencias tecnol\u00f3gicas<\/li>\n<li>Potente pero f\u00e1cil de usar, haci\u00e9ndolo accesible para principiantes y usuarios avanzados por igual<\/li>\n<li>Respaldado por un equipo de desarrolladores experimentados que se dedican a crear temas de WordPress de alta calidad y f\u00e1ciles de usar.<\/li>\n<\/ul>\n","protected":false},"excerpt":{"rendered":"<p>\u00a1Saludos y bienvenidos a la gran presentaci\u00f3n de la magn\u00edfica inicio de Startflow y el tema creativo de WordPress multiprop\u00f3sito! Esta creaci\u00f3n extraordinaria se adapta con precisi\u00f3n para satisfacer las necesidades de las empresas y creativos que anhelan establecer una presencia en l\u00ednea indomable que sin duda cautivar\u00e1 y hipnotizar\u00e1 a todos los que lo miran. Con su dise\u00f1o elegante y moderno, lleno de elegancia y sofisticaci\u00f3n, acompa\u00f1ada de su funcionalidad robusta e integral, Startflow proporciona un nivel incomparable de flexibilidad y versatilidad, lo que le permite mostrar sin problemas su marca estimada y conectarse efectivamente con su p\u00fablico objetivo deseado. No importa si usted es una startup en ciernes, una agencia floreciente, un freelancer talentoso o incluso un negocio establecido desde hace mucho tiempo, ya que Startflow posee todos los elementos esenciales necesarios para impulsar su sitio web a alturas de \u00e9xito sin precedentes. Por lo tanto, aprovecha esta oportunidad de oro y embarque tu viaje hacia la grandeza hoy sumergi\u00e9ndote en el poder asombroso y el potencial ilimitado que el venerado Startflow tiene para ofrecer.<\/p>\n","protected":false},"featured_media":167560,"comment_status":"open","ping_status":"open","template":"","meta":[],"product_brand":[2337],"product_cat":[1239,1237,1238],"product_tag":[1391],"class_list":{"0":"post-112043","1":"product","2":"type-product","3":"status-publish","4":"has-post-thumbnail","6":"product_brand-themeforest","7":"product_cat-de-multiples-fines","8":"product_cat-temas","9":"product_cat-wordpress-temas","10":"product_tag-themeforest","11":"member-discount","12":"discount-restricted","14":"first","15":"instock","16":"sale","17":"downloadable","18":"virtual","19":"sold-individually","20":"purchasable","21":"product-type-simple"},"_links":{"self":[{"href":"https:\/\/gpl-love.com\/es\/wp-json\/wp\/v2\/product\/112043","targetHints":{"allow":["GET"]}}],"collection":[{"href":"https:\/\/gpl-love.com\/es\/wp-json\/wp\/v2\/product"}],"about":[{"href":"https:\/\/gpl-love.com\/es\/wp-json\/wp\/v2\/types\/product"}],"replies":[{"embeddable":true,"href":"https:\/\/gpl-love.com\/es\/wp-json\/wp\/v2\/comments?post=112043"}],"wp:featuredmedia":[{"embeddable":true,"href":"https:\/\/gpl-love.com\/es\/wp-json\/wp\/v2\/media\/167560"}],"wp:attachment":[{"href":"https:\/\/gpl-love.com\/es\/wp-json\/wp\/v2\/media?parent=112043"}],"wp:term":[{"taxonomy":"product_brand","embeddable":true,"href":"https:\/\/gpl-love.com\/es\/wp-json\/wp\/v2\/product_brand?post=112043"},{"taxonomy":"product_cat","embeddable":true,"href":"https:\/\/gpl-love.com\/es\/wp-json\/wp\/v2\/product_cat?post=112043"},{"taxonomy":"product_tag","embeddable":true,"href":"https:\/\/gpl-love.com\/es\/wp-json\/wp\/v2\/product_tag?post=112043"}],"curies":[{"name":"wp","href":"https:\/\/api.w.org\/{rel}","templated":true}]}}