{"id":112041,"date":"2021-03-29T00:00:00","date_gmt":"2021-03-29T05:00:00","guid":{"rendered":"http:\/\/gpl-love.com\/es\/producto\/delicate-multipurpose-wordpress-theme\/"},"modified":"2026-03-13T17:19:06","modified_gmt":"2026-03-13T22:19:06","slug":"delicate-multipurpose-wordpress-theme","status":"publish","type":"product","link":"https:\/\/gpl-love.com\/es\/producto\/delicate-multipurpose-wordpress-theme\/","title":{"rendered":"Delicate Multipurpose WordPress Theme 3.2"},"content":{"rendered":"<h3>Delicate Multipurpose WordPress Theme Caracteristicas<\/h3>\n<p>El delicado tema de WordPress multiprop\u00f3sito, con un dise\u00f1o elegante y moderno, presenta a los usuarios una interfaz multifac\u00e9tica y f\u00e1cil de usar que atiende a la construcci\u00f3n de pr\u00e1cticamente cualquier tipo de sitio web. Su capacidad de respuesta a diferentes dispositivos, junto con sus caracter\u00edsticas personalizables y abundancia de plantillas preconstruidas, hace que este tema sea id\u00edlico para empresas, blogueros y artistas que buscan mostrar su contenido notable de una manera que exude al estilo y el profesionalismo . La amplia gama de opciones de personalizaci\u00f3n del tema permite a los usuarios adaptar la est\u00e9tica y la funcionalidad de su sitio web a sus requisitos precisos, mientras que la amplia documentaci\u00f3n y el soporte confiable brindado hacen que el proceso de comenzar y mantener el sitio web sea una brisa absoluta. En general, el delicado tema de WordPress multiprop\u00f3sito emerge sin lugar a dudas como una opci\u00f3n excepcional para las personas que anhelan una soluci\u00f3n flexible y f\u00e1cil de usar para construir su propio sitio web.<\/p>\n<ul>\n<li>Tema de WordPress multiprop\u00f3sito altamente personalizable y vers\u00e1til<\/li>\n<li>Cuenta con un dise\u00f1o hermoso y elegante con m\u00faltiples opciones de fuente y color<\/li>\n<li>Incluye plantillas predise\u00f1adas para una variedad de industrias y prop\u00f3sitos<\/li>\n<li>Construido con las \u00faltimas tecnolog\u00edas web y totalmente receptivo para todos los dispositivos<\/li>\n<li>Builder intuitivo de la p\u00e1gina de arrastrar y soltar para una f\u00e1cil personalizaci\u00f3n y creaci\u00f3n de dise\u00f1os \u00fanicos<\/li>\n<li>Optimizado para motores de b\u00fasqueda con c\u00f3digo limpio y tiempos de carga r\u00e1pidas<\/li>\n<li>Compatible con complementos populares de WordPress para una funcionalidad adicional<\/li>\n<li>Incluye documentaci\u00f3n completa y soporte para uso sin problemas<\/li>\n<li>Actualizado regularmente con nuevas caracter\u00edsticas y mejoras para el valor continuo<\/li>\n<\/ul>\n","protected":false},"excerpt":{"rendered":"<p>Descubra nuestro delicado tema de WordPress multiprop\u00f3sito, una soluci\u00f3n vers\u00e1til y flexible para todas las necesidades de su sitio web. Este tema elegante es perfecto para due\u00f1os de negocios, blogueros e individuos creativos que valoran la sofisticaci\u00f3n y la funcionalidad. Es totalmente receptivo y compatible con varios dispositivos, asegurando que su contenido se vea impresionante en cualquier tama\u00f1o de pantalla. Con su interfaz f\u00e1cil de usar, caracter\u00edsticas personalizables y optimizaci\u00f3n de SEO, nuestro tema ofrece una experiencia perfecta tanto para usted como para sus visitantes. Est\u00e1 construido con c\u00f3digo limpio para mejorar la velocidad y el rendimiento del sitio, proporcionando una experiencia de navegaci\u00f3n suave. Adem\u00e1s, su compatibilidad con WooCommerce lo hace perfecto para las tiendas en l\u00ednea. Actualice su presencia en l\u00ednea con nuestro delicado tema de WordPress multiprop\u00f3sito.<\/p>\n","protected":false},"featured_media":165756,"comment_status":"open","ping_status":"open","template":"","meta":[],"product_brand":[2337],"product_cat":[1239,1237,1238],"product_tag":[1391],"class_list":{"0":"post-112041","1":"product","2":"type-product","3":"status-publish","4":"has-post-thumbnail","6":"product_brand-themeforest","7":"product_cat-de-multiples-fines","8":"product_cat-temas","9":"product_cat-wordpress-temas","10":"product_tag-themeforest","11":"member-discount","12":"discount-restricted","14":"first","15":"instock","16":"sale","17":"downloadable","18":"virtual","19":"sold-individually","20":"purchasable","21":"product-type-simple"},"_links":{"self":[{"href":"https:\/\/gpl-love.com\/es\/wp-json\/wp\/v2\/product\/112041","targetHints":{"allow":["GET"]}}],"collection":[{"href":"https:\/\/gpl-love.com\/es\/wp-json\/wp\/v2\/product"}],"about":[{"href":"https:\/\/gpl-love.com\/es\/wp-json\/wp\/v2\/types\/product"}],"replies":[{"embeddable":true,"href":"https:\/\/gpl-love.com\/es\/wp-json\/wp\/v2\/comments?post=112041"}],"wp:featuredmedia":[{"embeddable":true,"href":"https:\/\/gpl-love.com\/es\/wp-json\/wp\/v2\/media\/165756"}],"wp:attachment":[{"href":"https:\/\/gpl-love.com\/es\/wp-json\/wp\/v2\/media?parent=112041"}],"wp:term":[{"taxonomy":"product_brand","embeddable":true,"href":"https:\/\/gpl-love.com\/es\/wp-json\/wp\/v2\/product_brand?post=112041"},{"taxonomy":"product_cat","embeddable":true,"href":"https:\/\/gpl-love.com\/es\/wp-json\/wp\/v2\/product_cat?post=112041"},{"taxonomy":"product_tag","embeddable":true,"href":"https:\/\/gpl-love.com\/es\/wp-json\/wp\/v2\/product_tag?post=112041"}],"curies":[{"name":"wp","href":"https:\/\/api.w.org\/{rel}","templated":true}]}}