{"id":112039,"date":"2022-07-16T00:00:00","date_gmt":"2022-07-16T05:00:00","guid":{"rendered":"http:\/\/gpl-love.com\/es\/producto\/cryptoniq-cryptocurrency-payment-plugin-for-wordpress\/"},"modified":"2026-03-09T07:25:12","modified_gmt":"2026-03-09T12:25:12","slug":"cryptoniq-cryptocurrency-payment-plugin-for-wordpress","status":"publish","type":"product","link":"https:\/\/gpl-love.com\/es\/producto\/cryptoniq-cryptocurrency-payment-plugin-for-wordpress\/","title":{"rendered":"Cryptoniq Cryptocurrency Payment Plugin para WordPress 1.9.6"},"content":{"rendered":"<h3>Cryptoniq Cryptocurrency Payment Plugin para WordPress Caracteristicas<\/h3>\n<p>El complemento de pago de criptomonedas CryptonIQ para WordPress es una soluci\u00f3n excepcional que facilita sin problemas la aceptaci\u00f3n de los pagos de criptomonedas en su sitio web. Ofrece un amplio apoyo para numerosas criptomonedas populares como Bitcoin, Ethereum y Litecoin, lo que le permite expandir significativamente su base de clientes y alcanzar efectivamente un p\u00fablico m\u00e1s amplio. Adem\u00e1s, su interfaz f\u00e1cil de usar y su configuraci\u00f3n directa lo convierten en una excelente opci\u00f3n para los propietarios de sitios web experimentados e inexpertos. Adem\u00e1s, el complemento cuenta con funciones de seguridad avanzadas que garantizan la seguridad de sus transacciones, junto con un servicio de atenci\u00f3n al cliente confiable que aborde r\u00e1pidamente cualquier pregunta o inquietud que pueda tener. En esencia, el complemento de pago de criptomonedas Cryptoniq presenta una herramienta muy conveniente y notablemente eficiente para las personas que buscan incorporar pagos de criptomonedas en su sitio web de WordPress.<\/p>\n<ul>\n<li>Acepte pagos de criptomonedas en su sitio web de WordPress con facilidad<\/li>\n<li>Admite m\u00faltiples criptomonedas populares, incluidas bitcoin, ethereum, litecoin y m\u00e1s<\/li>\n<li>No hay tarifas de transacci\u00f3n o cargos ocultos, a diferencia de las pasarelas de pago tradicionales<\/li>\n<li>Transacciones altamente seguras y encriptadas, asegurando la seguridad tanto de usted como de sus clientes<\/li>\n<li>Proceso simple de instalaci\u00f3n y configuraci\u00f3n, sin necesidad de codificaci\u00f3n ni habilidades t\u00e9cnicas<\/li>\n<li>Botones y formularios de pago personalizables para que coincidan con la apariencia de su sitio web<\/li>\n<li>La conversi\u00f3n de divisas en tiempo real le permite recibir pagos en su moneda local<\/li>\n<li>Compatible con complementos populares de comercio electr\u00f3nico como WooCommerce y descargas digitales f\u00e1ciles<\/li>\n<li>Documentaci\u00f3n integral y atenci\u00f3n al cliente disponible para ayudarlo en cada paso del camino<\/li>\n<li>Una soluci\u00f3n de pago confiable y confiable para empresas de todos los tama\u00f1os, desde peque\u00f1as empresas hasta grandes empresas<\/li>\n<\/ul>\n","protected":false},"excerpt":{"rendered":"<p>Experimente el futuro de las transacciones en l\u00ednea con el complemento de pago de criptomonedas Cryptoniq para WordPress. Este complemento innovador le permite integrar los pagos de criptomonedas sin problemas en su sitio web de WordPress, ofreciendo una soluci\u00f3n de pago r\u00e1pida, segura y descentralizada. Con Cryptoniq, puede aceptar una variedad de criptomonedas populares, incluidas Bitcoin, Ethereum, Litecoin y Dogecoin, lo que brinda a sus clientes m\u00e1s flexibilidad y control sobre sus transacciones. F\u00e1cil de instalar y configurar, el complemento es perfecto para los entusiastas de las criptograf\u00eda y los principiantes. Utiliza una tecnolog\u00eda de pago directa \u00fanica, evitando servicios de terceros y transfiriendo monedas directamente de los clientes a su billetera, asegurando transacciones inmediatas y seguras. Aumente su negocio en l\u00ednea con el complemento de pago de criptomonedas Cryptoniq para WordPress.<\/p>\n","protected":false},"featured_media":165686,"comment_status":"open","ping_status":"open","template":"","meta":[],"product_brand":[2339],"product_cat":[1214,1206,1211],"product_tag":[1256],"class_list":{"0":"post-112039","1":"product","2":"type-product","3":"status-publish","4":"has-post-thumbnail","6":"product_brand-codecanyon","7":"product_cat-personalizacion","8":"product_cat-plugins","9":"product_cat-wordpress-plugins","10":"product_tag-codecanyon","11":"member-discount","12":"discount-restricted","14":"first","15":"instock","16":"sale","17":"downloadable","18":"virtual","19":"sold-individually","20":"purchasable","21":"product-type-simple"},"_links":{"self":[{"href":"https:\/\/gpl-love.com\/es\/wp-json\/wp\/v2\/product\/112039","targetHints":{"allow":["GET"]}}],"collection":[{"href":"https:\/\/gpl-love.com\/es\/wp-json\/wp\/v2\/product"}],"about":[{"href":"https:\/\/gpl-love.com\/es\/wp-json\/wp\/v2\/types\/product"}],"replies":[{"embeddable":true,"href":"https:\/\/gpl-love.com\/es\/wp-json\/wp\/v2\/comments?post=112039"}],"wp:featuredmedia":[{"embeddable":true,"href":"https:\/\/gpl-love.com\/es\/wp-json\/wp\/v2\/media\/165686"}],"wp:attachment":[{"href":"https:\/\/gpl-love.com\/es\/wp-json\/wp\/v2\/media?parent=112039"}],"wp:term":[{"taxonomy":"product_brand","embeddable":true,"href":"https:\/\/gpl-love.com\/es\/wp-json\/wp\/v2\/product_brand?post=112039"},{"taxonomy":"product_cat","embeddable":true,"href":"https:\/\/gpl-love.com\/es\/wp-json\/wp\/v2\/product_cat?post=112039"},{"taxonomy":"product_tag","embeddable":true,"href":"https:\/\/gpl-love.com\/es\/wp-json\/wp\/v2\/product_tag?post=112039"}],"curies":[{"name":"wp","href":"https:\/\/api.w.org\/{rel}","templated":true}]}}