{"id":112037,"date":"2023-11-21T00:00:00","date_gmt":"2023-11-21T05:00:00","guid":{"rendered":"http:\/\/gpl-love.com\/es\/producto\/fildisi-responsive-multi-purpose-wordpress-theme\/"},"modified":"2026-03-13T17:20:47","modified_gmt":"2026-03-13T22:20:47","slug":"fildisi-responsive-multi-purpose-wordpress-theme","status":"publish","type":"product","link":"https:\/\/gpl-love.com\/es\/producto\/fildisi-responsive-multi-purpose-wordpress-theme\/","title":{"rendered":"Fildisi Responsive Multi-Purpose WordPress Theme 2.5.0"},"content":{"rendered":"<h3>Fildisi Responsive Multi-Purpose WordPress Theme Caracteristicas<\/h3>\n<p>El tema de WordPress multiprop\u00f3sito de Fildisi es una herramienta incre\u00edblemente vers\u00e1til y excepcionalmente poderosa que ha sido dise\u00f1ada por expertos para atender los requisitos diversos y \u00fanicos de profesionales creativos, empresas e individuos que buscan establecer una presencia en l\u00ednea verdaderamente profesional y visualmente impresionante. Con su interfaz altamente f\u00e1cil de usar y una variedad de opciones de personalizaci\u00f3n perfectamente integradas, Fildisi faculta a los usuarios dise\u00f1ar sin esfuerzo un sitio web \u00fanico que est\u00e9 obligado a cautivar y cautivar a su p\u00fablico objetivo. Adem\u00e1s, el tema cuenta con plena capacidad de respuesta, garantizando que su sitio web exude la imperfacci\u00f3n y el rendimiento \u00f3ptimo, independientemente del dispositivo o el tama\u00f1o de la pantalla desde el que se accede. Para simplificar a\u00fan m\u00e1s el proceso de creaci\u00f3n del sitio web, Fildisi se acompa\u00f1a de una extensa colecci\u00f3n de plantillas y widgets meticulosamente dise\u00f1ados, dotando a los usuarios con la capacidad de incorporar perfectamente caracter\u00edsticas indispensables como formularios de contacto, enlaces de redes sociales y galer\u00edas de im\u00e1genes. Independientemente de si es un blogger apasionado, un emprendedor visionario o un astuto propietario de la tienda en l\u00ednea, la flexibilidad ilimitada y la funcionalidad inigualable ofrecida por el tema de WordPress multiprop\u00f3sito receptivo de Fildisi le presente la oportunidad \u00fanica de distinguir sin esfuerzo su sitio web del sitio web del sitio web de Fildisi. Gran mar de competidores, cementando as\u00ed su presencia en l\u00ednea como realmente extraordinaria.<\/p>\n<ul>\n<li>Tema de WordPress altamente personalizable y vers\u00e1til adecuado para diversas industrias y sitios web<\/li>\n<li>Dise\u00f1o impresionante y moderno con un enfoque en la experiencia del usuario y la usabilidad<\/li>\n<li>Totalmente receptivo y amigable con los dispositivos m\u00f3viles, asegurando una visualizaci\u00f3n perfecta en todos los dispositivos<\/li>\n<li>Compatible con complementos y widgets populares de WordPress, ampliando opciones de funcionalidad<\/li>\n<li>Panel de opciones de temas avanzados para una f\u00e1cil personalizaci\u00f3n y marca<\/li>\n<li>M\u00faltiples opciones personalizables de encabezado y pie de p\u00e1gina para garantizar la singularidad del sitio web<\/li>\n<li>Sitios y plantillas de demostraci\u00f3n preconstruidos para una configuraci\u00f3n de sitio web r\u00e1pida y f\u00e1cil<\/li>\n<li>C\u00f3digo de alta calidad y limpio para un rendimiento r\u00e1pido y clasificaciones de motores de b\u00fasqueda optimizados<\/li>\n<li>Excelente soporte al cliente y actualizaciones regulares para la mejora continua del tema<\/li>\n<li>Lista de traducci\u00f3n con soporte de idioma RTL para el alcance global.<\/li>\n<\/ul>\n","protected":false},"excerpt":{"rendered":"<p>Fildisi, un tema de WordPress multiprop\u00f3sito incre\u00edblemente vers\u00e1til y altamente receptivo, demuestra ser una opci\u00f3n impecable para cualquier tipo de sitio web. Ya sea que su intenci\u00f3n sea establecer un blog intrigante, una cartera llamativa o un sitio web comercial exitoso, Fildisi ofrece una amplia gama de caracter\u00edsticas y herramientas para ayudarlo a crear una presencia en l\u00ednea excepcional. Su dise\u00f1o elegante y contempor\u00e1neo, junto con su constructor de p\u00e1ginas f\u00e1cil de usar y opciones personalizables, no solo simplifica el proceso de construcci\u00f3n de un sitio web, sino que tambi\u00e9n garantiza que brillar\u00e1 en medio de los competidores. Adem\u00e1s, la capacidad de respuesta completa de Fildisi garantiza que su sitio web parezca sorprendentemente atractivo en cualquier dispositivo, ya sea una computadora de escritorio o un tel\u00e9fono m\u00f3vil. Independientemente de su nivel de especializaci\u00f3n, ya sea un novato o un experto, Fildisi indudablemente se erige como una elecci\u00f3n ejemplar que lo ayudar\u00e1 a realizar sus aspiraciones en l\u00ednea.<\/p>\n","protected":false},"featured_media":166099,"comment_status":"open","ping_status":"open","template":"","meta":[],"product_brand":[2337],"product_cat":[1239,1237,1238],"product_tag":[1391],"class_list":{"0":"post-112037","1":"product","2":"type-product","3":"status-publish","4":"has-post-thumbnail","6":"product_brand-themeforest","7":"product_cat-de-multiples-fines","8":"product_cat-temas","9":"product_cat-wordpress-temas","10":"product_tag-themeforest","11":"member-discount","12":"discount-restricted","14":"first","15":"instock","16":"sale","17":"downloadable","18":"virtual","19":"sold-individually","20":"purchasable","21":"product-type-simple"},"_links":{"self":[{"href":"https:\/\/gpl-love.com\/es\/wp-json\/wp\/v2\/product\/112037","targetHints":{"allow":["GET"]}}],"collection":[{"href":"https:\/\/gpl-love.com\/es\/wp-json\/wp\/v2\/product"}],"about":[{"href":"https:\/\/gpl-love.com\/es\/wp-json\/wp\/v2\/types\/product"}],"replies":[{"embeddable":true,"href":"https:\/\/gpl-love.com\/es\/wp-json\/wp\/v2\/comments?post=112037"}],"wp:featuredmedia":[{"embeddable":true,"href":"https:\/\/gpl-love.com\/es\/wp-json\/wp\/v2\/media\/166099"}],"wp:attachment":[{"href":"https:\/\/gpl-love.com\/es\/wp-json\/wp\/v2\/media?parent=112037"}],"wp:term":[{"taxonomy":"product_brand","embeddable":true,"href":"https:\/\/gpl-love.com\/es\/wp-json\/wp\/v2\/product_brand?post=112037"},{"taxonomy":"product_cat","embeddable":true,"href":"https:\/\/gpl-love.com\/es\/wp-json\/wp\/v2\/product_cat?post=112037"},{"taxonomy":"product_tag","embeddable":true,"href":"https:\/\/gpl-love.com\/es\/wp-json\/wp\/v2\/product_tag?post=112037"}],"curies":[{"name":"wp","href":"https:\/\/api.w.org\/{rel}","templated":true}]}}