{"id":112035,"date":"2025-08-25T00:00:00","date_gmt":"2025-08-25T05:00:00","guid":{"rendered":"http:\/\/gpl-love.com\/es\/producto\/iva-beauty-store-cosmetics-shop\/"},"modified":"2026-03-13T17:22:49","modified_gmt":"2026-03-13T22:22:49","slug":"iva-beauty-store-cosmetics-shop","status":"publish","type":"product","link":"https:\/\/gpl-love.com\/es\/producto\/iva-beauty-store-cosmetics-shop\/","title":{"rendered":"Iva Beauty Store Cosmetics Shop 3.6"},"content":{"rendered":"<h3>Iva Beauty Store Cosmetics Shop Caracteristicas<\/h3>\n<p>IVA Beauty Store Cosmetics Shop, un establecimiento excepcional, sirve como el mejor destino para todos sus requisitos de belleza. Nuestra tienda cuenta con una amplia variedad de cosm\u00e9ticos de primer nivel que atienden a una variedad de tipos de piel, tonos y texturas. Nuestra selecci\u00f3n integral abarca todo, desde esenciales para el cuidado de la piel hasta exquisitos productos de maquillaje, asegurando que tengamos todas sus necesidades de belleza cubiertas. Meticulosamente comisariada de las mejores marcas del mercado, nuestros productos garantizan un nivel incomparable de calidad y eficacia. Se deleitar\u00e1 en leer nuestra amplia gama de opciones, incluida una amplia variedad de cimientos, correctores, l\u00e1pices labiales, sombras de ojos y mucho m\u00e1s. Adem\u00e1s, nuestro personal altamente conocedor est\u00e1 disponible para proporcionar una ayuda invaluable para encontrar los productos perfectos que no solo acentuar\u00e1n su belleza natural, sino que tambi\u00e9n inculcar\u00e1n una sensaci\u00f3n de confianza dentro de usted. Ya sea que busque una nueva y revitalizante rutina de cuidado de la piel, un tono de l\u00e1piz labial atrevido y vibrante, o simplemente alguna gu\u00eda experta, lo invitamos a visitar IVA Beauty Store Cosmetics Shop, donde estamos ansiosos por ayudarlo a elevar su belleza a nuevas alturas .<\/p>\n<ul>\n<li>Una amplia gama de productos cosm\u00e9ticos de alta calidad<\/li>\n<li>Art\u00edculos modernos y de moda<\/li>\n<li>Precios competitivos en comparaci\u00f3n con otras tiendas de belleza<\/li>\n<li>Personal \u00fatil y conocedor que proporciona recomendaciones personalizadas<\/li>\n<li>Un dise\u00f1o de tienda limpio y elegante que mejora la experiencia de compra<\/li>\n<li>Opciones ecol\u00f3gicas y veganas disponibles para consumidores conscientes<\/li>\n<li>Marcas confiables y conocidas como NARS, Mac, Clinique y m\u00e1s<\/li>\n<li>Ubicaci\u00f3n y horario convenientes para facilitar el acceso<\/li>\n<li>Experiencia de compra en l\u00ednea f\u00e1cil y sin problemas<\/li>\n<li>Promociones regulares, descuentos y ofertas especiales para clientes leales.<\/li>\n<\/ul>\n","protected":false},"excerpt":{"rendered":"<p>Emb\u00e1rcate en un viaje encantador al reino de la belleza a trav\u00e9s del cautivador reino de la tienda de cosm\u00e9ticos de la tienda de belleza Iva, donde te esperan una mir\u00edada de opulentos productos de maquillaje y atractivos remedios para el cuidado de la piel. Con una extensa selecci\u00f3n de elementos esenciales de Beauty Premium meticulosamente seleccionados para elevar su resplandor innato, nuestro emporio en l\u00ednea cuenta con una interfaz f\u00e1cil de usar que garantiza una navegaci\u00f3n sin esfuerzo. Impecablemente formulado con el m\u00e1ximo cuidado, nuestros productos cuentan con una variedad de ingredientes exquisitos que convergen armoniosamente para otorgarle un rostro impecable. Prep\u00e1rese para exudar a s\u00ed mismo y deleitarse con su encanto inherente mientras usted se adapta al esplendor de la tienda de cosm\u00e9ticos de la tienda de belleza IVA.<\/p>\n","protected":false},"featured_media":166490,"comment_status":"open","ping_status":"open","template":"","meta":[],"product_brand":[2337],"product_cat":[1267,1237,1238],"product_tag":[1391],"class_list":{"0":"post-112035","1":"product","2":"type-product","3":"status-publish","4":"has-post-thumbnail","6":"product_brand-themeforest","7":"product_cat-creativo","8":"product_cat-temas","9":"product_cat-wordpress-temas","10":"product_tag-themeforest","11":"member-discount","12":"discount-restricted","14":"first","15":"instock","16":"sale","17":"downloadable","18":"virtual","19":"sold-individually","20":"purchasable","21":"product-type-simple"},"_links":{"self":[{"href":"https:\/\/gpl-love.com\/es\/wp-json\/wp\/v2\/product\/112035","targetHints":{"allow":["GET"]}}],"collection":[{"href":"https:\/\/gpl-love.com\/es\/wp-json\/wp\/v2\/product"}],"about":[{"href":"https:\/\/gpl-love.com\/es\/wp-json\/wp\/v2\/types\/product"}],"replies":[{"embeddable":true,"href":"https:\/\/gpl-love.com\/es\/wp-json\/wp\/v2\/comments?post=112035"}],"wp:featuredmedia":[{"embeddable":true,"href":"https:\/\/gpl-love.com\/es\/wp-json\/wp\/v2\/media\/166490"}],"wp:attachment":[{"href":"https:\/\/gpl-love.com\/es\/wp-json\/wp\/v2\/media?parent=112035"}],"wp:term":[{"taxonomy":"product_brand","embeddable":true,"href":"https:\/\/gpl-love.com\/es\/wp-json\/wp\/v2\/product_brand?post=112035"},{"taxonomy":"product_cat","embeddable":true,"href":"https:\/\/gpl-love.com\/es\/wp-json\/wp\/v2\/product_cat?post=112035"},{"taxonomy":"product_tag","embeddable":true,"href":"https:\/\/gpl-love.com\/es\/wp-json\/wp\/v2\/product_tag?post=112035"}],"curies":[{"name":"wp","href":"https:\/\/api.w.org\/{rel}","templated":true}]}}