{"id":112031,"date":"2021-03-29T00:00:00","date_gmt":"2021-03-29T05:00:00","guid":{"rendered":"http:\/\/gpl-love.com\/es\/producto\/noisa-music-producers-bands-and-events-theme-for-wordpress\/"},"modified":"2026-04-10T11:19:46","modified_gmt":"2026-04-10T16:19:46","slug":"noisa-music-producers-bands-and-events-theme-for-wordpress","status":"publish","type":"product","link":"https:\/\/gpl-love.com\/es\/producto\/noisa-music-producers-bands-and-events-theme-for-wordpress\/","title":{"rendered":"Noisa Music Producers Bands y Events Tema para WordPress 2.5.6"},"content":{"rendered":"<h3>Noisa Music Producers Bands y Events Tema para WordPress Caracteristicas<\/h3>\n<p>El tema de las bandas y eventos de los productores de m\u00fasica Noisa para WordPress es una soluci\u00f3n altamente sofisticada y abarcadora espec\u00edficamente dise\u00f1ada para satisfacer las necesidades de los profesionales de la industria de la m\u00fasica. Este tema extraordinario ofrece una gran cantidad de caracter\u00edsticas notables y plantillas predise\u00f1adas, otorgando a los usuarios la capacidad de mostrar sin esfuerzo su trabajo excepcional y promover efectivamente sus eventos muy esperados. Los elementos notables de este tema incluyen un constructor de p\u00e1ginas totalmente personalizable, un reproductor de m\u00fasica innovador y herramientas avanzadas de gesti\u00f3n de eventos. Con la ayuda de este notable tema, los usuarios pueden crear p\u00e1ginas personalizadas sin esfuerzo dedicadas a sus bandas extraordinarias y eventos cautivadores, manejar expertamente la venta y promoci\u00f3n de entradas, e incluso integrar sin problemas sus alimentos en las redes sociales. Adem\u00e1s, el tema de las bandas y eventos de los productores musicales de Noisa exuda un aire de modernidad y sofisticaci\u00f3n con su dise\u00f1o elegante y visualmente atractivo, por lo que es la mejor opci\u00f3n para cualquier profesional de la m\u00fasica que aspira a establecer una presencia formidable en l\u00ednea y penetrar con \u00e9xito en un p\u00fablico m\u00e1s amplio.<\/p>\n<ul>\n<li>Un dise\u00f1o elegante y moderno que es perfecto para exhibir contenido relacionado con la m\u00fasica<\/li>\n<li>Opciones totalmente personalizables para la p\u00e1gina de inicio, que incluye un control deslizante para los pr\u00f3ximos eventos, m\u00fasica destacada y artistas destacados<\/li>\n<li>Integraci\u00f3n con complementos de m\u00fasica populares como Spotify y SoundCloud, lo que le permite compartir f\u00e1cilmente su m\u00fasica y listas de reproducci\u00f3n<\/li>\n<li>Calendario de eventos incorporado con la capacidad de crear y administrar eventos, vender boletos y mostrar el lugar y la informaci\u00f3n de boletos<\/li>\n<li>Perfiles de artistas con la capacidad de crear biograf\u00edas detalladas, exhibir \u00e1lbumes y pistas, y vincular a los perfiles de redes sociales<\/li>\n<li>Optimizaci\u00f3n m\u00f3vil para una experiencia perfecta en todos los dispositivos<\/li>\n<li>Constructor de p\u00e1gina f\u00e1cil de usar con funcionalidad de arrastrar y soltar para crear su propio dise\u00f1o y agregar contenido y elementos<\/li>\n<li>Optimizaci\u00f3n de SEO para ayudar a su sitio web a clasificarse m\u00e1s en los motores de b\u00fasqueda y atraer m\u00e1s tr\u00e1fico<\/li>\n<li>Instalar de demostraci\u00f3n con un solo clic para que su sitio web se ejecute de manera r\u00e1pida y f\u00e1cil.<\/li>\n<\/ul>\n","protected":false},"excerpt":{"rendered":"<p>\u00a1Estamos entusiasmados de presentarle el tema de bandas y eventos de Noisa Music Producers para WordPress! Este tema sofisticado y elegante est\u00e1 dise\u00f1ado espec\u00edficamente para m\u00fasicos, productores, bandas y organizadores de eventos que buscan exhibir sus obras creativas y establecer conexiones con su base de fan\u00e1ticos. Ofreciendo una variedad de caracter\u00edsticas personalizables, como varios dise\u00f1os de la p\u00e1gina de inicio, widgets a medida e integraci\u00f3n perfecta de elementos de video y audio, este tema proporciona la adaptabilidad y la funcionalidad necesarias para crear una presencia en l\u00ednea din\u00e1mica y inspiradora. Ya sea que posee una amplia experiencia en la industria o se est\u00e9 embarcando en su viaje musical, el tema de Bands and Events de los productores musicales de Noisa es la soluci\u00f3n por excelencia de WordPress para satisfacer todas sus demandas relacionadas con la m\u00fasica.<\/p>\n","protected":false},"featured_media":167056,"comment_status":"open","ping_status":"open","template":"","meta":[],"product_brand":[2337],"product_cat":[1267,1237,1238],"product_tag":[1391],"class_list":{"0":"post-112031","1":"product","2":"type-product","3":"status-publish","4":"has-post-thumbnail","6":"product_brand-themeforest","7":"product_cat-creativo","8":"product_cat-temas","9":"product_cat-wordpress-temas","10":"product_tag-themeforest","11":"member-discount","12":"discount-restricted","14":"first","15":"instock","16":"sale","17":"downloadable","18":"virtual","19":"sold-individually","20":"purchasable","21":"product-type-simple"},"_links":{"self":[{"href":"https:\/\/gpl-love.com\/es\/wp-json\/wp\/v2\/product\/112031","targetHints":{"allow":["GET"]}}],"collection":[{"href":"https:\/\/gpl-love.com\/es\/wp-json\/wp\/v2\/product"}],"about":[{"href":"https:\/\/gpl-love.com\/es\/wp-json\/wp\/v2\/types\/product"}],"replies":[{"embeddable":true,"href":"https:\/\/gpl-love.com\/es\/wp-json\/wp\/v2\/comments?post=112031"}],"wp:featuredmedia":[{"embeddable":true,"href":"https:\/\/gpl-love.com\/es\/wp-json\/wp\/v2\/media\/167056"}],"wp:attachment":[{"href":"https:\/\/gpl-love.com\/es\/wp-json\/wp\/v2\/media?parent=112031"}],"wp:term":[{"taxonomy":"product_brand","embeddable":true,"href":"https:\/\/gpl-love.com\/es\/wp-json\/wp\/v2\/product_brand?post=112031"},{"taxonomy":"product_cat","embeddable":true,"href":"https:\/\/gpl-love.com\/es\/wp-json\/wp\/v2\/product_cat?post=112031"},{"taxonomy":"product_tag","embeddable":true,"href":"https:\/\/gpl-love.com\/es\/wp-json\/wp\/v2\/product_tag?post=112031"}],"curies":[{"name":"wp","href":"https:\/\/api.w.org\/{rel}","templated":true}]}}