{"id":112029,"date":"2025-10-21T00:00:00","date_gmt":"2025-10-21T05:00:00","guid":{"rendered":"http:\/\/gpl-love.com\/es\/producto\/xforwoocommerce\/"},"modified":"2026-03-09T08:32:28","modified_gmt":"2026-03-09T13:32:28","slug":"xforwoocommerce","status":"publish","type":"product","link":"https:\/\/gpl-love.com\/es\/producto\/xforwoocommerce\/","title":{"rendered":"X para WooCommerce 2.2.3"},"content":{"rendered":"<h3>X para WooCommerce Caracteristicas<\/h3>\n<p>X es un complemento incre\u00edblemente robusto y eficiente meticulosamente elaborado para elevar y amplificar el rendimiento y las capacidades de su estimada tienda de WooCommerce. Con un extenso repertorio de innumerables caracter\u00edsticas de vanguardia y una variedad de opciones meticulosamente adaptadas, X lo capacita sin problemas para optimizar y mejorar sin esfuerzo cada faceta de las intrincadas operaciones de su tienda, al tiempo que optimiza y maximiza su potencial de ventas invaluable. Desde acelerar y mejorar el proceso de pago hasta administrar y manipular h\u00e1bilmente las variaciones e inventario de productos con destreza y delicadeza de manera h\u00e1bil, x abarca inequ\u00edvocamente cada aspecto concebible y elemento requisito para catapultarse de manera efectiva su tienda en los reinos estratosf\u00e9ricos del \u00e9xito y el crecimiento de impapsedados. Ya sea que sea un propietario emprendedor de una peque\u00f1a empresa o un gigante de comercio electr\u00f3nico de Titanic, X se erige como una soluci\u00f3n inmaculada e incomparable lista para abordar y cumplir con todas sus exigencias y demandas de WooCommerce con una eficacia impresionante y una platena incomparable. Por lo tanto, es inequ\u00edvocamente aconsejable aprovechar esta oportunidad de oro sin m\u00e1s ADO y familiarizarse r\u00e1pidamente con la asombrosa destreza y la potencia transformadora de una tienda en l\u00ednea verdaderamente optimizada al adoptar e implementar de todo coraz\u00f3n las capacidades fenomenales e indomables de X sin demora.<\/p>\n<ul>\n<li>Integraci\u00f3n con la plataforma WooCommerce<\/li>\n<li>Proceso de gesti\u00f3n de pedidos simplificado<\/li>\n<li>Sincronizaci\u00f3n de datos automatizado para transacciones sin interrupciones<\/li>\n<li>Campos de entrada de productos personalizables<\/li>\n<li>Interfaz f\u00e1cil de usar para una f\u00e1cil entrada de datos<\/li>\n<li>Aumenta la eficiencia y reduce los errores<\/li>\n<li>Admite varias pasarelas de pago<\/li>\n<li>Compatible con plataformas de comercio electr\u00f3nico populares<\/li>\n<li>Simplifica la gesti\u00f3n de inventario<\/li>\n<li>Genera informes detallados y an\u00e1lisis<\/li>\n<li>Mejora la experiencia general del cliente.<\/li>\n<\/ul>\n","protected":false},"excerpt":{"rendered":"<p>Entrada: X para WooCommerce es un complemento altamente sofisticado y de vanguardia que integra perfectamente un constructor de forma supremamente robusto y eficiente en el marco de su tienda WooCommerce. Al aprovechar el poder de la entrada: X, obtiene la capacidad de fabricar formas a medida que se dise\u00f1an espec\u00edficamente para satisfacer una multitud de prop\u00f3sitos, incluidos, entre otros, facilitar pedidos de productos simplificados y administrar efectivamente las consultas de los clientes. Este complemento notable abarca una extensa gama de caracter\u00edsticas notables e incomparables, como la implementaci\u00f3n de la l\u00f3gica condicional, la provisi\u00f3n de formularios de m\u00faltiples p\u00e1ginas e incluso la inclusi\u00f3n de campos de carga de archivos, proporcionando as\u00ed un nivel incomparable de flexibilidad cuando se produce para crear formularios intrincados, pero notablemente f\u00e1cil de usar. Con las notables capacidades ofrecidas por la entrada: X para WooCommerce, est\u00e1 listo para mejorar significativamente la funcionalidad general de su sitio web, lo que finalmente resulta en una experiencia de cliente significativamente mejorada para sus estimados visitantes.<\/p>\n","protected":false},"featured_media":168563,"comment_status":"open","ping_status":"open","template":"","meta":[],"product_brand":[2339],"product_cat":[1207,1248,1206],"product_tag":[1256],"class_list":{"0":"post-112029","1":"product","2":"type-product","3":"status-publish","4":"has-post-thumbnail","6":"product_brand-codecanyon","7":"product_cat-comercio-electronico-plugins","8":"product_cat-personalizacion-comercio-electronico-plugins","9":"product_cat-plugins","10":"product_tag-codecanyon","11":"member-discount","12":"discount-restricted","14":"first","15":"instock","16":"sale","17":"downloadable","18":"virtual","19":"sold-individually","20":"purchasable","21":"product-type-simple"},"_links":{"self":[{"href":"https:\/\/gpl-love.com\/es\/wp-json\/wp\/v2\/product\/112029","targetHints":{"allow":["GET"]}}],"collection":[{"href":"https:\/\/gpl-love.com\/es\/wp-json\/wp\/v2\/product"}],"about":[{"href":"https:\/\/gpl-love.com\/es\/wp-json\/wp\/v2\/types\/product"}],"replies":[{"embeddable":true,"href":"https:\/\/gpl-love.com\/es\/wp-json\/wp\/v2\/comments?post=112029"}],"wp:featuredmedia":[{"embeddable":true,"href":"https:\/\/gpl-love.com\/es\/wp-json\/wp\/v2\/media\/168563"}],"wp:attachment":[{"href":"https:\/\/gpl-love.com\/es\/wp-json\/wp\/v2\/media?parent=112029"}],"wp:term":[{"taxonomy":"product_brand","embeddable":true,"href":"https:\/\/gpl-love.com\/es\/wp-json\/wp\/v2\/product_brand?post=112029"},{"taxonomy":"product_cat","embeddable":true,"href":"https:\/\/gpl-love.com\/es\/wp-json\/wp\/v2\/product_cat?post=112029"},{"taxonomy":"product_tag","embeddable":true,"href":"https:\/\/gpl-love.com\/es\/wp-json\/wp\/v2\/product_tag?post=112029"}],"curies":[{"name":"wp","href":"https:\/\/api.w.org\/{rel}","templated":true}]}}