{"id":112017,"date":"2023-12-01T00:00:00","date_gmt":"2023-12-01T05:00:00","guid":{"rendered":"http:\/\/gpl-love.com\/es\/producto\/tijarah-digital-marketplace-woocommerce-theme\/"},"modified":"2026-04-10T11:28:47","modified_gmt":"2026-04-10T16:28:47","slug":"tijarah-digital-marketplace-woocommerce-theme","status":"publish","type":"product","link":"https:\/\/gpl-love.com\/es\/producto\/tijarah-digital-marketplace-woocommerce-theme\/","title":{"rendered":"Tijarah Digital Marketplace WooCommerce Theme 1.3.5"},"content":{"rendered":"<h3>Tijarah Digital Marketplace WooCommerce Theme Caracteristicas<\/h3>\n<p>Tijarah Digital Marketplace WooCommerce Theme cuenta con un dise\u00f1o excepcional dise\u00f1ado espec\u00edficamente para empresas de comercio electr\u00f3nico con el objetivo de exhibir y vender sus productos en el \u00e1mbito virtual. Este tema abarca una variedad de opciones y atributos de personalizaci\u00f3n, incluida una interfaz f\u00e1cil de usar, dise\u00f1o receptivo y funcionalidad de m\u00faltiples proveedores. Adem\u00e1s, se integra sin problemas con WooCommerce, facilitando la gesti\u00f3n sin esfuerzo de pedidos, pagos y procesos de env\u00edo. Con Tijarah a su disposici\u00f3n, puede erigir sin esfuerzo un sitio web de comercio electr\u00f3nico est\u00e9ticamente agradable sin competencia de codificaci\u00f3n previa. En particular, este tema es excepcionalmente adecuado para las empresas que anhelan establecer un mercado en l\u00ednea, una tienda digital o una plataforma de m\u00faltiples proveedores. Sin lugar a dudas, el tema de Tijarah Digital Marketplace WooCommerce encarna una selecci\u00f3n excepcional para aquellos que se embarcan en el viaje de construir una exitosa empresa de comercio electr\u00f3nico.<\/p>\n<ul>\n<li>Dise\u00f1o moderno y profesional<\/li>\n<li>Totalmente compatible con el complemento de WooCommerce<\/li>\n<li>Soporte m\u00faltiple para la funcionalidad del mercado<\/li>\n<li>Se integra con las pasarelas de pago populares para transacciones sin interrupciones<\/li>\n<li>Interfaz f\u00e1cil de usar para compradores y proveedores<\/li>\n<li>Dise\u00f1o receptivo y amigable para m\u00f3viles<\/li>\n<li>Opciones de dise\u00f1o de p\u00e1gina de inicio personalizables<\/li>\n<li>Opciones avanzadas de b\u00fasqueda y filtrado para una f\u00e1cil navegaci\u00f3n<\/li>\n<li>Uso de Google Fonts e Font Impresionante iconos para el atractivo visual<\/li>\n<li>Actualizaciones de por vida y atenci\u00f3n al cliente dedicada de los desarrolladores de temas.<\/li>\n<\/ul>\n","protected":false},"excerpt":{"rendered":"<p>El tema de WooCommerce del mercado digital de Tijarah se presenta como una plantilla de sitio web sofisticada y contempor\u00e1nea que ha sido compatible exclusivamente para el \u00e1mbito de los mercados en l\u00ednea. Este tema en particular demuestra ser una opci\u00f3n ideal para aspirantes a empresarios que est\u00e1n interesados \u200b\u200ben establecer una plataforma formidable de comercio electr\u00f3nico en la que puedan comercializar de manera efectiva una amplia gama de productos digitales, que abarca libros electr\u00f3nicos, software, m\u00fasica y mucho m\u00e1s. Con un dise\u00f1o impecablemente pr\u00edstino y una interfaz notablemente f\u00e1cil de usar, Tijarah se presta sin esfuerzo a la personalizaci\u00f3n, lo que permite a sus usuarios adaptarla de acuerdo con sus requisitos distintivos y espec\u00edficos. Adem\u00e1s, este notable tema hace alarde de una impresionante compilaci\u00f3n de herramientas de gesti\u00f3n de proveedores, productos y pagos que facilitan el establecimiento sin problemas de un mercado digital de vanguardia que sobresale en el arte de las ventas de productos en l\u00ednea. Por lo tanto, independientemente de si se est\u00e1 embarcando en una nueva empresa empresarial o simplemente para buscar elevar los est\u00e1ndares de su dominio actual de comercio electr\u00f3nico, puede confiar en el tema de WooCommerce de Tijarah para proporcionarle una plataforma incomparable que est\u00e1 personalizada. hecho para el triunfo de su mercado digital.<\/p>\n","protected":false},"featured_media":167826,"comment_status":"open","ping_status":"open","template":"","meta":[],"product_brand":[2337],"product_cat":[1263,1264,1237],"product_tag":[1391],"class_list":{"0":"post-112017","1":"product","2":"type-product","3":"status-publish","4":"has-post-thumbnail","6":"product_brand-themeforest","7":"product_cat-comercio-electronico-temas","8":"product_cat-negocio","9":"product_cat-temas","10":"product_tag-themeforest","11":"member-discount","12":"discount-restricted","14":"first","15":"instock","16":"sale","17":"downloadable","18":"virtual","19":"sold-individually","20":"purchasable","21":"product-type-simple"},"_links":{"self":[{"href":"https:\/\/gpl-love.com\/es\/wp-json\/wp\/v2\/product\/112017","targetHints":{"allow":["GET"]}}],"collection":[{"href":"https:\/\/gpl-love.com\/es\/wp-json\/wp\/v2\/product"}],"about":[{"href":"https:\/\/gpl-love.com\/es\/wp-json\/wp\/v2\/types\/product"}],"replies":[{"embeddable":true,"href":"https:\/\/gpl-love.com\/es\/wp-json\/wp\/v2\/comments?post=112017"}],"wp:featuredmedia":[{"embeddable":true,"href":"https:\/\/gpl-love.com\/es\/wp-json\/wp\/v2\/media\/167826"}],"wp:attachment":[{"href":"https:\/\/gpl-love.com\/es\/wp-json\/wp\/v2\/media?parent=112017"}],"wp:term":[{"taxonomy":"product_brand","embeddable":true,"href":"https:\/\/gpl-love.com\/es\/wp-json\/wp\/v2\/product_brand?post=112017"},{"taxonomy":"product_cat","embeddable":true,"href":"https:\/\/gpl-love.com\/es\/wp-json\/wp\/v2\/product_cat?post=112017"},{"taxonomy":"product_tag","embeddable":true,"href":"https:\/\/gpl-love.com\/es\/wp-json\/wp\/v2\/product_tag?post=112017"}],"curies":[{"name":"wp","href":"https:\/\/api.w.org\/{rel}","templated":true}]}}