{"id":112015,"date":"2025-12-04T00:00:00","date_gmt":"2025-12-04T05:00:00","guid":{"rendered":"http:\/\/gpl-love.com\/es\/producto\/wooswatches-woocommerce-color-or-image-variation-swatches\/"},"modified":"2026-03-09T08:27:01","modified_gmt":"2026-03-09T13:27:01","slug":"wooswatches-woocommerce-color-or-image-variation-swatches","status":"publish","type":"product","link":"https:\/\/gpl-love.com\/es\/producto\/wooswatches-woocommerce-color-or-image-variation-swatches\/","title":{"rendered":"WooSwatches Woocommerce Color or Image Variation Swatches 7.0.0"},"content":{"rendered":"<h3>WooSwatches Woocommerce Color or Image Variation Swatches Caracteristicas<\/h3>\n<p>WoosWatches WooCommerce Color o Image Variation Swatches es un complemento indispensable para sitios web de comercio electr\u00f3nico que operan en la plataforma WooCommerce, ya que ofrece la capacidad de exhibir variaciones de productos de manera visualmente atractiva, mediante muestreos cautivadores que pueden representar colores o im\u00e1genes. La instalaci\u00f3n y la utilizaci\u00f3n de este complemento son sin esfuerzo, y abarca una multitud de opciones de personalizaci\u00f3n, atendiendo as\u00ed a diversos requisitos. Mediante este complemento avanzado, los clientes pueden obtener una vista previa sin esfuerzo y seleccionar sus opciones de productos preferidos, lo que culmin\u00f3 en una experiencia de compra perfecta y gratificante. Este complemento es particularmente ventajoso para las empresas que venden productos con innumerables variaciones, como ropa, joyas o dispositivos, ya que no solo mejora la est\u00e9tica general de la tienda, sino que tambi\u00e9n eleva la experiencia del usuario a alturas sin precedentes.<\/p>\n<ul>\n<li>Manera f\u00e1cil de agregar variaciones de color o imagen a los productos de WooCommerce<\/li>\n<li>Permite a los clientes ver el producto en diferentes colores o im\u00e1genes antes de realizar una compra.<\/li>\n<li>Aumenta la experiencia del usuario y la participaci\u00f3n en su sitio web<\/li>\n<li>Ofrece un dise\u00f1o receptivo para dispositivos m\u00f3viles y de tabletas<\/li>\n<li>Proceso de instalaci\u00f3n r\u00e1pido y simple<\/li>\n<li>Ayuda a reducir las devoluciones de productos debido a que a los clientes no les gusta el color o la imagen del art\u00edculo que recibieron<\/li>\n<li>Crea un sitio web de aspecto profesional, aumentando el valor de la marca y la confianza en su tienda.<\/li>\n<li>Funciona con la mayor\u00eda de los temas y complementos de WooCommerce<\/li>\n<li>Soporte y asistencia 24\/7 del equipo de WoosWatches<\/li>\n<li>Puede mejorar las ventas ofreciendo diferentes variaciones y opciones para que el cliente elija.<\/li>\n<\/ul>\n","protected":false},"excerpt":{"rendered":"<p>WoosWatches, un complemento incre\u00edblemente robusto dise\u00f1ado espec\u00edficamente para WooCommerce, se ha desarrollado meticulosamente para integrar las muestras de variaci\u00f3n de color e imagen en su tienda en l\u00ednea, mejorando efectivamente la experiencia de compra general para sus estimados clientes. Al brindarles la conveniencia de seleccionar sin esfuerzo sus opciones de productos preferidos, esta oferta revolucionaria le permite aumentar significativamente las cifras de ventas. Con una versatilidad incomparable, WoosWatches admite una extensa gama de opciones de personalizaci\u00f3n, asegurando una integraci\u00f3n perfecta con la est\u00e9tica de dise\u00f1o \u00fanica de su tienda. Al aprovechar el poder de Wooswatches, puede proporcionar a su clientela valorada una experiencia de compra incomparable, cohesiva y gratificante.<\/p>\n","protected":false},"featured_media":168332,"comment_status":"open","ping_status":"open","template":"","meta":[],"product_brand":[2339],"product_cat":[1207,1248,1206],"product_tag":[1256],"class_list":{"0":"post-112015","1":"product","2":"type-product","3":"status-publish","4":"has-post-thumbnail","6":"product_brand-codecanyon","7":"product_cat-comercio-electronico-plugins","8":"product_cat-personalizacion-comercio-electronico-plugins","9":"product_cat-plugins","10":"product_tag-codecanyon","11":"member-discount","12":"discount-restricted","14":"first","15":"instock","16":"sale","17":"downloadable","18":"virtual","19":"sold-individually","20":"purchasable","21":"product-type-simple"},"_links":{"self":[{"href":"https:\/\/gpl-love.com\/es\/wp-json\/wp\/v2\/product\/112015","targetHints":{"allow":["GET"]}}],"collection":[{"href":"https:\/\/gpl-love.com\/es\/wp-json\/wp\/v2\/product"}],"about":[{"href":"https:\/\/gpl-love.com\/es\/wp-json\/wp\/v2\/types\/product"}],"replies":[{"embeddable":true,"href":"https:\/\/gpl-love.com\/es\/wp-json\/wp\/v2\/comments?post=112015"}],"wp:featuredmedia":[{"embeddable":true,"href":"https:\/\/gpl-love.com\/es\/wp-json\/wp\/v2\/media\/168332"}],"wp:attachment":[{"href":"https:\/\/gpl-love.com\/es\/wp-json\/wp\/v2\/media?parent=112015"}],"wp:term":[{"taxonomy":"product_brand","embeddable":true,"href":"https:\/\/gpl-love.com\/es\/wp-json\/wp\/v2\/product_brand?post=112015"},{"taxonomy":"product_cat","embeddable":true,"href":"https:\/\/gpl-love.com\/es\/wp-json\/wp\/v2\/product_cat?post=112015"},{"taxonomy":"product_tag","embeddable":true,"href":"https:\/\/gpl-love.com\/es\/wp-json\/wp\/v2\/product_tag?post=112015"}],"curies":[{"name":"wp","href":"https:\/\/api.w.org\/{rel}","templated":true}]}}