{"id":112013,"date":"2025-08-19T00:00:00","date_gmt":"2025-08-19T05:00:00","guid":{"rendered":"http:\/\/gpl-love.com\/es\/producto\/ipages-flipbook-pdf-viewer-for-wordpress-plugin\/"},"modified":"2026-03-09T07:43:50","modified_gmt":"2026-03-09T12:43:50","slug":"ipages-flipbook-pdf-viewer-for-wordpress-plugin","status":"publish","type":"product","link":"https:\/\/gpl-love.com\/es\/producto\/ipages-flipbook-pdf-viewer-for-wordpress-plugin\/","title":{"rendered":"iPages Flipbook PDF Viewer For WordPress Plugin 1.5.5"},"content":{"rendered":"<h3>iPages Flipbook PDF Viewer For WordPress Plugin Caracteristicas<\/h3>\n<p>El Visor PDF PDF Ipages Flipbook para el complemento de WordPress es una herramienta indispensable para las personas que buscan generar contenido interactivo y convincente en su sitio de WordPress. Este complemento formidable ofrece la comodidad de transformar sin esfuerzo sus documentos PDF en presentaciones cautivadoras de Flipbook que est\u00e1n garantizadas para ir a su audiencia. Con una gran cantidad de opciones personalizables a su disposici\u00f3n, abarcando animaciones de volteo de p\u00e1gina, funcionalidad de zoom y la capacidad de incorporar elementos multimedia como videos e im\u00e1genes, este complemento lo equipa con todas las herramientas necesarias para fabricar una experiencia de usuario inolvidable e inmersiva. Ya sea que se identifique como blogger, comercializador o profesional creativo, el Visor PDF PDF Ipages para el complemento de WordPress sirve como una soluci\u00f3n \u00f3ptima para exhibir su contenido de una manera innovadora y visualmente estimulante.<\/p>\n<ul>\n<li>Un complemento de WordPress que le permite exhibir sus PDF como Flipbooks interactivos en su sitio web<\/li>\n<li>Interfaz f\u00e1cil de usar con opciones para personalizar el aspecto del Flipbook para que coincida con su marca<\/li>\n<li>Admite m\u00faltiples PDF en un solo Flipbook, lo que le permite combinar contenido relacionado en una experiencia interactiva<\/li>\n<li>El dise\u00f1o de respuesta m\u00f3vil asegura que su Flipbook se vea genial en cualquier dispositivo, desde escritorios hasta tel\u00e9fonos inteligentes<\/li>\n<li>Opci\u00f3n para agregar elementos multimedia como videos, im\u00e1genes y audio a su Flipbook, por lo que es una experiencia atractiva para sus espectadores<\/li>\n<li>Caracter\u00edsticas amigables con SEO, como enlaces de texto y contenido de texto optimizado para motores de b\u00fasqueda<\/li>\n<li>La carga segura y optimizada de archivos PDF garantiza un rendimiento r\u00e1pido y suave para su Flipbook<\/li>\n<li>Soporte para temas de modo claro y oscuro para una experiencia de usuario perfecta<\/li>\n<li>Actualizaciones y soporte regulares disponibles para garantizar una compatibilidad sin problemas con las nuevas versiones y caracter\u00edsticas de WordPress<\/li>\n<li>Se integra con los populares constructores de p\u00e1ginas de WordPress como Elementor, Beaver Builder y Visual Composer, lo que le brinda la flexibilidad de dise\u00f1ar su Flipbook de la manera que desee.<\/li>\n<\/ul>\n","protected":false},"excerpt":{"rendered":"<p>El Visor PDF PDF Ipages para el complemento de WordPress es una herramienta altamente eficiente y \u00fatil que le permite exhibir sus PDF en un formato de Flipbook visualmente cautivador en su sitio web de WordPress. Este complemento ofrece una interfaz f\u00e1cil de usar y permite que la personalizaci\u00f3n sin esfuerzo se alinee sin problemas con su estilo de marca espec\u00edfico. Cuenta con una variedad de caracter\u00edsticas avanzadas, que incluyen marcadores, capacidades de zoom, opciones de intercambio de contenido sin problemas y una funci\u00f3n de b\u00fasqueda, todas las cuales contribuyen a una experiencia de navegaci\u00f3n perfecta y conveniente para su audiencia. Al incorporar este flipbook interactivo y pulido en su sitio web, puede involucrar efectivamente a sus espectadores y mejorar el atractivo general de sus PDF a un nivel sin precedentes.<\/p>\n","protected":false},"featured_media":166483,"comment_status":"open","ping_status":"open","template":"","meta":[],"product_brand":[2339],"product_cat":[1214,1206,1211],"product_tag":[1256],"class_list":{"0":"post-112013","1":"product","2":"type-product","3":"status-publish","4":"has-post-thumbnail","6":"product_brand-codecanyon","7":"product_cat-personalizacion","8":"product_cat-plugins","9":"product_cat-wordpress-plugins","10":"product_tag-codecanyon","11":"member-discount","12":"discount-restricted","14":"first","15":"instock","16":"sale","17":"downloadable","18":"virtual","19":"sold-individually","20":"purchasable","21":"product-type-simple"},"_links":{"self":[{"href":"https:\/\/gpl-love.com\/es\/wp-json\/wp\/v2\/product\/112013","targetHints":{"allow":["GET"]}}],"collection":[{"href":"https:\/\/gpl-love.com\/es\/wp-json\/wp\/v2\/product"}],"about":[{"href":"https:\/\/gpl-love.com\/es\/wp-json\/wp\/v2\/types\/product"}],"replies":[{"embeddable":true,"href":"https:\/\/gpl-love.com\/es\/wp-json\/wp\/v2\/comments?post=112013"}],"wp:featuredmedia":[{"embeddable":true,"href":"https:\/\/gpl-love.com\/es\/wp-json\/wp\/v2\/media\/166483"}],"wp:attachment":[{"href":"https:\/\/gpl-love.com\/es\/wp-json\/wp\/v2\/media?parent=112013"}],"wp:term":[{"taxonomy":"product_brand","embeddable":true,"href":"https:\/\/gpl-love.com\/es\/wp-json\/wp\/v2\/product_brand?post=112013"},{"taxonomy":"product_cat","embeddable":true,"href":"https:\/\/gpl-love.com\/es\/wp-json\/wp\/v2\/product_cat?post=112013"},{"taxonomy":"product_tag","embeddable":true,"href":"https:\/\/gpl-love.com\/es\/wp-json\/wp\/v2\/product_tag?post=112013"}],"curies":[{"name":"wp","href":"https:\/\/api.w.org\/{rel}","templated":true}]}}