{"id":112011,"date":"2022-11-25T00:00:00","date_gmt":"2022-11-25T05:00:00","guid":{"rendered":"http:\/\/gpl-love.com\/es\/producto\/betop-coaching-and-speaker-wordpress-theme\/"},"modified":"2026-03-13T17:16:32","modified_gmt":"2026-03-13T22:16:32","slug":"betop-coaching-and-speaker-wordpress-theme","status":"publish","type":"product","link":"https:\/\/gpl-love.com\/es\/producto\/betop-coaching-and-speaker-wordpress-theme\/","title":{"rendered":"BeTop Coaching y Speaker WordPress Theme 1.1.1"},"content":{"rendered":"<h3>BeTop Coaching y Speaker WordPress Theme Caracteristicas<\/h3>\n<p>El tema de WordPress de Coaching Betop y WordPress, una herramienta incre\u00edblemente poderosa meticulosamente elaborada para entrenadores y oradores, permite la creaci\u00f3n de una presencia en l\u00ednea notablemente pulida. Mostrando un dise\u00f1o exquisitamente contempor\u00e1neo y una interfaz extremadamente f\u00e1cil de usar, este tema ofrece una amplia gama de opciones de personalizaci\u00f3n para facilitar el desarrollo de un sitio web completamente distintivo que representa con precisi\u00f3n su marca. Este tema notablemente conveniente se puede instalar sin esfuerzo y abarca una variedad de caracter\u00edsticas, incluidos widgets personalizados, integraci\u00f3n perfecta con plataformas de redes sociales y t\u00e9cnicas integrales de optimizaci\u00f3n de motores de b\u00fasqueda. Adem\u00e1s, el tema cuenta con un dise\u00f1o receptivo, que garantiza que su sitio web parezca visualmente impresionante e impecablemente funcional en cualquier dispositivo. Adem\u00e1s, incorpora una variedad diversa de p\u00e1ginas y plantillas predise\u00f1adas, proporcion\u00e1ndole un comienzo acelerado a los esfuerzos de creaci\u00f3n de su sitio web. Independientemente de si su experiencia radica en el dominio del coaching de la vida, el habla motivacional o cualquier otro campo, el tema de Coaching Betop y el tema de WordPress de los oradores surge como una opci\u00f3n incomparable para el establecimiento de un sitio web excepcionalmente profesional y notablemente funcional.<\/p>\n<ul>\n<li>-Me tema de WordPress profesional y personalizado dise\u00f1ado para negocios de coaching y habla<\/li>\n<li>-Cons con seis dise\u00f1os de p\u00e1gina de inicio diferentes para elegir<\/li>\n<li>-Entegrado con complementos premium como Slider Revolution y Visual Composer para una f\u00e1cil personalizaci\u00f3n<\/li>\n<li>-Clazca la reserva de citas incorporada y los formularios de contacto<\/li>\n<li>-El dise\u00f1o respondedor asegura una experiencia de visualizaci\u00f3n \u00f3ptima en todos los dispositivos<\/li>\n<li>-Seo-listos con c\u00f3digo optimizado y dise\u00f1o limpio<\/li>\n<li>-Esamente exhibir sus servicios, testimonios y pr\u00f3ximos eventos<\/li>\n<li>-Widget listo con opciones personalizables de barra lateral y pie de p\u00e1gina<\/li>\n<li>-Conos con una funci\u00f3n de importaci\u00f3n de demostraci\u00f3n con un solo clic para configurar r\u00e1pidamente y personalizar su sitio web<\/li>\n<li>-Estar el equipo de atenci\u00f3n al cliente amigable y confiable disponible para ayudar con cualquier pregunta o problema<\/li>\n<\/ul>\n","protected":false},"excerpt":{"rendered":"<p>Descubra el poder del coaching de Betop y el tema de WordPress de los oradores, dise\u00f1ado para elevar su presencia en l\u00ednea. Este tema es un cambio de juego para entrenadores profesionales, oradores motivacionales, terapeutas y entrenadores personales. Con su integraci\u00f3n perfecta con WordPress, Betop ofrece una interfaz f\u00e1cil de usar personalizable para su marca. No es solo un tema, es una plataforma para exhibir su experiencia y servicios, interactuar con su audiencia y hacer crecer su negocio. El tema de Betop WordPress est\u00e1 lleno de caracter\u00edsticas clave como la reserva de citas en l\u00ednea, las capacidades de comercio electr\u00f3nico, los calendarios de eventos y una secci\u00f3n de blog interactiva. Tambi\u00e9n cuenta con un dise\u00f1o amigable para el SEO para aumentar la visibilidad de su sitio web en los motores de b\u00fasqueda. Con Betop, puede crear una presencia en l\u00ednea inspiradora e impactante, atraer clientes potenciales y aumentar su imagen profesional.<\/p>\n","protected":false},"featured_media":165472,"comment_status":"open","ping_status":"open","template":"","meta":[],"product_brand":[2337],"product_cat":[1267,1237,1238],"product_tag":[1391],"class_list":{"0":"post-112011","1":"product","2":"type-product","3":"status-publish","4":"has-post-thumbnail","6":"product_brand-themeforest","7":"product_cat-creativo","8":"product_cat-temas","9":"product_cat-wordpress-temas","10":"product_tag-themeforest","11":"member-discount","12":"discount-restricted","14":"first","15":"instock","16":"sale","17":"downloadable","18":"virtual","19":"sold-individually","20":"purchasable","21":"product-type-simple"},"_links":{"self":[{"href":"https:\/\/gpl-love.com\/es\/wp-json\/wp\/v2\/product\/112011","targetHints":{"allow":["GET"]}}],"collection":[{"href":"https:\/\/gpl-love.com\/es\/wp-json\/wp\/v2\/product"}],"about":[{"href":"https:\/\/gpl-love.com\/es\/wp-json\/wp\/v2\/types\/product"}],"replies":[{"embeddable":true,"href":"https:\/\/gpl-love.com\/es\/wp-json\/wp\/v2\/comments?post=112011"}],"wp:featuredmedia":[{"embeddable":true,"href":"https:\/\/gpl-love.com\/es\/wp-json\/wp\/v2\/media\/165472"}],"wp:attachment":[{"href":"https:\/\/gpl-love.com\/es\/wp-json\/wp\/v2\/media?parent=112011"}],"wp:term":[{"taxonomy":"product_brand","embeddable":true,"href":"https:\/\/gpl-love.com\/es\/wp-json\/wp\/v2\/product_brand?post=112011"},{"taxonomy":"product_cat","embeddable":true,"href":"https:\/\/gpl-love.com\/es\/wp-json\/wp\/v2\/product_cat?post=112011"},{"taxonomy":"product_tag","embeddable":true,"href":"https:\/\/gpl-love.com\/es\/wp-json\/wp\/v2\/product_tag?post=112011"}],"curies":[{"name":"wp","href":"https:\/\/api.w.org\/{rel}","templated":true}]}}