{"id":112009,"date":"2025-12-04T00:00:00","date_gmt":"2025-12-04T05:00:00","guid":{"rendered":"http:\/\/gpl-love.com\/es\/?post_type=product&#038;p=112009"},"modified":"2026-03-09T07:26:32","modified_gmt":"2026-03-09T12:26:32","slug":"custom-user-registration-fields-for-woocommerce","status":"publish","type":"product","link":"https:\/\/gpl-love.com\/es\/producto\/custom-user-registration-fields-for-woocommerce\/","title":{"rendered":"Custom User Registration Fields para WooCommerce 2.2.0"},"content":{"rendered":"<h3>Custom User Registration Fields para WooCommerce Caracteristicas<\/h3>\n<p>Los campos de registro de usuarios personalizados para el complemento WooCommerce sirven como un recurso valioso para los propietarios de tiendas en l\u00ednea que buscan aumentar su formulario de registro. Con este complemento, los propietarios de tiendas pueden incorporar sin esfuerzo campos adicionales en su proceso de registro, lo que permite la recopilaci\u00f3n de informaci\u00f3n crucial, como fechas de nacimiento, manijas de redes sociales y nombres de empresas. Al implementar estos campos adicionales, los propietarios de tiendas obtienen una comprensi\u00f3n m\u00e1s profunda de sus clientes, lo que les permite adaptar sus esfuerzos de marketing de manera m\u00e1s efectiva. La instalaci\u00f3n y la personalizaci\u00f3n de este complemento son sencillos, lo que lo convierte en una opci\u00f3n ideal para las empresas con el objetivo de mejorar su proceso de registro. Adem\u00e1s, este complemento se integra perfectamente con todos los temas y funciones de WooCommerce armoniosamente con otros complementos, lo que garantiza la compatibilidad en m\u00faltiples plataformas. En resumen, los campos de registro de usuarios personalizados para el complemento WooCommerce se destacan como una herramienta esencial para las empresas en l\u00ednea comprometidas a mejorar la experiencia del cliente y expandir su base de clientes.<\/p>\n<ul>\n<li>Permite agregar campos de registro de usuario personalizados a su tienda WooCommerce<\/li>\n<li>Recopile f\u00e1cilmente informaci\u00f3n adicional de sus clientes en el registro<\/li>\n<li>Admite tanto los campos de texto est\u00e1ndar como los men\u00fas desplegables predefinidos<\/li>\n<li>Interfaz f\u00e1cil de usar para agregar y editar campos personalizados<\/li>\n<li>Se pueden hacer campos personalizados requeridos u opcionales<\/li>\n<li>Compatible con todos los temas y extensiones de WooCommerce<\/li>\n<li>Integraci\u00f3n con constructores de p\u00e1ginas de WordPress populares como Elementor y Beaver Builder<\/li>\n<li>Proporciona una forma eficiente de recopilar datos directamente de sus clientes.<\/li>\n<li>Le ayuda a crear una experiencia de compra m\u00e1s personalizada para sus clientes.<\/li>\n<li>Mejora su capacidad para administrar los datos del cliente dentro de su Panel de WooCommerce<\/li>\n<li>F\u00e1cil de instalar, activar y mantener.<\/li>\n<\/ul>\n","protected":false},"excerpt":{"rendered":"<p>Mejore su plataforma de comercio electr\u00f3nico con nuestros campos de registro de usuarios personalizados para WooCommerce. Esta herramienta \u00fanica le permite personalizar su proceso de registro de WooCommerce, brind\u00e1ndole la capacidad de agregar campos personalizados a su formulario de registro de usuario. Esta caracter\u00edstica no solo le permite recopilar informaci\u00f3n adicional sobre sus clientes, sino que tambi\u00e9n garantiza una experiencia m\u00e1s f\u00e1cil de usar para ellos. Con este complemento, puede hacer que su proceso de registro sea m\u00e1s eficiente y efectivo, recopilando los datos que necesita para comprender y servir mejor a sus clientes. Adapte su plataforma WooCommerce a sus necesidades y garantice una experiencia de usuario suave y optimizada con nuestros campos de registro de usuario personalizados para WooCommerce.<\/p>\n","protected":false},"featured_media":165743,"comment_status":"open","ping_status":"open","template":"","meta":[],"product_brand":[2344],"product_cat":[1207,1248,1206],"product_tag":[1423],"class_list":{"0":"post-112009","1":"product","2":"type-product","3":"status-publish","4":"has-post-thumbnail","6":"product_brand-woocommerce","7":"product_cat-comercio-electronico-plugins","8":"product_cat-personalizacion-comercio-electronico-plugins","9":"product_cat-plugins","10":"product_tag-woocommerce","11":"member-discount","12":"discount-restricted","14":"first","15":"instock","16":"sale","17":"downloadable","18":"virtual","19":"sold-individually","20":"purchasable","21":"product-type-simple"},"_links":{"self":[{"href":"https:\/\/gpl-love.com\/es\/wp-json\/wp\/v2\/product\/112009","targetHints":{"allow":["GET"]}}],"collection":[{"href":"https:\/\/gpl-love.com\/es\/wp-json\/wp\/v2\/product"}],"about":[{"href":"https:\/\/gpl-love.com\/es\/wp-json\/wp\/v2\/types\/product"}],"replies":[{"embeddable":true,"href":"https:\/\/gpl-love.com\/es\/wp-json\/wp\/v2\/comments?post=112009"}],"wp:featuredmedia":[{"embeddable":true,"href":"https:\/\/gpl-love.com\/es\/wp-json\/wp\/v2\/media\/165743"}],"wp:attachment":[{"href":"https:\/\/gpl-love.com\/es\/wp-json\/wp\/v2\/media?parent=112009"}],"wp:term":[{"taxonomy":"product_brand","embeddable":true,"href":"https:\/\/gpl-love.com\/es\/wp-json\/wp\/v2\/product_brand?post=112009"},{"taxonomy":"product_cat","embeddable":true,"href":"https:\/\/gpl-love.com\/es\/wp-json\/wp\/v2\/product_cat?post=112009"},{"taxonomy":"product_tag","embeddable":true,"href":"https:\/\/gpl-love.com\/es\/wp-json\/wp\/v2\/product_tag?post=112009"}],"curies":[{"name":"wp","href":"https:\/\/api.w.org\/{rel}","templated":true}]}}