{"id":112005,"date":"2021-08-16T00:00:00","date_gmt":"2021-08-16T05:00:00","guid":{"rendered":"http:\/\/gpl-love.com\/es\/producto\/projectopia-bug-tracker-add-on\/"},"modified":"2026-03-13T17:22:02","modified_gmt":"2026-03-13T22:22:02","slug":"projectopia-bug-tracker-add-on","status":"publish","type":"product","link":"https:\/\/gpl-love.com\/es\/producto\/projectopia-bug-tracker-add-on\/","title":{"rendered":"Handy Handmade Shop WordPress WooCommerce Theme 5.2.1"},"content":{"rendered":"<h3>Handy Handmade Shop WordPress WooCommerce Theme Caracteristicas<\/h3>\n<p>El pr\u00e1ctico tema Handmade Shop WordPress WooCommerce, con su dise\u00f1o vers\u00e1til y moderno, ha sido dise\u00f1ado espec\u00edficamente para tiendas hechas a mano en l\u00ednea. Este tema se integra perfectamente con WooCommerce, proporcionando una plataforma robusta para que los propietarios de tiendas y los clientes se involucren en una experiencia f\u00e1cil e intuitiva. El dise\u00f1o receptivo garantiza que su tienda se vea visualmente atractiva en cualquier dispositivo, mientras que la inclusi\u00f3n de caracter\u00edsticas potentes como filtros de productos, vista r\u00e1pida y funcionalidad de la lista de deseos hace que la navegaci\u00f3n y la compra de productos sean muy f\u00e1ciles. Adem\u00e1s, el proceso de instalaci\u00f3n y personalizaci\u00f3n para el pr\u00e1ctico tema de la tienda hecho a mano es notablemente sencillo, lo que le permite establecer r\u00e1pidamente una tienda en l\u00ednea distintiva y personalizada. Independientemente de si opera un negocio hecho a mano a peque\u00f1a escala o una empresa m\u00e1s grande, la pr\u00e1ctica tienda de WordPress WordPress WooCommerce sirve como la opci\u00f3n ideal para mostrar de manera efectiva sus productos y elevar su presencia digital.<\/p>\n<ul>\n<li>Dise\u00f1ado para tiendas de manualidades hechas a mano<\/li>\n<li>Totalmente personalizable con WordPress y WooCommerce<\/li>\n<li>Dise\u00f1o limpio y moderno<\/li>\n<li>Dise\u00f1o receptivo para dispositivos m\u00f3viles<\/li>\n<li>Constructor de p\u00e1gina f\u00e1cil de usar<\/li>\n<li>P\u00e1gina de inicio personalizable con m\u00faltiples secciones<\/li>\n<li>Cat\u00e1logo de productos con m\u00faltiples opciones de clasificaci\u00f3n<\/li>\n<li>P\u00e1ginas personalizables de productos y pago<\/li>\n<li>Opciones de pago y env\u00edo m\u00faltiples<\/li>\n<li>Integraci\u00f3n con plataformas de redes sociales<\/li>\n<li>SEO amigable con las caracter\u00edsticas de optimizaci\u00f3n incorporadas<\/li>\n<li>Documentaci\u00f3n y apoyo extenso.<\/li>\n<\/ul>\n","protected":false},"excerpt":{"rendered":"<p>Nuestro pr\u00e1ctico tema Handmade Shop WordPress WooCommerce es una excelente opci\u00f3n para tiendas de manualidades hechas a mano o que buscan establecer una tienda en l\u00ednea atractiva y f\u00e1cil de usar. Cuenta con un dise\u00f1o sofisticado y actualizado que proporciona una gran cantidad de posibilidades de personalizaci\u00f3n, asegurando que su tienda se destaque entre la multitud. Este tema no solo es receptivo y amigable con los dispositivos m\u00f3viles, sino que tambi\u00e9n incluye una variedad de caracter\u00edsticas como filtros de productos, zoom de productos y una p\u00e1gina de inicio personalizable. Adem\u00e1s, se integra perfectamente con WooCommerce, simplificando la gesti\u00f3n de pedidos e inventario. No espere m\u00e1s para comenzar a vender sus productos \u00fanicos hechos a mano en l\u00ednea; aproveche nuestra pr\u00e1ctica tienda hecha a mano WordPress WooCommerce Tema de WooCommerce hoy.<\/p>\n","protected":false},"featured_media":166405,"comment_status":"open","ping_status":"open","template":"","meta":[],"product_brand":[2337],"product_cat":[1263,1264,1237],"product_tag":[1391],"class_list":{"0":"post-112005","1":"product","2":"type-product","3":"status-publish","4":"has-post-thumbnail","6":"product_brand-themeforest","7":"product_cat-comercio-electronico-temas","8":"product_cat-negocio","9":"product_cat-temas","10":"product_tag-themeforest","11":"member-discount","12":"discount-restricted","14":"first","15":"instock","16":"sale","17":"downloadable","18":"virtual","19":"sold-individually","20":"purchasable","21":"product-type-simple"},"_links":{"self":[{"href":"https:\/\/gpl-love.com\/es\/wp-json\/wp\/v2\/product\/112005","targetHints":{"allow":["GET"]}}],"collection":[{"href":"https:\/\/gpl-love.com\/es\/wp-json\/wp\/v2\/product"}],"about":[{"href":"https:\/\/gpl-love.com\/es\/wp-json\/wp\/v2\/types\/product"}],"replies":[{"embeddable":true,"href":"https:\/\/gpl-love.com\/es\/wp-json\/wp\/v2\/comments?post=112005"}],"wp:featuredmedia":[{"embeddable":true,"href":"https:\/\/gpl-love.com\/es\/wp-json\/wp\/v2\/media\/166405"}],"wp:attachment":[{"href":"https:\/\/gpl-love.com\/es\/wp-json\/wp\/v2\/media?parent=112005"}],"wp:term":[{"taxonomy":"product_brand","embeddable":true,"href":"https:\/\/gpl-love.com\/es\/wp-json\/wp\/v2\/product_brand?post=112005"},{"taxonomy":"product_cat","embeddable":true,"href":"https:\/\/gpl-love.com\/es\/wp-json\/wp\/v2\/product_cat?post=112005"},{"taxonomy":"product_tag","embeddable":true,"href":"https:\/\/gpl-love.com\/es\/wp-json\/wp\/v2\/product_tag?post=112005"}],"curies":[{"name":"wp","href":"https:\/\/api.w.org\/{rel}","templated":true}]}}