{"id":112003,"date":"2021-03-27T00:00:00","date_gmt":"2021-03-27T05:00:00","guid":{"rendered":"http:\/\/gpl-love.com\/es\/producto\/projectopia-envato-add-on\/"},"modified":"2026-04-10T11:22:16","modified_gmt":"2026-04-10T16:22:16","slug":"projectopia-envato-add-on","status":"publish","type":"product","link":"https:\/\/gpl-love.com\/es\/producto\/projectopia-envato-add-on\/","title":{"rendered":"Projectopia Envato Add-On 2.2"},"content":{"rendered":"<h3>Projectopia Envato Add-On Caracteristicas<\/h3>\n<p>El complemento de Proyectopia Envato es una herramienta notablemente robusta y altamente efectiva que otorga a los usuarios la invaluable oportunidad de obtener acceso a una colecci\u00f3n expansiva y extensa de activos digitales premium de admirado exclusivamente de Envato, lo que les permite elevar y mejorar la calidad y el calibre de sus proyectos significativamente. A trav\u00e9s de la utilizaci\u00f3n de este notable complemento, los usuarios est\u00e1n facultados para explorar e importar sin esfuerzo una amplia gama de elementos de Envato, que abarcan, entre otros, plantillas gr\u00e1ficas, im\u00e1genes de video, pistas musicales y varios otros elementos que son integrales para la culminaci\u00f3n exitosa. y la ejecuci\u00f3n de sus proyectos ProjectOpia, lo que resulta en ahorros sustanciales en t\u00e9rminos de tiempo y esfuerzo. La integraci\u00f3n perfecta que existe entre Projectopia y Envato sirve para garantizar y asegurar a los usuarios la capacidad de crear y fabricar dise\u00f1os y visuales visualmente llamativos y est\u00e9ticamente agradables que exuden un aire de profesionalismo e individualidad, lo que los distingue efectivamente de la competencia. Independientemente de si uno posee experiencia y especializaci\u00f3n en el \u00e1mbito del dise\u00f1o gr\u00e1fico, la edici\u00f3n de videos o incluso la creaci\u00f3n de contenido, es indudablemente evidente que la utilizaci\u00f3n del complemento de envanato de Proyectopia es una necesidad absoluta y una herramienta indispensable que atiende perfectamente y integralmente a los requisitos y demandas multifac\u00e9ticas de todos y cada uno de los proyectos, facilitando as\u00ed su trascendencia y ascenso a alturas de \u00e9xito y logros sin precedentes.<\/p>\n<ul>\n<li>Integre perfectamente ProjectOpia con Envato Market para optimizar la gesti\u00f3n de proyectos<\/li>\n<li>Importar f\u00e1cilmente los art\u00edculos de Envato comprados en ProjectOpia y asignarlos a un proyecto<\/li>\n<li>Rastrear autom\u00e1ticamente las fechas y alertas de vencimiento de la licencia de Envato para evitar violaciones de uso<\/li>\n<li>Genere un informe de uso de Envato detallado para cada proyecto para la facturaci\u00f3n y la transparencia del cliente<\/li>\n<li>Aumentar la eficiencia y ahorrar tiempo eliminando la necesidad de actualizaciones manuales y mantenimiento de registros<\/li>\n<li>Mejorar la comunicaci\u00f3n y la colaboraci\u00f3n con los miembros del equipo teniendo todos los activos del proyecto en una ubicaci\u00f3n central<\/li>\n<li>Mejore la satisfacci\u00f3n del cliente al proporcionar un desglose claro del uso de Envato y los costos asociados con su proyecto.<\/li>\n<\/ul>\n","protected":false},"excerpt":{"rendered":"<p>El complemento de Proyectopia Envato, una herramienta indispensable para los gerentes de proyectos y freelancers que depende del mercado de Envato para sus requisitos de activos digitales, proporciona una integraci\u00f3n perfecta que permite la importaci\u00f3n sin esfuerzo de art\u00edculos comprados directamente a su proyecto ProjectOpia. Dicha integraci\u00f3n perfecta agiliza la gesti\u00f3n de cada aspecto de su proyecto, asegurando un flujo de trabajo simple y eficiente. Al otorgar accesibilidad r\u00e1pida a los elementos de Envato, este complemento reduce efectivamente el tiempo dedicado a buscar, lo que le permite priorizar la entrega de un trabajo de calidad excepcional a sus estimados clientes. Maximice su productividad integrando el complemento ProjectOpia Envato en su flujo de trabajo.<\/p>\n","protected":false},"featured_media":167271,"comment_status":"open","ping_status":"open","template":"","meta":[],"product_brand":[2339],"product_cat":[1214,1206,1211],"product_tag":[1256],"class_list":{"0":"post-112003","1":"product","2":"type-product","3":"status-publish","4":"has-post-thumbnail","6":"product_brand-codecanyon","7":"product_cat-personalizacion","8":"product_cat-plugins","9":"product_cat-wordpress-plugins","10":"product_tag-codecanyon","11":"member-discount","12":"discount-restricted","14":"first","15":"instock","16":"sale","17":"downloadable","18":"virtual","19":"sold-individually","20":"purchasable","21":"product-type-simple"},"_links":{"self":[{"href":"https:\/\/gpl-love.com\/es\/wp-json\/wp\/v2\/product\/112003","targetHints":{"allow":["GET"]}}],"collection":[{"href":"https:\/\/gpl-love.com\/es\/wp-json\/wp\/v2\/product"}],"about":[{"href":"https:\/\/gpl-love.com\/es\/wp-json\/wp\/v2\/types\/product"}],"replies":[{"embeddable":true,"href":"https:\/\/gpl-love.com\/es\/wp-json\/wp\/v2\/comments?post=112003"}],"wp:featuredmedia":[{"embeddable":true,"href":"https:\/\/gpl-love.com\/es\/wp-json\/wp\/v2\/media\/167271"}],"wp:attachment":[{"href":"https:\/\/gpl-love.com\/es\/wp-json\/wp\/v2\/media?parent=112003"}],"wp:term":[{"taxonomy":"product_brand","embeddable":true,"href":"https:\/\/gpl-love.com\/es\/wp-json\/wp\/v2\/product_brand?post=112003"},{"taxonomy":"product_cat","embeddable":true,"href":"https:\/\/gpl-love.com\/es\/wp-json\/wp\/v2\/product_cat?post=112003"},{"taxonomy":"product_tag","embeddable":true,"href":"https:\/\/gpl-love.com\/es\/wp-json\/wp\/v2\/product_tag?post=112003"}],"curies":[{"name":"wp","href":"https:\/\/api.w.org\/{rel}","templated":true}]}}