{"id":112001,"date":"2021-03-27T00:00:00","date_gmt":"2021-03-27T05:00:00","guid":{"rendered":"http:\/\/gpl-love.com\/es\/producto\/projectopia-reporting-add-on\/"},"modified":"2026-04-10T11:22:17","modified_gmt":"2026-04-10T16:22:17","slug":"projectopia-reporting-add-on","status":"publish","type":"product","link":"https:\/\/gpl-love.com\/es\/producto\/projectopia-reporting-add-on\/","title":{"rendered":"Projectopia Reporting Add-On 2.0.4"},"content":{"rendered":"<h3>Projectopia Reporting Add-On Caracteristicas<\/h3>\n<p>El complemento de informes de Proyectopia es una herramienta incre\u00edblemente robusta y sofisticada que ha sido dise\u00f1ada espec\u00edficamente para mejorar y elevar en gran medida su experiencia general de gesti\u00f3n de proyectos al equiparlo con los conocimientos e informes absolutamente esenciales que son absolutamente necesarios para garantizar la m\u00e1xima eficiencia cuando Se trata de tomar decisiones cr\u00edticas. Este invaluable complemento se integra y funciona perfectamente armoniosamente junto con Projectopia, dot\u00e1ndole as\u00ed una amplia e integral gama de opciones y alternativas para generar informes completamente personalizados de manera experta, rastrear sistem\u00e1ticamente todos los gastos de sus proyectos y monitorear continuamente el progreso continuo de Cada proyecto que est\u00e1 administrando actualmente. Al utilizar el an\u00e1lisis y visualizaciones excepcionalmente avanzados que est\u00e1n a su disposici\u00f3n, puede obtener una visi\u00f3n verdaderamente hol\u00edstica y abarcadora de la salud y la viabilidad general de su proyecto y, en consecuencia, puede identificar sin esfuerzo \u00e1reas espec\u00edficas que puedan ser espec\u00edficas que puedan ser en necesidad de mejora o m\u00e1s refinamiento. Adem\u00e1s, este complemento extraordinario tambi\u00e9n le ofrece la capacidad excepcional para exportar sin esfuerzo y guardar sus informes en una multitud de formatos diferentes, como el formato PDF universalmente aceptado, el formato CSV com\u00fanmente utilizado, as\u00ed como el formato de Excel altamente vers\u00e1til. Al incorporar e implementar el complemento de informes ProjectOpia en su proceso de gesti\u00f3n de proyectos, puede optimizar dr\u00e1sticamente y optimizar la totalidad de su proceso de gesti\u00f3n de proyectos, lo que a su vez le permite tomar decisiones constantemente informadas que est\u00e1n garantizadas para generar un Impacto abrumadoramente positivo y favorable en todo su negocio.<\/p>\n<ul>\n<li>Genere informes detallados sobre el progreso del proyecto y el rendimiento del equipo<\/li>\n<li>Exportar informes en m\u00faltiples formatos, incluidos CSV y PDF<\/li>\n<li>Personalice f\u00e1cilmente el contenido y el dise\u00f1o de los informes para satisfacer las necesidades espec\u00edficas del cliente.<\/li>\n<li>Acceda a los datos en tiempo real para garantizar la precisi\u00f3n y la relevancia en cada informe<\/li>\n<li>Ahorre tiempo y aumente la productividad con procesos de informes automatizados<\/li>\n<li>Obtenga una descripci\u00f3n detallada de toda su cartera de proyectos en un informe completo<\/li>\n<li>Monitorear y analizar las m\u00e9tricas clave del proyecto, como el costo, el horario y el alcance<\/li>\n<li>Rastrear el progreso contra los hitos del proyecto e identificar posibles obst\u00e1culos o retrasos<\/li>\n<li>Colaborar con los miembros del equipo en informes de informes y compartir informes de forma segura con clientes y partes interesadas<\/li>\n<li>Mejore el rendimiento y la eficiencia del proyecto mediante el uso de ideas basadas en datos para informar la toma de decisiones.<\/li>\n<\/ul>\n","protected":false},"excerpt":{"rendered":"<p>El complemento de informes de Proyectopia, una herramienta incre\u00edblemente inteligente y altamente eficiente, sirve como un activo invaluable para las empresas que buscan generar informes integrales y meticulosamente adaptados relacionados con su progresi\u00f3n en curso en curso. Esta notable soluci\u00f3n demuestra ser extremadamente vers\u00e1til, acomodando una amplia gama de tipos de informes, al tiempo que otorga a los clientes la invaluable libertad para filtrar datos meticulosamente, definir intrincadamente los dise\u00f1os de informes y exportar datos sin esfuerzo en una multitud de formatos, incluidos, pero no limitados a , Los gustos de PDF, Excel y CVS. Integr\u00e1ndose sin problemas con Proyectopia, este notable complemento garantiza que los datos permanezcan perpetuamente actualizados, lo que garantiza que los clientes puedan acceder convenientemente y analizar meticulosamente los datos del proyecto en tiempo real. Al aprovechar las capacidades formidables del complemento de informes Projectopia, las empresas pueden ajustar a la perfecci\u00f3n sus informes para alinearse impecablemente con sus requisitos \u00fanicos, mitigando as\u00ed la mitigaci\u00f3n notable del nivel de tiempo gastado en los laboriosos informes manuales. Al hacerlo, estas empresas est\u00e1n facultadas para tomar decisiones altamente informadas y basadas en datos que impulsan efectivamente a su empresa.<\/p>\n","protected":false},"featured_media":167272,"comment_status":"open","ping_status":"open","template":"","meta":[],"product_brand":[2339],"product_cat":[1214,1206,1211],"product_tag":[1256],"class_list":{"0":"post-112001","1":"product","2":"type-product","3":"status-publish","4":"has-post-thumbnail","6":"product_brand-codecanyon","7":"product_cat-personalizacion","8":"product_cat-plugins","9":"product_cat-wordpress-plugins","10":"product_tag-codecanyon","11":"member-discount","12":"discount-restricted","14":"first","15":"instock","16":"sale","17":"downloadable","18":"virtual","19":"sold-individually","20":"purchasable","21":"product-type-simple"},"_links":{"self":[{"href":"https:\/\/gpl-love.com\/es\/wp-json\/wp\/v2\/product\/112001","targetHints":{"allow":["GET"]}}],"collection":[{"href":"https:\/\/gpl-love.com\/es\/wp-json\/wp\/v2\/product"}],"about":[{"href":"https:\/\/gpl-love.com\/es\/wp-json\/wp\/v2\/types\/product"}],"replies":[{"embeddable":true,"href":"https:\/\/gpl-love.com\/es\/wp-json\/wp\/v2\/comments?post=112001"}],"wp:featuredmedia":[{"embeddable":true,"href":"https:\/\/gpl-love.com\/es\/wp-json\/wp\/v2\/media\/167272"}],"wp:attachment":[{"href":"https:\/\/gpl-love.com\/es\/wp-json\/wp\/v2\/media?parent=112001"}],"wp:term":[{"taxonomy":"product_brand","embeddable":true,"href":"https:\/\/gpl-love.com\/es\/wp-json\/wp\/v2\/product_brand?post=112001"},{"taxonomy":"product_cat","embeddable":true,"href":"https:\/\/gpl-love.com\/es\/wp-json\/wp\/v2\/product_cat?post=112001"},{"taxonomy":"product_tag","embeddable":true,"href":"https:\/\/gpl-love.com\/es\/wp-json\/wp\/v2\/product_tag?post=112001"}],"curies":[{"name":"wp","href":"https:\/\/api.w.org\/{rel}","templated":true}]}}