{"id":111999,"date":"2021-03-27T00:00:00","date_gmt":"2021-03-27T05:00:00","guid":{"rendered":"http:\/\/gpl-love.com\/es\/producto\/projectopia-woocommerce-add-on\/"},"modified":"2026-04-10T11:22:18","modified_gmt":"2026-04-10T16:22:18","slug":"projectopia-woocommerce-add-on","status":"publish","type":"product","link":"https:\/\/gpl-love.com\/es\/producto\/projectopia-woocommerce-add-on\/","title":{"rendered":"Projectopia WooCommerce Add-On 1.0.4"},"content":{"rendered":"<h3>Projectopia WooCommerce Add-On Caracteristicas<\/h3>\n<p>El complemento ProjectOpia WooCommerce, una herramienta robusta, facilita la integraci\u00f3n perfecta de su tienda WooCommerce con Proyectopia, lo que lo equipa con un sistema integral de gesti\u00f3n de proyectos y facturaci\u00f3n. A trav\u00e9s de este complemento, obtiene la capacidad de manejar sin esfuerzo sus productos, clientes, pedidos y transacciones, todo dentro de la interfaz f\u00e1cil de usar de ProjectOpia. Puede crear y administrar sin esfuerzo proyectos, rastrear el tiempo y los gastos, generar facturas y citas detalladas y proporcionar actualizaciones de estado en tiempo real a sus clientes, asegurando que se mantengan bien informados. La integraci\u00f3n entre Projectopia y WooCommerce garantiza la sincronizaci\u00f3n y las actualizaciones en tiempo real, lo que le permite tener un control completo sobre su negocio de comercio electr\u00f3nico. Independientemente de si usted es propietario de una peque\u00f1a empresa, profesional independiente o agencia, el complemento ProjectOpia WooCommerce es una herramienta indispensable que optimiza su flujo de trabajo y mejora la productividad.<\/p>\n<ul>\n<li>Integraci\u00f3n entre Proyectopia Project Management Software y WooCommerce Online Store Platform<\/li>\n<li>Un tablero centralizado para administrar proyectos, tareas y \u00f3rdenes<\/li>\n<li>Cree autom\u00e1ticamente proyectos y tareas en ProyectOPia cuando se realice un pedido en WooCommerce<\/li>\n<li>Rastrear el progreso del proyecto y el estado del pedido en tiempo real<\/li>\n<li>Administrar productos e inventario de WooCommerce directamente de Proyectopia<\/li>\n<li>Enviar autom\u00e1ticamente las actualizaciones del proyecto y el estado de pedido a los clientes por correo electr\u00f3nico<\/li>\n<li>Personalizar plantillas y listas de tareas para el proyecto para que se ajusten a sus necesidades comerciales espec\u00edficas<\/li>\n<li>Mejorar la eficiencia general y simplificar la comunicaci\u00f3n entre equipos y clientes.<\/li>\n<\/ul>\n","protected":false},"excerpt":{"rendered":"<p>El complemento de Proyectopia WooCommerce presenta un remedio ideal para las empresas que buscan mejorar la eficiencia de sus flujos de trabajo de gesti\u00f3n de proyectos y tienda en l\u00ednea. Al integrar WooCommerce con ProjectOpia, los usuarios obtienen la capacidad de supervisar sin esfuerzo sus inventarios de productos y pedidos de clientes, todo el tiempo monitoreando efectivamente las tareas, el tiempo y los gastos del proyecto a trav\u00e9s de una plataforma \u00fanica y de f\u00e1cil acceso. Este complemento muy robusto facilita la conectividad perfecta entre su tienda en l\u00ednea y herramientas de gesti\u00f3n de proyectos, contribuyendo a una mayor eficiencia operativa, errores minimizados y una mejora general en la productividad. Independientemente de si preside un negocio a peque\u00f1a escala o comenta una gran empresa, el complemento ProjectOpia WooCommerce es un recurso indispensable para cualquier organizaci\u00f3n que aspira a optimizar sus procedimientos de comercio electr\u00f3nico y gesti\u00f3n de proyectos.<\/p>\n","protected":false},"featured_media":167273,"comment_status":"open","ping_status":"open","template":"","meta":[],"product_brand":[2339],"product_cat":[1214,1206,1211],"product_tag":[1256],"class_list":{"0":"post-111999","1":"product","2":"type-product","3":"status-publish","4":"has-post-thumbnail","6":"product_brand-codecanyon","7":"product_cat-personalizacion","8":"product_cat-plugins","9":"product_cat-wordpress-plugins","10":"product_tag-codecanyon","11":"member-discount","12":"discount-restricted","14":"first","15":"instock","16":"sale","17":"downloadable","18":"virtual","19":"sold-individually","20":"purchasable","21":"product-type-simple"},"_links":{"self":[{"href":"https:\/\/gpl-love.com\/es\/wp-json\/wp\/v2\/product\/111999","targetHints":{"allow":["GET"]}}],"collection":[{"href":"https:\/\/gpl-love.com\/es\/wp-json\/wp\/v2\/product"}],"about":[{"href":"https:\/\/gpl-love.com\/es\/wp-json\/wp\/v2\/types\/product"}],"replies":[{"embeddable":true,"href":"https:\/\/gpl-love.com\/es\/wp-json\/wp\/v2\/comments?post=111999"}],"wp:featuredmedia":[{"embeddable":true,"href":"https:\/\/gpl-love.com\/es\/wp-json\/wp\/v2\/media\/167273"}],"wp:attachment":[{"href":"https:\/\/gpl-love.com\/es\/wp-json\/wp\/v2\/media?parent=111999"}],"wp:term":[{"taxonomy":"product_brand","embeddable":true,"href":"https:\/\/gpl-love.com\/es\/wp-json\/wp\/v2\/product_brand?post=111999"},{"taxonomy":"product_cat","embeddable":true,"href":"https:\/\/gpl-love.com\/es\/wp-json\/wp\/v2\/product_cat?post=111999"},{"taxonomy":"product_tag","embeddable":true,"href":"https:\/\/gpl-love.com\/es\/wp-json\/wp\/v2\/product_tag?post=111999"}],"curies":[{"name":"wp","href":"https:\/\/api.w.org\/{rel}","templated":true}]}}