{"id":111997,"date":"2022-09-29T00:00:00","date_gmt":"2022-09-29T05:00:00","guid":{"rendered":"http:\/\/gpl-love.com\/es\/producto\/pages-by-user-role-for-wordpress\/"},"modified":"2026-04-10T11:20:43","modified_gmt":"2026-04-10T16:20:43","slug":"pages-by-user-role-for-wordpress","status":"publish","type":"product","link":"https:\/\/gpl-love.com\/es\/producto\/pages-by-user-role-for-wordpress\/","title":{"rendered":"Pages por User Role para WordPress 1.6.1.98877"},"content":{"rendered":"<h3>Pages por User Role para WordPress Caracteristicas<\/h3>\n<p>El rol de p\u00e1ginas por usuario para el complemento de WordPress es una herramienta incre\u00edblemente impresionante que le otorga la capacidad de regular el acceso a las p\u00e1ginas en su sitio web de WordPress en funci\u00f3n del rol del usuario. Al utilizar este complemento, puede restringir efectivamente el acceso a p\u00e1ginas espec\u00edficas solo a personas con ciertos roles de usuario, como administradores, editores o contribuyentes. Esta funcionalidad din\u00e1mica le permite ejercer un control completo sobre qui\u00e9n puede obtener acceso a informaci\u00f3n confidencial, como documentos internos o p\u00e1ginas privadas, asegurando as\u00ed la m\u00e1xima seguridad de su sitio web. Este complemento no solo es f\u00e1cil de instalar y usar, sino que tambi\u00e9n cuenta con una interfaz notablemente intuitiva que optimiza el proceso de asignaci\u00f3n de permisos para cada p\u00e1gina individual. En general, las p\u00e1ginas del usuario del usuario para WordPress son una herramienta excepcionalmente robusta para administrar el acceso a la p\u00e1gina en su sitio web, sirviendo como un activo indispensable para cualquier propietario del sitio exigente que se esfuerza por mantener un control firme en su contenido.<\/p>\n<ul>\n<li>Permite a los propietarios de sitios de WordPress controlar qu\u00e9 p\u00e1ginas son visibles para roles de usuario espec\u00edficos<\/li>\n<li>Personalizar la navegaci\u00f3n del sitio y la visualizaci\u00f3n de contenido en funci\u00f3n de los roles de usuario<\/li>\n<li>Interfaz simple e intuitiva para administrar permisos de roles de usuario<\/li>\n<li>Aumento de la seguridad del sitio restringiendo el acceso a ciertas p\u00e1ginas<\/li>\n<li>Integraci\u00f3n perfecta con la arquitectura del sitio de WordPress existente<\/li>\n<li>Compatibilidad con complementos y temas populares de WordPress<\/li>\n<li>Actualizaciones y soporte regulares de los desarrolladores para garantizar un rendimiento \u00f3ptimo<\/li>\n<li>Alternativa rentable al desarrollo personalizado de los permisos de la p\u00e1gina de roles del usuario.<\/li>\n<\/ul>\n","protected":false},"excerpt":{"rendered":"<p>Las p\u00e1ginas del rol de usuario para WordPress son un complemento excepcionalmente robusto e influyente que le ofrece la libertad de restringir el acceso a las p\u00e1ginas que dependen de los roles del usuario. Gracias a su notable potencial para generar roles personalizados de los usuarios y asignar permisos precisos, obtiene una autoridad completa sobre la determinaci\u00f3n de qu\u00e9 individuos est\u00e1n autorizados para leer o modificar p\u00e1ginas en su estimado sitio. Ac\u00e9tate a la engorrosa tarea de supervisar manualmente los permisos de los usuarios individuales y adoptar la gesti\u00f3n perfecta y eficiente del control de contenido de su sitio, cortes\u00eda de las p\u00e1ginas inigualizadas por el papel del usuario para WordPress.<\/p>\n","protected":false},"featured_media":167133,"comment_status":"open","ping_status":"open","template":"","meta":[],"product_brand":[2339],"product_cat":[1214,1206,1211],"product_tag":[1256],"class_list":{"0":"post-111997","1":"product","2":"type-product","3":"status-publish","4":"has-post-thumbnail","6":"product_brand-codecanyon","7":"product_cat-personalizacion","8":"product_cat-plugins","9":"product_cat-wordpress-plugins","10":"product_tag-codecanyon","11":"member-discount","12":"discount-restricted","14":"first","15":"instock","16":"sale","17":"downloadable","18":"virtual","19":"sold-individually","20":"purchasable","21":"product-type-simple"},"_links":{"self":[{"href":"https:\/\/gpl-love.com\/es\/wp-json\/wp\/v2\/product\/111997","targetHints":{"allow":["GET"]}}],"collection":[{"href":"https:\/\/gpl-love.com\/es\/wp-json\/wp\/v2\/product"}],"about":[{"href":"https:\/\/gpl-love.com\/es\/wp-json\/wp\/v2\/types\/product"}],"replies":[{"embeddable":true,"href":"https:\/\/gpl-love.com\/es\/wp-json\/wp\/v2\/comments?post=111997"}],"wp:featuredmedia":[{"embeddable":true,"href":"https:\/\/gpl-love.com\/es\/wp-json\/wp\/v2\/media\/167133"}],"wp:attachment":[{"href":"https:\/\/gpl-love.com\/es\/wp-json\/wp\/v2\/media?parent=111997"}],"wp:term":[{"taxonomy":"product_brand","embeddable":true,"href":"https:\/\/gpl-love.com\/es\/wp-json\/wp\/v2\/product_brand?post=111997"},{"taxonomy":"product_cat","embeddable":true,"href":"https:\/\/gpl-love.com\/es\/wp-json\/wp\/v2\/product_cat?post=111997"},{"taxonomy":"product_tag","embeddable":true,"href":"https:\/\/gpl-love.com\/es\/wp-json\/wp\/v2\/product_tag?post=111997"}],"curies":[{"name":"wp","href":"https:\/\/api.w.org\/{rel}","templated":true}]}}