{"id":111995,"date":"2026-03-16T00:00:00","date_gmt":"2026-03-16T05:00:00","guid":{"rendered":"http:\/\/gpl-love.com\/es\/?post_type=product&#038;p=111995"},"modified":"2026-04-05T17:15:22","modified_gmt":"2026-04-05T22:15:22","slug":"divi-essential-all-in-one-creative-design-tools","status":"publish","type":"product","link":"https:\/\/gpl-love.com\/es\/producto\/divi-essential-all-in-one-creative-design-tools\/","title":{"rendered":"Divi Essential All In One Creative Design Tools 5.5.0"},"content":{"rendered":"<h3>Divi Essential All In One Creative Design Tools Caracteristicas<\/h3>\n<p>Divi Essential All in One Creative Design Tools es una extensa colecci\u00f3n de herramientas de dise\u00f1o que ofrece a los usuarios una amplia gama de posibilidades para crear dise\u00f1os web exquisitos. Este notable producto est\u00e1 equipado con una variedad diversa de caracter\u00edsticas que incluyen dise\u00f1os prefabricados personalizables, m\u00f3dulos DIVI y herramientas especializadas que permiten a los usuarios crear dise\u00f1os web distintivos de manera r\u00e1pida y sin esfuerzo. La naturaleza f\u00e1cil de usar de estas herramientas las hace particularmente adecuadas para dise\u00f1adores, desarrolladores o personas que buscan sitios web de calidad profesional de moda sin requerir una comprensi\u00f3n extensa de la codificaci\u00f3n. Al emplear Divi Essential, todo en una herramienta de dise\u00f1o creativo, los usuarios pueden modificar dise\u00f1os receptivos que exudan la brillantez visual en todos los dispositivos. Es una elecci\u00f3n \u00f3ptima para las personas que desean mejorar la experiencia de dise\u00f1o de su sitio web y al tiempo que ahorran un tiempo valioso.<\/p>\n<ul>\n<li>Obtenga acceso a una amplia gama de herramientas de dise\u00f1o creativo en un solo lugar<\/li>\n<li>Crea impresionantes dise\u00f1os web con facilidad y velocidad<\/li>\n<li>Personalice su sitio web y haga que se destaque con dise\u00f1os \u00fanicos y llamativos<\/li>\n<li>Crea sin esfuerzo sitios web receptivos que se ven muy bien en cualquier dispositivo<\/li>\n<li>Ahorre tiempo con plantillas y dise\u00f1os preconstruidos para impulsar su proceso de dise\u00f1o<\/li>\n<li>Disfrute de una experiencia de usuario perfecta con la interfaz intuitiva y f\u00e1cil de usar<\/li>\n<li>Aumente su productividad y eficiencia con las caracter\u00edsticas de dise\u00f1o avanzadas de Divi Essential<\/li>\n<li>Obtenga resultados de aspecto profesional sin necesidad de habilidades o conocimientos de dise\u00f1o extensos<\/li>\n<li>Reciba una excelente atenci\u00f3n al cliente y actualizaciones continuas para mantener sus dise\u00f1os frescos y actualizados<\/li>\n<li>\u00danase a una pr\u00f3spera comunidad de dise\u00f1adores y empresarios que usan Divi Essential para elevar sus dise\u00f1os web.<\/li>\n<\/ul>\n","protected":false},"excerpt":{"rendered":"<p>Desatara su creatividad con Divi Essential, la herramienta de dise\u00f1o todo en uno dise\u00f1ada para catapultar sus habilidades de dise\u00f1o web a nuevas alturas. Este poderoso juego de herramientas abarca una gran cantidad de caracter\u00edsticas premium que simplifican el proceso de dise\u00f1o, por lo que es un esencial absoluto tanto para principiantes como para profesionales experimentados.<\/p>\n<p>Con Divi Essential, puede crear sitios web impresionantes y receptivos con facilidad, gracias a su interfaz f\u00e1cil de usar y su funcionalidad robusta. Ofrece un conjunto completo de herramientas creativas, que incluyen dise\u00f1os prefabricados, plantillas personalizables, configuraciones de dise\u00f1o avanzadas y una gran cantidad de gr\u00e1ficos de alta calidad. Estos atributos le permiten dise\u00f1ar sitios web \u00fanicos que realmente capturen la esencia de su marca e involucren a su audiencia.<\/p>\n<p>Adem\u00e1s, Divi Essential muestra una integraci\u00f3n perfecta con plataformas populares, lo que lo convierte en una herramienta vers\u00e1til que puede adaptarse a sus necesidades espec\u00edficas. Su rendimiento excepcional garantiza que sus sitios web se carguen r\u00e1pidamente, mejorando la experiencia del usuario y aumentan la clasificaci\u00f3n SEO de su sitio.<\/p>\n<p>Ya sea que tenga como objetivo crear un blog minimalista o un sitio complejo de comercio electr\u00f3nico, Divi Essential est\u00e1 equipado con todos los<\/p>\n","protected":false},"featured_media":165782,"comment_status":"open","ping_status":"open","template":"","meta":[],"product_brand":[2415],"product_cat":[1214,1206,1211],"product_tag":[1286],"class_list":{"0":"post-111995","1":"product","2":"type-product","3":"status-publish","4":"has-post-thumbnail","6":"product_brand-elegant-themes","7":"product_cat-personalizacion","8":"product_cat-plugins","9":"product_cat-wordpress-plugins","10":"product_tag-elegant-themes","11":"member-discount","12":"discount-restricted","14":"first","15":"instock","16":"sale","17":"downloadable","18":"virtual","19":"sold-individually","20":"purchasable","21":"product-type-simple"},"_links":{"self":[{"href":"https:\/\/gpl-love.com\/es\/wp-json\/wp\/v2\/product\/111995","targetHints":{"allow":["GET"]}}],"collection":[{"href":"https:\/\/gpl-love.com\/es\/wp-json\/wp\/v2\/product"}],"about":[{"href":"https:\/\/gpl-love.com\/es\/wp-json\/wp\/v2\/types\/product"}],"replies":[{"embeddable":true,"href":"https:\/\/gpl-love.com\/es\/wp-json\/wp\/v2\/comments?post=111995"}],"wp:featuredmedia":[{"embeddable":true,"href":"https:\/\/gpl-love.com\/es\/wp-json\/wp\/v2\/media\/165782"}],"wp:attachment":[{"href":"https:\/\/gpl-love.com\/es\/wp-json\/wp\/v2\/media?parent=111995"}],"wp:term":[{"taxonomy":"product_brand","embeddable":true,"href":"https:\/\/gpl-love.com\/es\/wp-json\/wp\/v2\/product_brand?post=111995"},{"taxonomy":"product_cat","embeddable":true,"href":"https:\/\/gpl-love.com\/es\/wp-json\/wp\/v2\/product_cat?post=111995"},{"taxonomy":"product_tag","embeddable":true,"href":"https:\/\/gpl-love.com\/es\/wp-json\/wp\/v2\/product_tag?post=111995"}],"curies":[{"name":"wp","href":"https:\/\/api.w.org\/{rel}","templated":true}]}}