{"id":111993,"date":"2025-10-02T00:00:00","date_gmt":"2025-10-02T05:00:00","guid":{"rendered":"http:\/\/gpl-love.com\/es\/producto\/prelude-creative-multipurpose-wordpress-theme\/"},"modified":"2026-04-10T11:21:57","modified_gmt":"2026-04-10T16:21:57","slug":"prelude-creative-multipurpose-wordpress-theme","status":"publish","type":"product","link":"https:\/\/gpl-love.com\/es\/producto\/prelude-creative-multipurpose-wordpress-theme\/","title":{"rendered":"Prelude Creative Multipurpose WordPress Theme 1.29"},"content":{"rendered":"<h3>Prelude Creative Multipurpose WordPress Theme Caracteristicas<\/h3>\n<p>El tema Prelude Creative MultipurSose WordPress se destaca como un instrumento excepcionalmente adaptable y fluido para construir sin esfuerzo sitios web visualmente fascinantes. Este tema llega completo con una variedad diversa de componentes de dise\u00f1o personalizables, que comprenden m\u00e1s de 30 opciones distintas para dise\u00f1os de la p\u00e1gina de inicio y una variedad de plantillas de p\u00e1gina predise\u00f1adas. Adem\u00e1s, este tema garantiza que su sitio web permanezca completamente receptivo, garantizando as\u00ed su exquisita apariencia en cualquier dispositivo. Con la inclusi\u00f3n de caracter\u00edsticas potentes como el constructor de p\u00e1ginas de arrastrar y soltar f\u00e1cilmente de uso de usuarios, \u00e1reas de widgets personalizadas y amplias opciones de temas, el proceso de elaboraci\u00f3n de un sitio web de calibre profesional nunca ha sido tan f\u00e1cil. Ya sea que se esfuerce por fabricar una cartera en l\u00ednea, un sitio web corporativo o un blog \u00edntimo, el tema Prelude Creative Creative MultipUrpose WordPress surge como una selecci\u00f3n ideal para alcanzar con \u00e9xito sus objetivos.<\/p>\n<ul>\n<li>Dise\u00f1o totalmente personalizable con paneles de opciones f\u00e1ciles de usar<\/li>\n<li>M\u00e1s de 10 dise\u00f1os \u00fanicos de la p\u00e1gina de inicio para elegir<\/li>\n<li>Soporte de varios idiomas con compatibilidad WPML<\/li>\n<li>WooCommerce listo para la integraci\u00f3n de la tienda en l\u00ednea<\/li>\n<li>M\u00e1s de 100 p\u00e1ginas y plantillas predise\u00f1adas<\/li>\n<li>Dise\u00f1o receptivo y amigable para m\u00f3viles<\/li>\n<li>SEO optimizado para clasificaciones de motores de b\u00fasqueda m\u00e1s altos<\/li>\n<li>Integraci\u00f3n de Google Fonts para opciones de tipograf\u00eda personalizadas<\/li>\n<li>Importar de demostraci\u00f3n de un solo clic para una f\u00e1cil configuraci\u00f3n y personalizaci\u00f3n<\/li>\n<li>Botones y widgets de intercambio de redes sociales integrados<\/li>\n<li>Atenci\u00f3n al cliente 24\/7 y actualizaciones regulares.<\/li>\n<\/ul>\n","protected":false},"excerpt":{"rendered":"<p>Prelude Creative es un tema de WordPress incre\u00edblemente multifac\u00e9tico e inmensamente potente que posee la notable capacidad de servir a una multitud de prop\u00f3sitos. Ya sea que su objetivo sea construir un sitio web de cartera est\u00e9ticamente agradable, un blog atractivo e informativo, o un sitio web comercial cautivador, Prelude Creative cuenta con una amplia gama de caracter\u00edsticas que satisfacen estas diversas necesidades. Con su dise\u00f1o impecablemente elegante y contempor\u00e1neo, dise\u00f1os altamente personalizables y una gran cantidad de opciones flexibles, este tema le permite dise\u00f1ar sin esfuerzo un sitio web que encarna sin problemas su identidad de marca y aspiraciones visionarias. Adem\u00e1s, el tema se ha creado meticulosamente para garantizar una capacidad de respuesta completa, garantizando as\u00ed que su sitio web exude la magnificencia y la funcionalidad en todos los dispositivos. Adem\u00e1s, la interfaz del tema se ha dise\u00f1ado cuidadosamente para ser excepcionalmente f\u00e1cil de usar, y su documentaci\u00f3n integral proporciona asistencia invaluable, facilitando el establecimiento r\u00e1pido y sin problemas de su presencia en l\u00ednea.<\/p>\n","protected":false},"featured_media":167247,"comment_status":"open","ping_status":"open","template":"","meta":[],"product_brand":[2337],"product_cat":[1239,1237,1238],"product_tag":[1391],"class_list":{"0":"post-111993","1":"product","2":"type-product","3":"status-publish","4":"has-post-thumbnail","6":"product_brand-themeforest","7":"product_cat-de-multiples-fines","8":"product_cat-temas","9":"product_cat-wordpress-temas","10":"product_tag-themeforest","11":"member-discount","12":"discount-restricted","14":"first","15":"instock","16":"sale","17":"downloadable","18":"virtual","19":"sold-individually","20":"purchasable","21":"product-type-simple"},"_links":{"self":[{"href":"https:\/\/gpl-love.com\/es\/wp-json\/wp\/v2\/product\/111993","targetHints":{"allow":["GET"]}}],"collection":[{"href":"https:\/\/gpl-love.com\/es\/wp-json\/wp\/v2\/product"}],"about":[{"href":"https:\/\/gpl-love.com\/es\/wp-json\/wp\/v2\/types\/product"}],"replies":[{"embeddable":true,"href":"https:\/\/gpl-love.com\/es\/wp-json\/wp\/v2\/comments?post=111993"}],"wp:featuredmedia":[{"embeddable":true,"href":"https:\/\/gpl-love.com\/es\/wp-json\/wp\/v2\/media\/167247"}],"wp:attachment":[{"href":"https:\/\/gpl-love.com\/es\/wp-json\/wp\/v2\/media?parent=111993"}],"wp:term":[{"taxonomy":"product_brand","embeddable":true,"href":"https:\/\/gpl-love.com\/es\/wp-json\/wp\/v2\/product_brand?post=111993"},{"taxonomy":"product_cat","embeddable":true,"href":"https:\/\/gpl-love.com\/es\/wp-json\/wp\/v2\/product_cat?post=111993"},{"taxonomy":"product_tag","embeddable":true,"href":"https:\/\/gpl-love.com\/es\/wp-json\/wp\/v2\/product_tag?post=111993"}],"curies":[{"name":"wp","href":"https:\/\/api.w.org\/{rel}","templated":true}]}}