{"id":111991,"date":"2023-06-01T00:00:00","date_gmt":"2023-06-01T05:00:00","guid":{"rendered":"http:\/\/gpl-love.com\/es\/?post_type=product&#038;p=111991"},"modified":"2026-04-10T11:21:35","modified_gmt":"2026-04-10T16:21:35","slug":"pinkmart-ajax-theme-for-woocommerce","status":"publish","type":"product","link":"https:\/\/gpl-love.com\/es\/producto\/pinkmart-ajax-theme-for-woocommerce\/","title":{"rendered":"Pinkmart AJAX theme para WooCommerce 3.7.8"},"content":{"rendered":"<h3>Pinkmart AJAX theme para WooCommerce Caracteristicas<\/h3>\n<p>El tema Pinkmart Ajax, especialmente dise\u00f1ado para WooCommerce, sirve como una soluci\u00f3n ejemplar para aquellos en posesi\u00f3n de tiendas de comercio electr\u00f3nico, ya que tiene como objetivo elevar su experiencia de compra en l\u00ednea a nuevas alturas. Este tema particular se enorgullece de lucir un dise\u00f1o de vanguardia e inmaculado, con una interfaz que es suave, aerodin\u00e1mica y notablemente f\u00e1cil de usar, lo que lo convierte en una elecci\u00f3n incomparable para cautivar a su estimada clientela. Vale la pena se\u00f1alar que este tema viene equipado con la innovadora tecnolog\u00eda AJAX, que, a su vez, permite la carga expedita de p\u00e1ginas web, lo que finalmente resulta en una experiencia de compra que es innegablemente perfecta. Adem\u00e1s, es de suma importancia resaltar el hecho de que uno puede personalizar sin esfuerzo este tema, aline\u00e1ndolo con el estilo y las preferencias distintivas de su marca, cortes\u00eda del panel de opciones de tema extensas incluido. Adem\u00e1s, el tema de PinkMart garantiza de todo coraz\u00f3n la compatibilidad de WooCommerce, asegurando as\u00ed que a las personas se les otorgue acceso a una variedad de caracter\u00edsticas y capacidades indispensables que son vitales para la operaci\u00f3n exitosa de sus respectivos esfuerzos de comercio electr\u00f3nico. Con sus alternativas de b\u00fasqueda y filtrado altamente avanzadas, as\u00ed como la incorporaci\u00f3n de m\u00faltiples vistas previas de productos y su funcionalidad de vista r\u00e1pida, es sin duda que el tema Pinkmart Ajax es un activo indispensable para cualquier propietario de una tienda en l\u00ednea que apunta a distinguirse sin esfuerzo. de sus rivales y forjando por delante en esta industria ferozmente competitiva.<\/p>\n<ul>\n<li>Un tema de WooCommerce visualmente impresionante con un dise\u00f1o moderno y elegante<\/li>\n<li>Totalmente receptivo y optimizado para dispositivos m\u00f3viles, proporcionando una excelente experiencia de usuario para los clientes.<\/li>\n<li>Construido con tecnolog\u00eda Ajax para la carga de la p\u00e1gina de Lightning-Fast y la navegaci\u00f3n suave<\/li>\n<li>M\u00faltiples opciones de dise\u00f1o preconstruidas, lo que facilita la personalizaci\u00f3n de su tienda en l\u00ednea<\/li>\n<li>Integrado con complementos populares de WordPress como Visual Composer y Revolution Slider<\/li>\n<li>F\u00e1cil de usar con una interfaz intuitiva, incluso para aquellos con experiencia de dise\u00f1o limitada<\/li>\n<li>Optimizado para SEO, garantizar que su sitio web se ubique bien en los resultados de los motores de b\u00fasqueda<\/li>\n<li>Actualizado regularmente con nuevas funciones y mejoras para mantener su tienda en l\u00ednea antes de la competencia<\/li>\n<li>Excelente soporte al cliente del equipo de Pinkmart para responder cualquier pregunta o ayudar con la resoluci\u00f3n de problemas.<\/li>\n<\/ul>\n","protected":false},"excerpt":{"rendered":"<p>Actualice su tienda en l\u00ednea a un mercado elegante y moderno haciendo uso del tema Pinkmart Ajax dise\u00f1ado espec\u00edficamente para WooCommerce. Al incorporar su dise\u00f1o visualmente atractivo, navegaci\u00f3n sin esfuerzo y funcionalidad de Ajax suave, puede proporcionar a sus clientes una experiencia de compra perfecta que se garantice que genere mayores cifras de ventas y una mayor satisfacci\u00f3n del cliente. Adem\u00e1s, este tema cuenta con una multitud de opciones personalizables, lo que le permite adaptar su sitio web para reflejar el car\u00e1cter distintivo y la profesionalidad de su negocio. No pierda el tiempo y transforme su tienda en l\u00ednea hoy implementando el tema Pinkmart Ajax para WooCommerce.<\/p>\n","protected":false},"featured_media":167217,"comment_status":"open","ping_status":"open","template":"","meta":[],"product_brand":[2337],"product_cat":[1263,1264,1237],"product_tag":[1391],"class_list":{"0":"post-111991","1":"product","2":"type-product","3":"status-publish","4":"has-post-thumbnail","6":"product_brand-themeforest","7":"product_cat-comercio-electronico-temas","8":"product_cat-negocio","9":"product_cat-temas","10":"product_tag-themeforest","11":"member-discount","12":"discount-restricted","14":"first","15":"instock","16":"sale","17":"downloadable","18":"virtual","19":"sold-individually","20":"purchasable","21":"product-type-simple"},"_links":{"self":[{"href":"https:\/\/gpl-love.com\/es\/wp-json\/wp\/v2\/product\/111991","targetHints":{"allow":["GET"]}}],"collection":[{"href":"https:\/\/gpl-love.com\/es\/wp-json\/wp\/v2\/product"}],"about":[{"href":"https:\/\/gpl-love.com\/es\/wp-json\/wp\/v2\/types\/product"}],"replies":[{"embeddable":true,"href":"https:\/\/gpl-love.com\/es\/wp-json\/wp\/v2\/comments?post=111991"}],"wp:featuredmedia":[{"embeddable":true,"href":"https:\/\/gpl-love.com\/es\/wp-json\/wp\/v2\/media\/167217"}],"wp:attachment":[{"href":"https:\/\/gpl-love.com\/es\/wp-json\/wp\/v2\/media?parent=111991"}],"wp:term":[{"taxonomy":"product_brand","embeddable":true,"href":"https:\/\/gpl-love.com\/es\/wp-json\/wp\/v2\/product_brand?post=111991"},{"taxonomy":"product_cat","embeddable":true,"href":"https:\/\/gpl-love.com\/es\/wp-json\/wp\/v2\/product_cat?post=111991"},{"taxonomy":"product_tag","embeddable":true,"href":"https:\/\/gpl-love.com\/es\/wp-json\/wp\/v2\/product_tag?post=111991"}],"curies":[{"name":"wp","href":"https:\/\/api.w.org\/{rel}","templated":true}]}}