{"id":111989,"date":"2021-03-28T00:00:00","date_gmt":"2021-03-28T05:00:00","guid":{"rendered":"http:\/\/gpl-love.com\/es\/?post_type=product&#038;p=111989"},"modified":"2026-03-13T17:29:27","modified_gmt":"2026-03-13T22:29:27","slug":"solutech-security-and-cctv-wordpress-theme","status":"publish","type":"product","link":"https:\/\/gpl-love.com\/es\/producto\/solutech-security-and-cctv-wordpress-theme\/","title":{"rendered":"Solutech 1.4.1"},"content":{"rendered":"<h3>Solutech Caracteristicas<\/h3>\n<p>El tema de Solutech Security y CCTV WordPress, un tema notablemente vers\u00e1til y personalizable, ha sido dise\u00f1ado espec\u00edficamente para satisfacer las necesidades de las compa\u00f1\u00edas de seguridad y vigilancia. Con un dise\u00f1o elegante y profesional, este tema ofrece una variedad de caracter\u00edsticas que permiten a las empresas exhibir eficazmente sus productos y servicios. En particular, la interfaz f\u00e1cil de usar de este tema se acompa\u00f1a de una multitud de p\u00e1ginas y plantillas preconstruidas, racionalizando el proceso de configuraci\u00f3n de un sitio web pulido y sofisticado. Adem\u00e1s, este tema es totalmente receptivo, lo que garantiza que exude la brillantez visual en todo tipo de dispositivos. Si la intenci\u00f3n de uno es desarrollar un sitio web para una empresa de seguridad, un negocio de instalaci\u00f3n de CCTV o un proveedor de equipos de vigilancia, el tema de Solutech Security y CCTV WordPress sirve como una opci\u00f3n excepcional.<\/p>\n<ul>\n<li>Un tema de WordPress receptivo y moderno dise\u00f1ado espec\u00edficamente para empresas de seguridad y CCTV<\/li>\n<li>Cuenta con plantillas de p\u00e1gina preconstruidas para servicios, sobre nosotros, equipo, productos y p\u00e1ginas de contacto<\/li>\n<li>Incluye un poderoso panel de administraci\u00f3n para una f\u00e1cil personalizaci\u00f3n de la configuraci\u00f3n y el dise\u00f1o del tema.<\/li>\n<li>Viene con una variedad de widgets personalizables para mostrar informaci\u00f3n de la empresa, publicaciones recientes y enlaces de redes sociales<\/li>\n<li>Ofrece una variedad de esquemas de color previamente construidos y opciones de fuentes para que coincidan con la identidad de cualquier marca<\/li>\n<li>Se integra con complementos populares de WordPress como WooCommerce, Yoast SEO y el formulario de contacto 7<\/li>\n<li>Incluye un blog totalmente funcional para publicaciones de noticias e ideas de la industria<\/li>\n<li>Ofrece un c\u00f3digo optimizado y velocidades de carga r\u00e1pidas para una experiencia de usuario \u00f3ptima<\/li>\n<li>Compatible con todos los navegadores web modernos, incluidos Chrome, Firefox, Safari y Edge<\/li>\n<li>Proporciona instrucciones f\u00e1ciles de instalaci\u00f3n y configuraci\u00f3n para usuarios novatos de WordPress.<\/li>\n<\/ul>\n","protected":false},"excerpt":{"rendered":"<p>El tema de Solutech Security y CCTV WordPress, con su naturaleza innovadora y moderna, sirve como una soluci\u00f3n altamente efectiva para las compa\u00f1\u00edas de seguridad que pretenden proporcionar servicios de seguridad de primer nivel. Su gran parte de las caracter\u00edsticas avanzadas, junto con su dise\u00f1o elegante y est\u00e9ticamente agradable, lo convierte en la opci\u00f3n ideal para aquellos que buscan establecer una presencia en l\u00ednea profesional y f\u00e1cil de usar. Este tema no solo cuenta con un dise\u00f1o receptivo, sino que tambi\u00e9n ofrece dise\u00f1os de p\u00e1gina personalizables y un panel de administraci\u00f3n f\u00e1cil de usar, asegurando que satisfaga todas sus necesidades. Adem\u00e1s, sus poderosas integraciones de seguridad e CCTV le permiten mostrar sus servicios de la manera m\u00e1s completa posible, lo que le permite atender de manera efectiva a sus clientes. \u00a1No pierda el tiempo y disfrute de los beneficios del tema de Solutech Security y CCTV WordPress al iniciar su sitio web hoy!<\/p>\n","protected":false},"featured_media":167544,"comment_status":"open","ping_status":"open","template":"","meta":[],"product_brand":[2337],"product_cat":[1267,1237,1238],"product_tag":[1391],"class_list":{"0":"post-111989","1":"product","2":"type-product","3":"status-publish","4":"has-post-thumbnail","6":"product_brand-themeforest","7":"product_cat-creativo","8":"product_cat-temas","9":"product_cat-wordpress-temas","10":"product_tag-themeforest","11":"member-discount","12":"discount-restricted","14":"first","15":"instock","16":"sale","17":"downloadable","18":"virtual","19":"sold-individually","20":"purchasable","21":"product-type-simple"},"_links":{"self":[{"href":"https:\/\/gpl-love.com\/es\/wp-json\/wp\/v2\/product\/111989","targetHints":{"allow":["GET"]}}],"collection":[{"href":"https:\/\/gpl-love.com\/es\/wp-json\/wp\/v2\/product"}],"about":[{"href":"https:\/\/gpl-love.com\/es\/wp-json\/wp\/v2\/types\/product"}],"replies":[{"embeddable":true,"href":"https:\/\/gpl-love.com\/es\/wp-json\/wp\/v2\/comments?post=111989"}],"wp:featuredmedia":[{"embeddable":true,"href":"https:\/\/gpl-love.com\/es\/wp-json\/wp\/v2\/media\/167544"}],"wp:attachment":[{"href":"https:\/\/gpl-love.com\/es\/wp-json\/wp\/v2\/media?parent=111989"}],"wp:term":[{"taxonomy":"product_brand","embeddable":true,"href":"https:\/\/gpl-love.com\/es\/wp-json\/wp\/v2\/product_brand?post=111989"},{"taxonomy":"product_cat","embeddable":true,"href":"https:\/\/gpl-love.com\/es\/wp-json\/wp\/v2\/product_cat?post=111989"},{"taxonomy":"product_tag","embeddable":true,"href":"https:\/\/gpl-love.com\/es\/wp-json\/wp\/v2\/product_tag?post=111989"}],"curies":[{"name":"wp","href":"https:\/\/api.w.org\/{rel}","templated":true}]}}