{"id":111987,"date":"2026-02-05T00:00:00","date_gmt":"2026-02-05T05:00:00","guid":{"rendered":"http:\/\/gpl-love.com\/es\/?post_type=product&#038;p=111987"},"modified":"2026-03-13T17:17:04","modified_gmt":"2026-03-13T22:17:04","slug":"breek-minimal-masonry-wordpress-theme","status":"publish","type":"product","link":"https:\/\/gpl-love.com\/es\/producto\/breek-minimal-masonry-wordpress-theme\/","title":{"rendered":"Breek Minimal Masonry WordPress Theme 4.2.1"},"content":{"rendered":"<h3>Breek Minimal Masonry WordPress Theme Caracteristicas<\/h3>\n<p>El tema de WordPress de mamposter\u00eda m\u00ednimo de Breek, con su dise\u00f1o sorprendentemente simple y moderno, ofrece a los usuarios la capacidad de crear sin esfuerzo un sitio web que est\u00e9 limpio e ordenado. Este tema excepcional es particularmente adecuado para personas en campos como blogs, fotograf\u00eda y marketing digital que buscan mostrar su trabajo de una manera visualmente impresionante. Al utilizar su dise\u00f1o de mamposter\u00eda, su contenido no solo ser\u00e1 visualmente atractivo sino tambi\u00e9n meticulosamente organizado. Adem\u00e1s, el dise\u00f1o totalmente receptivo garantiza que su sitio web mantenga su atractivo est\u00e9tico independientemente del dispositivo utilizado para acceder a \u00e9l. Adem\u00e1s de estas caracter\u00edsticas, el tema de WordPress de mamposter\u00eda m\u00ednimo de Breek tambi\u00e9n proporciona una amplia gama de widgets y c\u00f3digos cortos personalizados, lo que permite a los usuarios mejorar f\u00e1cilmente tanto la funcionalidad como la individualidad de su sitio. En conclusi\u00f3n, si se encuentra en busca de un dise\u00f1o de sitio web elegante, intuitivo y f\u00e1cil de usar, el tema de WordPress m\u00ednimo m\u00ednimo de Breek es sin duda una excelente opci\u00f3n.<\/p>\n<ul>\n<li>Dise\u00f1o limpio y moderno<\/li>\n<li>Totalmente receptivo y amigable para m\u00f3viles<\/li>\n<li>Dise\u00f1o de mamposter\u00eda para una organizaci\u00f3n f\u00e1cil de contenido<\/li>\n<li>Incluye varias plantillas de p\u00e1gina y opciones de dise\u00f1o<\/li>\n<li>Secciones de encabezado y pie de p\u00e1gina personalizables<\/li>\n<li>Integraci\u00f3n con plataformas de redes sociales<\/li>\n<li>SEO optimizado para una mejor clasificaci\u00f3n de motores de b\u00fasqueda<\/li>\n<li>Compatible con complementos populares de WordPress<\/li>\n<li>F\u00e1cil de usar y personalizar con el constructor de p\u00e1ginas de arrastrar y soltar<\/li>\n<li>Incluye documentaci\u00f3n y apoyo de desarrolladores de temas.<\/li>\n<\/ul>\n","protected":false},"excerpt":{"rendered":"<p>Experimente la elegancia del tema de WordPress de mamposter\u00eda m\u00ednimo de Breek. Dise\u00f1ado con un dise\u00f1o \u00fanico de mamposter\u00eda, Breek se destaca como un tema vers\u00e1til perfecto para blogueros, artistas o negocios de pasatiempos que buscan exhibir sus productos o servicios de manera sofisticada. El dise\u00f1o m\u00ednimo de Breek, junto con caracter\u00edsticas de alta calidad como mega men\u00fas, widgets personalizados y una variedad de formatos de publicaci\u00f3n, garantiza que su contenido brille y atraiga a clientes potenciales. Ya sea que sea un usuario experimentado de WordPress o un principiante, Breek ofrece una f\u00e1cil instalaci\u00f3n y configuraci\u00f3n. El tema tambi\u00e9n es amigable con SEO, lo que significa que su sitio tiene una mejor oportunidad de clasificar en los motores de b\u00fasqueda. Disfrute de los beneficios del tema de WordPress de mamposter\u00eda m\u00ednimo de Breek y lleve su presencia en l\u00ednea al siguiente nivel.<\/p>\n","protected":false},"featured_media":165554,"comment_status":"open","ping_status":"open","template":"","meta":[],"product_brand":[2337],"product_cat":[1267,1237,1238],"product_tag":[1391],"class_list":{"0":"post-111987","1":"product","2":"type-product","3":"status-publish","4":"has-post-thumbnail","6":"product_brand-themeforest","7":"product_cat-creativo","8":"product_cat-temas","9":"product_cat-wordpress-temas","10":"product_tag-themeforest","11":"member-discount","12":"discount-restricted","14":"first","15":"instock","16":"sale","17":"downloadable","18":"virtual","19":"sold-individually","20":"purchasable","21":"product-type-simple"},"_links":{"self":[{"href":"https:\/\/gpl-love.com\/es\/wp-json\/wp\/v2\/product\/111987","targetHints":{"allow":["GET"]}}],"collection":[{"href":"https:\/\/gpl-love.com\/es\/wp-json\/wp\/v2\/product"}],"about":[{"href":"https:\/\/gpl-love.com\/es\/wp-json\/wp\/v2\/types\/product"}],"replies":[{"embeddable":true,"href":"https:\/\/gpl-love.com\/es\/wp-json\/wp\/v2\/comments?post=111987"}],"wp:featuredmedia":[{"embeddable":true,"href":"https:\/\/gpl-love.com\/es\/wp-json\/wp\/v2\/media\/165554"}],"wp:attachment":[{"href":"https:\/\/gpl-love.com\/es\/wp-json\/wp\/v2\/media?parent=111987"}],"wp:term":[{"taxonomy":"product_brand","embeddable":true,"href":"https:\/\/gpl-love.com\/es\/wp-json\/wp\/v2\/product_brand?post=111987"},{"taxonomy":"product_cat","embeddable":true,"href":"https:\/\/gpl-love.com\/es\/wp-json\/wp\/v2\/product_cat?post=111987"},{"taxonomy":"product_tag","embeddable":true,"href":"https:\/\/gpl-love.com\/es\/wp-json\/wp\/v2\/product_tag?post=111987"}],"curies":[{"name":"wp","href":"https:\/\/api.w.org\/{rel}","templated":true}]}}