{"id":111985,"date":"2022-07-07T00:00:00","date_gmt":"2022-07-07T05:00:00","guid":{"rendered":"http:\/\/gpl-love.com\/es\/?post_type=product&#038;p=111985"},"modified":"2026-03-13T17:17:06","modified_gmt":"2026-03-13T22:17:06","slug":"brikk-directory-and-listing-wordpress-theme","status":"publish","type":"product","link":"https:\/\/gpl-love.com\/es\/producto\/brikk-directory-and-listing-wordpress-theme\/","title":{"rendered":"Brikk Directory y Listing WordPress Theme 1.6.0.9"},"content":{"rendered":"<h3>Brikk Directory y Listing WordPress Theme Caracteristicas<\/h3>\n<p>El tema de WordPress del Directorio y Listado de Brikk es un tema incre\u00edblemente vers\u00e1til y excepcionalmente poderoso que ha sido dise\u00f1ado expertamente con el \u00fanico prop\u00f3sito de facilitar la creaci\u00f3n de sitios web de directorio y listado altamente funcionales y visualmente impresionantes. Con un dise\u00f1o elegante y contempor\u00e1neo, este tema brinda a los usuarios la oportunidad de personalizarlo sin esfuerzo para alinearse perfectamente con su identidad de marca \u00fanica. En virtud de su interfaz notablemente f\u00e1cil de usar, los individuos pueden generar r\u00e1pidamente listados, administrarlos f\u00e1cilmente y agregar sin problemas nuevos seg\u00fan sea necesario. Adem\u00e1s, este tema tambi\u00e9n est\u00e1 equipado con una amplia gama de opciones de b\u00fasqueda avanzadas, capacidades de filtrado basadas en la ubicaci\u00f3n y una variedad de otras funcionalidades que colectivamente sirven para optimizar la experiencia del usuario al garantizar que las personas puedan ubicar sin esfuerzo precisamente lo que est\u00e1n buscando lo que est\u00e1n buscando. para. Adem\u00e1s, es imperativo observar que Brikk responde totalmente, asegurando as\u00ed que ofrece constantemente una presentaci\u00f3n visual excepcional independientemente del dispositivo que se utilice. En resumen, es claro ver que el directorio de Brikk y el tema de WordPress enumeran es una opci\u00f3n excepcional para aquellas personas que buscan crear un directorio o un sitio web de listado impecablemente profesional y sin problemas.<\/p>\n<ul>\n<li>Tema de WordPress totalmente personalizable y f\u00e1cil de usar WordPress<\/li>\n<li>Dise\u00f1o hermoso y moderno con una variedad de opciones de color y dise\u00f1o<\/li>\n<li>Funcionalidad de b\u00fasqueda robusta y flexible, incluidas las opciones de filtrado avanzadas<\/li>\n<li>Formularios de env\u00edo de front-end f\u00e1ciles de usar para empresas e individuos para enviar sus listados<\/li>\n<li>Mapas integrados para b\u00fasquedas y resultados basados \u200b\u200ben la ubicaci\u00f3n<\/li>\n<li>Dise\u00f1o receptivo para una visualizaci\u00f3n \u00f3ptima en cualquier dispositivo<\/li>\n<li>Potentes opciones de monetizaci\u00f3n, incluidos listados pagos y listados destacados<\/li>\n<li>Listo multiling\u00fce, con soporte para complementos de traducci\u00f3n como WPML<\/li>\n<li>Integraci\u00f3n con complementos populares como WooCommerce y el Formulario de contacto 7<\/li>\n<li>Equipo de apoyo dedicado para ayudar con cualquier pregunta o problema<\/li>\n<\/ul>\n","protected":false},"excerpt":{"rendered":"<p>El tema de WordPress del directorio y listado de Brikk es una soluci\u00f3n vers\u00e1til de alto rendimiento dise\u00f1ada para acomodar a varias industrias con facilidad. Con su dise\u00f1o personalizable de UI\/UX y dise\u00f1o receptivo, este tema ofrece una experiencia de navegaci\u00f3n perfecta en cualquier dispositivo. Es perfecto para crear un directorio profesional o un sitio web de listado, lo que permite a su audiencia navegar a trav\u00e9s de su contenido sin esfuerzo. Las caracter\u00edsticas notables incluyen un sistema de b\u00fasqueda avanzado, tablero de usuarios, integraci\u00f3n de Google Maps y sistema de calificaci\u00f3n y revisi\u00f3n. Su sistema de reserva f\u00e1cil de usar le permite administrar citas, mientras que la integraci\u00f3n de WooCommerce le permite configurar una tienda en l\u00ednea en muy poco tiempo. Conf\u00ede en Brikk para proporcionar una plataforma atractiva y f\u00e1cil de usar que aumente su presencia en l\u00ednea al tiempo que mejora la satisfacci\u00f3n del usuario.<\/p>\n","protected":false},"featured_media":165559,"comment_status":"open","ping_status":"open","template":"","meta":[],"product_brand":[2337],"product_cat":[1267,1237,1238],"product_tag":[1391],"class_list":{"0":"post-111985","1":"product","2":"type-product","3":"status-publish","4":"has-post-thumbnail","6":"product_brand-themeforest","7":"product_cat-creativo","8":"product_cat-temas","9":"product_cat-wordpress-temas","10":"product_tag-themeforest","11":"member-discount","12":"discount-restricted","14":"first","15":"instock","16":"sale","17":"downloadable","18":"virtual","19":"sold-individually","20":"purchasable","21":"product-type-simple"},"_links":{"self":[{"href":"https:\/\/gpl-love.com\/es\/wp-json\/wp\/v2\/product\/111985","targetHints":{"allow":["GET"]}}],"collection":[{"href":"https:\/\/gpl-love.com\/es\/wp-json\/wp\/v2\/product"}],"about":[{"href":"https:\/\/gpl-love.com\/es\/wp-json\/wp\/v2\/types\/product"}],"replies":[{"embeddable":true,"href":"https:\/\/gpl-love.com\/es\/wp-json\/wp\/v2\/comments?post=111985"}],"wp:featuredmedia":[{"embeddable":true,"href":"https:\/\/gpl-love.com\/es\/wp-json\/wp\/v2\/media\/165559"}],"wp:attachment":[{"href":"https:\/\/gpl-love.com\/es\/wp-json\/wp\/v2\/media?parent=111985"}],"wp:term":[{"taxonomy":"product_brand","embeddable":true,"href":"https:\/\/gpl-love.com\/es\/wp-json\/wp\/v2\/product_brand?post=111985"},{"taxonomy":"product_cat","embeddable":true,"href":"https:\/\/gpl-love.com\/es\/wp-json\/wp\/v2\/product_cat?post=111985"},{"taxonomy":"product_tag","embeddable":true,"href":"https:\/\/gpl-love.com\/es\/wp-json\/wp\/v2\/product_tag?post=111985"}],"curies":[{"name":"wp","href":"https:\/\/api.w.org\/{rel}","templated":true}]}}