{"id":111982,"date":"2025-04-27T00:00:00","date_gmt":"2025-04-27T05:00:00","guid":{"rendered":"http:\/\/gpl-love.com\/es\/producto\/affiliatewp-direct-link-tracking\/"},"modified":"2026-03-09T07:16:51","modified_gmt":"2026-03-09T12:16:51","slug":"affiliatewp-direct-tracking","status":"publish","type":"product","link":"https:\/\/gpl-love.com\/es\/producto\/affiliatewp-direct-tracking\/","title":{"rendered":"AffiliateWP Direct Link Tracking 1.3.3"},"content":{"rendered":"<h3>AffiliateWP Direct Link Tracking Caracteristicas<\/h3>\n<p>AffiliateWP Direct Link Tracking cuenta con una capacidad formidable en el \u00e1mbito de rastrear referencias y ventas para propietarios de sitios web y afiliados por igual. Aprovechar su tecnolog\u00eda de seguimiento de vanguardia, el seguimiento de enlaces directos tiene la capacidad de monitorear meticulosamente las referencias incluso si se originan en enlaces no afiliados, que abarcan varios canales como publicaciones en las redes sociales, campa\u00f1as de correo electr\u00f3nico o incluso promociones fuera de l\u00ednea. Esta invaluable herramienta garantiza que los afiliados sean debidamente acreditados por sus referencias, fomentando as\u00ed una motivaci\u00f3n elevada, estrategias de marketing mejoradas e ingresos aumentados. Adem\u00e1s, el seguimiento de enlaces directo permite a los propietarios de sitios web establecer enlaces de seguimiento personalizados, monitorear los clics e impresiones, y proporcionar sus afiliados informes exhaustivos. Independientemente de si usted es un vendedor afiliado o propietario de un sitio web, el seguimiento de enlaces directos de AffiliateWP surge como un instrumento indispensable para optimizar sus esfuerzos de marketing de afiliaci\u00f3n y maximizar sus m\u00e1rgenes de ganancias.<\/p>\n<ul>\n<li>Seguimiento de enlaces de afiliados a optimizado y preciso<\/li>\n<li>Permite vincular directamente a productos y p\u00e1ginas, sin pasar por la necesidad de URL de tocador<\/li>\n<li>Simplifica el proceso de marketing de afiliaci\u00f3n para afiliados y comerciantes<\/li>\n<li>Proporciona informes detallados sobre clics, referencias y ganancias<\/li>\n<li>Ofrece configuraciones e integraci\u00f3n personalizables con plataformas de comercio electr\u00f3nico populares<\/li>\n<li>Automatizar el c\u00e1lculo y el pago de la comisi\u00f3n para una gesti\u00f3n m\u00e1s f\u00e1cil<\/li>\n<li>Aumenta la confianza y la transparencia en las relaciones de afiliados al eliminar el potencial de enlaces rotos o manipulados.<\/li>\n<\/ul>\n","protected":false},"excerpt":{"rendered":"<p>AffiliateWP Direct Link Tracking, una herramienta de marketing de afiliaci\u00f3n de nivel empresarial, es un recurso muy poderoso que le permite rastrear de cerca el rendimiento de sus enlaces de afiliados con precisi\u00f3n. Este innovador complemento de marketing de afiliaci\u00f3n ofrece la facilidad de crear enlaces de afiliados directos, monitorear los clics de los enlaces de afiliados y evaluar cr\u00edticamente informes de afiliados integrales. El objetivo es ajustar y mejorar sus estrategias de marketing de afiliaci\u00f3n a alturas incomparables. De hecho, AffiliateWP para el crecimiento empresarial es un activo cr\u00edtico que cada compa\u00f1\u00eda con el objetivo de impulsar sus esfuerzos de marketing de afiliaci\u00f3n y aumentar sus ganancias financieras deber\u00eda tener. Esta herramienta de vanguardia no solo refina sus estrategias de marketing, sino que tambi\u00e9n ayuda a aumentar las ganancias monetarias con AffiliateWP. El seguimiento de rendimiento con AffiliateWP permite el seguimiento preciso de los clics de afiliados, optimizando as\u00ed sus estrategias de marketing a nuevos niveles.<\/p>\n","protected":false},"featured_media":165316,"comment_status":"open","ping_status":"closed","template":"","meta":[],"product_brand":[2357],"product_cat":[1207,1225,1206],"product_tag":[1227],"class_list":{"0":"post-111982","1":"product","2":"type-product","3":"status-publish","4":"has-post-thumbnail","6":"product_brand-affiliate-wp","7":"product_cat-comercio-electronico-plugins","8":"product_cat-marketing","9":"product_cat-plugins","10":"product_tag-affiliate-wp","11":"member-discount","12":"discount-restricted","14":"first","15":"instock","16":"sale","17":"downloadable","18":"virtual","19":"sold-individually","20":"purchasable","21":"product-type-simple"},"_links":{"self":[{"href":"https:\/\/gpl-love.com\/es\/wp-json\/wp\/v2\/product\/111982","targetHints":{"allow":["GET"]}}],"collection":[{"href":"https:\/\/gpl-love.com\/es\/wp-json\/wp\/v2\/product"}],"about":[{"href":"https:\/\/gpl-love.com\/es\/wp-json\/wp\/v2\/types\/product"}],"replies":[{"embeddable":true,"href":"https:\/\/gpl-love.com\/es\/wp-json\/wp\/v2\/comments?post=111982"}],"wp:featuredmedia":[{"embeddable":true,"href":"https:\/\/gpl-love.com\/es\/wp-json\/wp\/v2\/media\/165316"}],"wp:attachment":[{"href":"https:\/\/gpl-love.com\/es\/wp-json\/wp\/v2\/media?parent=111982"}],"wp:term":[{"taxonomy":"product_brand","embeddable":true,"href":"https:\/\/gpl-love.com\/es\/wp-json\/wp\/v2\/product_brand?post=111982"},{"taxonomy":"product_cat","embeddable":true,"href":"https:\/\/gpl-love.com\/es\/wp-json\/wp\/v2\/product_cat?post=111982"},{"taxonomy":"product_tag","embeddable":true,"href":"https:\/\/gpl-love.com\/es\/wp-json\/wp\/v2\/product_tag?post=111982"}],"curies":[{"name":"wp","href":"https:\/\/api.w.org\/{rel}","templated":true}]}}