{"id":111980,"date":"2021-11-12T00:00:00","date_gmt":"2021-11-12T05:00:00","guid":{"rendered":"http:\/\/gpl-love.com\/es\/producto\/affiliatewp-zapier\/"},"modified":"2026-03-09T07:17:10","modified_gmt":"2026-03-09T12:17:10","slug":"affiliatewp-zapier","status":"publish","type":"product","link":"https:\/\/gpl-love.com\/es\/producto\/affiliatewp-zapier\/","title":{"rendered":"AffiliateWP Zapier 1.4"},"content":{"rendered":"<h3>AffiliateWP Zapier Caracteristicas<\/h3>\n<p>Affiliatewp Zapier, una s\u00f3lida herramienta de automatizaci\u00f3n, facilita la integraci\u00f3n perfecta entre AffiliateWP y muchas otras aplicaciones web, permitiendo as\u00ed la automatizaci\u00f3n sin esfuerzo de los procesos de marketing de afiliaci\u00f3n, incluso sin ninguna experiencia t\u00e9cnica. En virtud de sus capacidades, AffiliateWP Zapier faculta a los usuarios generar desencadenantes y acciones que facilitan la sincronizaci\u00f3n de datos, la automatizaci\u00f3n de tareas y la mejora del flujo de trabajo. Adem\u00e1s, facilita la racionalizaci\u00f3n de las campa\u00f1as de marketing al establecer conexiones entre AffiliateWP y Software de marketing por correo electr\u00f3nico, sistemas CRM, cuentas de redes sociales y varias otras herramientas. El resultado es un programa de marketing de afiliaci\u00f3n altamente eficiente y efectivo que no solo ahorra un tiempo valioso, sino que tambi\u00e9n aumenta la generaci\u00f3n de ingresos. Independientemente de si posee una experiencia significativa en el \u00e1mbito del marketing de afiliaci\u00f3n o se est\u00e1 embarcando en su viaje, Affiliatewp Zapier sirve como una soluci\u00f3n ideal para facilitar la expansi\u00f3n de los negocios.<\/p>\n<ul>\n<li>Integra AffiliateWP con Zapier, lo que facilita la automatizaci\u00f3n de tareas y conexiones entre diferentes aplicaciones<\/li>\n<li>Le permite crear desencadenantes y acciones en Zapier basadas en eventos AffiliateWP, como nuevas referencias, pagos de comisiones o registros de usuarios<\/li>\n<li>Proporciona una amplia gama de posibles integraciones con otras aplicaciones y plataformas populares, que incluyen CRMS, herramientas de marketing por correo electr\u00f3nico, redes sociales y m\u00e1s<\/li>\n<li>Le permite personalizar los datos y el intercambio de informaci\u00f3n entre Affiliatewp y Zapier, para que pueda enviar y recibir exactamente lo que necesita<\/li>\n<li>Simplifica flujos de trabajo complejos y reduce el esfuerzo manual al automatizar tareas repetitivas o que requieren mucho tiempo<\/li>\n<li>Mejora sus capacidades de marketing de afiliaci\u00f3n al brindarle m\u00e1s control sobre c\u00f3mo maneja y analiza datos, rastrea las conversiones y mide el rendimiento<\/li>\n<li>Ofrece opciones de precios flexibles y per\u00edodos de prueba gratuitos, por lo que puede probar la funcionalidad antes de comprometerse con una suscripci\u00f3n paga<\/li>\n<li>Proporciona documentaci\u00f3n \u00fatil, foros de soporte y asistencia al cliente para guiarlo a trav\u00e9s del proceso de configuraci\u00f3n y configuraci\u00f3n<\/li>\n<li>Es compatible con AffiliateWP y Zapier, asegurando una integraci\u00f3n y compatibilidad suaves en diferentes sistemas y dispositivos.<\/li>\n<\/ul>\n","protected":false},"excerpt":{"rendered":"<p>Affiliatewp Zapier es la mejor soluci\u00f3n para el marketing de afiliaci\u00f3n, que sirve como una herramienta de integraci\u00f3n excepcionalmente robusta. Redacci\u00f3n del marketing de afiliados mediante la automatizaci\u00f3n de procedimientos y estableciendo una conexi\u00f3n entre su cuenta AffiliateWP y muchas otras aplicaciones. Esto da como resultado una integraci\u00f3n perfecta de su programa de afiliados, que puede revolucionar su integraci\u00f3n de herramientas de rutina diaria.<\/p>\n<p>La herramienta de integraci\u00f3n AffiliateWP Zapier est\u00e1 dise\u00f1ada para desencadenar acciones en respuesta a eventos espec\u00edficos, mejorando su capacidad para administrar flujos de trabajo automatizados. Los eventos pueden variar desde registros de afiliados a trav\u00e9s de Affiliatewp Zapier hasta ventas y otros hitos significativos.<\/p>\n<p>Con Affiliatewp Zapier, la automatizaci\u00f3n de sus informes de afiliados se vuelve muy f\u00e1cil. Tambi\u00e9n refuerza sus esfuerzos promocionales de las redes sociales, lo que permite campa\u00f1as m\u00e1s efectivas. Adem\u00e1s, ayuda a optimizar sus campa\u00f1as de correo electr\u00f3nico, proporcionando un impulso a su estrategia de marketing general.<\/p>\n<p>Mejorar las ventas con AffiliateWP Zapier es sencillo debido a su capacidad para facilitar la integraci\u00f3n suave de varias herramientas y servicios que forman parte de su rutina diaria. Entonces si est\u00e1s buscando<\/p>\n","protected":false},"featured_media":165329,"comment_status":"open","ping_status":"open","template":"","meta":[],"product_brand":[2357],"product_cat":[1207,1225,1206],"product_tag":[1227],"class_list":{"0":"post-111980","1":"product","2":"type-product","3":"status-publish","4":"has-post-thumbnail","6":"product_brand-affiliate-wp","7":"product_cat-comercio-electronico-plugins","8":"product_cat-marketing","9":"product_cat-plugins","10":"product_tag-affiliate-wp","11":"member-discount","12":"discount-restricted","14":"first","15":"instock","16":"sale","17":"downloadable","18":"virtual","19":"sold-individually","20":"purchasable","21":"product-type-simple"},"_links":{"self":[{"href":"https:\/\/gpl-love.com\/es\/wp-json\/wp\/v2\/product\/111980","targetHints":{"allow":["GET"]}}],"collection":[{"href":"https:\/\/gpl-love.com\/es\/wp-json\/wp\/v2\/product"}],"about":[{"href":"https:\/\/gpl-love.com\/es\/wp-json\/wp\/v2\/types\/product"}],"replies":[{"embeddable":true,"href":"https:\/\/gpl-love.com\/es\/wp-json\/wp\/v2\/comments?post=111980"}],"wp:featuredmedia":[{"embeddable":true,"href":"https:\/\/gpl-love.com\/es\/wp-json\/wp\/v2\/media\/165329"}],"wp:attachment":[{"href":"https:\/\/gpl-love.com\/es\/wp-json\/wp\/v2\/media?parent=111980"}],"wp:term":[{"taxonomy":"product_brand","embeddable":true,"href":"https:\/\/gpl-love.com\/es\/wp-json\/wp\/v2\/product_brand?post=111980"},{"taxonomy":"product_cat","embeddable":true,"href":"https:\/\/gpl-love.com\/es\/wp-json\/wp\/v2\/product_cat?post=111980"},{"taxonomy":"product_tag","embeddable":true,"href":"https:\/\/gpl-love.com\/es\/wp-json\/wp\/v2\/product_tag?post=111980"}],"curies":[{"name":"wp","href":"https:\/\/api.w.org\/{rel}","templated":true}]}}