{"id":111978,"date":"2024-06-22T00:00:00","date_gmt":"2024-06-22T05:00:00","guid":{"rendered":"http:\/\/gpl-love.com\/es\/producto\/affiliatewp-custom-affiliate-slugs\/"},"modified":"2026-03-09T07:16:50","modified_gmt":"2026-03-09T12:16:50","slug":"affiliatewp-custom-affiliate-slugs","status":"publish","type":"product","link":"https:\/\/gpl-love.com\/es\/producto\/affiliatewp-custom-affiliate-slugs\/","title":{"rendered":"AffiliateWP Custom Affiliate Slugs 1.3.0"},"content":{"rendered":"<h3>AffiliateWP Custom Affiliate Slugs Caracteristicas<\/h3>\n<p>Affiliatewp Custom Affiliate Slugs es una herramienta extremadamente potente y robusta que otorga a los propietarios del sitio web la capacidad de adaptar y personalizar sus enlaces de afiliados de acuerdo con sus preferencias y deseos individuales. Este complemento excepcional sirve para facilitar la creaci\u00f3n de URL distintas e indelebles que poseen un elevado nivel de facilidad cuando se trata de recordar y promoci\u00f3n, que finalmente culminan en un aumento sustancial de conversiones y ventas. Al emplear esta herramienta invaluable, se puede crear babosas personalizadas que abarquen su propia denominaci\u00f3n de marca \u00fanica o cualquier otra palabra clave pertinente y pertinente, simplificando as\u00ed el proceso de afiliados para respaldar y abogar de manera efectiva y eficiente para los productos o servicios de uno. Adem\u00e1s, las babosas de afiliados personalizados AffiliateWP tambi\u00e9n incluyen una interfaz intuitiva que hace que la gesti\u00f3n y el monitoreo de los vinculaciones de afiliados sean un esfuerzo incre\u00edblemente f\u00e1cil y simplificado. Por lo tanto, si te encuentras anhelando amplificar y aumentar tus \u00e9xitos en el \u00e1mbito del marketing de afiliaci\u00f3n, las babosas de afiliados personalizadas AffiliateWP son una soluci\u00f3n ideal y ejemplar que est\u00e1 garantizada para ayudarte a realizar triunfalmente y alcanzar tus ambiciosas objetivos y aspiraciones.<\/p>\n<ul>\n<li>Cree babosas \u00fanicas y personalizadas para que los afiliados se utilicen al promocionar sus productos o servicios<\/li>\n<li>Personalice la estructura de sus babosas afiliadas para que coincida con su marca o para que sean f\u00e1ciles de recordar<\/li>\n<li>Mejorar el seguimiento y el an\u00e1lisis incluyendo palabras clave o n\u00fameros espec\u00edficos en sus babosas de afiliados<\/li>\n<li>Aumentar el reconocimiento de marca y la credibilidad mediante el uso de babosas de marca en lugar de las gen\u00e9ricas<\/li>\n<li>Fomentar la participaci\u00f3n y el compromiso de los afiliados d\u00e1ndoles la capacidad de personalizar sus propias babosas<\/li>\n<li>Boost SEO incluyendo palabras clave espec\u00edficas en sus babosas afiliadas<\/li>\n<li>Administre f\u00e1cilmente las babosas de afiliados dentro del tablero de afiliosewp, incluida la edici\u00f3n o eliminaci\u00f3n de ellas seg\u00fan sea necesario<\/li>\n<li>Mejore la experiencia del usuario tanto para afiliados como para clientes mediante el uso de babosas claras y memorables que representan con precisi\u00f3n sus productos o servicios.<\/li>\n<\/ul>\n","protected":false},"excerpt":{"rendered":"<p>AffiliateWP Custom Affiliate Slugs, una herramienta afiliada inmensamente poderosa, ofrece una plataforma notable para generar URL afiliadas personalizadas. Le presenta la capacidad de crear babosas afiliadas distintivas, asegurando as\u00ed que sus URL afiliadas no solo est\u00e9n centradas en la marca sino tambi\u00e9n memorables.<\/p>\n<p>Este notable complemento de afiliados est\u00e1 dise\u00f1ado para mejorar sus esfuerzos de marketing de afiliaci\u00f3n al proporcionar una generaci\u00f3n de URL afiliada sin esfuerzo. Tambi\u00e9n ayuda en el retiro y la difusi\u00f3n de afiliados al ofrecer URL \u00fanicas y memorables. Las caracter\u00edsticas de las babosas de afiliados personalizados de AffiliateWP van m\u00e1s all\u00e1 de la generaci\u00f3n de URL, tambi\u00e9n ayuda a monitorear el rendimiento de los afiliados, lo que le permite evaluar el \u00e9xito de sus estrategias de marketing.<\/p>\n<p>La adquisici\u00f3n de Babosas de afiliados personalizados AffiliateWP puede conducir a la formaci\u00f3n de relaciones de afiliaci\u00f3n s\u00f3lidas y asociaciones afiliadas duraderas. No es solo un complemento, sino un medio para personalizar las babosas para los afiliados, lo que les permite diferenciarse en un mercado competitivo.<\/p>\n<p>Con el complemento AffiliateWP para el marketing de afiliaci\u00f3n, puede mejorar sus esfuerzos de marketing y forjar sociedades de afiliaci\u00f3n fuertes. Entonces, no te pierdas esta oportunidad de elevar<\/p>\n","protected":false},"featured_media":165315,"comment_status":"open","ping_status":"open","template":"","meta":[],"product_brand":[2357],"product_cat":[1207,1225,1206],"product_tag":[1227],"class_list":{"0":"post-111978","1":"product","2":"type-product","3":"status-publish","4":"has-post-thumbnail","6":"product_brand-affiliate-wp","7":"product_cat-comercio-electronico-plugins","8":"product_cat-marketing","9":"product_cat-plugins","10":"product_tag-affiliate-wp","11":"member-discount","12":"discount-restricted","14":"first","15":"instock","16":"sale","17":"downloadable","18":"virtual","19":"sold-individually","20":"purchasable","21":"product-type-simple"},"_links":{"self":[{"href":"https:\/\/gpl-love.com\/es\/wp-json\/wp\/v2\/product\/111978","targetHints":{"allow":["GET"]}}],"collection":[{"href":"https:\/\/gpl-love.com\/es\/wp-json\/wp\/v2\/product"}],"about":[{"href":"https:\/\/gpl-love.com\/es\/wp-json\/wp\/v2\/types\/product"}],"replies":[{"embeddable":true,"href":"https:\/\/gpl-love.com\/es\/wp-json\/wp\/v2\/comments?post=111978"}],"wp:featuredmedia":[{"embeddable":true,"href":"https:\/\/gpl-love.com\/es\/wp-json\/wp\/v2\/media\/165315"}],"wp:attachment":[{"href":"https:\/\/gpl-love.com\/es\/wp-json\/wp\/v2\/media?parent=111978"}],"wp:term":[{"taxonomy":"product_brand","embeddable":true,"href":"https:\/\/gpl-love.com\/es\/wp-json\/wp\/v2\/product_brand?post=111978"},{"taxonomy":"product_cat","embeddable":true,"href":"https:\/\/gpl-love.com\/es\/wp-json\/wp\/v2\/product_cat?post=111978"},{"taxonomy":"product_tag","embeddable":true,"href":"https:\/\/gpl-love.com\/es\/wp-json\/wp\/v2\/product_tag?post=111978"}],"curies":[{"name":"wp","href":"https:\/\/api.w.org\/{rel}","templated":true}]}}