{"id":111976,"date":"2025-04-27T00:00:00","date_gmt":"2025-04-27T05:00:00","guid":{"rendered":"http:\/\/gpl-love.com\/es\/producto\/affiliatewp-signup-referrals\/"},"modified":"2026-03-09T07:17:06","modified_gmt":"2026-03-09T12:17:06","slug":"affiliatewp-signup-referrals","status":"publish","type":"product","link":"https:\/\/gpl-love.com\/es\/producto\/affiliatewp-signup-referrals\/","title":{"rendered":"AffiliateWP Signup Referrals 1.2.1"},"content":{"rendered":"<h3>AffiliateWP Signup Referrals Caracteristicas<\/h3>\n<p>Las referencias de registro de AffiliateWP son una herramienta muy potente y efectiva, que otorga a los propietarios de sitios web la capacidad de expandir significativamente su base de usuarios a trav\u00e9s de la t\u00e1ctica ingeniosa de incentivar a su estimado audiencia para remitir a sus amigos y familiares familiares para que participen en el acto auspicioso de suscribirse a su suscripci\u00f3n a su Servicios excepcionales. Este complemento milagroso opera en el principio de ofrecer comisiones bastante generosas a aquellos afiliados astutos que logran obtener con \u00e9xito nuevos registros, contribuyendo as\u00ed a la tarea encomiable de promocionar el sitio web y todas sus maravillosas ofertas. La belleza de las referencias de registro de AffiliateWP radica no solo en su notable eficacia, sino tambi\u00e9n en su configuraci\u00f3n intuitiva e interfaz f\u00e1cil de usar, lo que es una opci\u00f3n verdaderamente excepcional para todos los propietarios de sitios web que buscan aumentar su dominio y generar un volumen sustancialmente m\u00e1s alto de tr\u00e1fico. a su estimada plataforma. Si el objetivo de uno es presenciar el crecimiento sin precedentes de su venerada lista de correo electr\u00f3nico o deleitarse en el extraordinario aumento de sus ventas, este complemento indudablemente surge como una necesidad absoluta para cualquier negocio estimado que alberga un deseo genuino de triunfar en el enorme \u00e1mbito del enorme \u00e1mbito mundo en l\u00ednea.<\/p>\n<ul>\n<li>Permite a las empresas rastrear los registros referidos por los afiliados<\/li>\n<li>Proporciona informes detallados sobre datos de referencia para el an\u00e1lisis<\/li>\n<li>Automatizar el proceso de seguimiento de referencias para facilitar el uso<\/li>\n<li>Ofrece c\u00f3digos de referencia personalizables para que los afiliados usen<\/li>\n<li>Se integra con muchas plataformas populares de comercio electr\u00f3nico<\/li>\n<li>Ayuda a incentivar a los afiliados a referir m\u00e1s registros<\/li>\n<li>Aumenta los registros generales e ingresos para las empresas<\/li>\n<li>Ofrece una integraci\u00f3n perfecta con los otros productos y complementos de Affiliatewp<\/li>\n<li>Proporciona soporte de primer nivel para los clientes<\/li>\n<li>Opciones de precios asequibles para empresas de todos los tama\u00f1os<\/li>\n<\/ul>\n","protected":false},"excerpt":{"rendered":"<p>Las referencias de registro de AffiliateWP es una herramienta muy efectiva que juega un papel fundamental en la mejora de su programa de afiliados. Es fundamental para motivar a sus afiliados a reclutar inscripciones nuevas, no solo reconoce a sus afiliados sino tambi\u00e9n fomentando referencias de registro exitosas. Al crear oportunidades para bonos adicionales, fomenta el logro de hitos espec\u00edficos, iniciando as\u00ed una transformaci\u00f3n en su programa de afiliados.<\/p>\n<p>Esta herramienta es extremadamente beneficiosa para aumentar el tr\u00e1fico del sitio web y elevar los ingresos, simplificando as\u00ed el marketing de afiliaci\u00f3n. El potencial del marketing de afiliaci\u00f3n es inmenso y puede aprovecharse efectivamente utilizando la herramienta de referencias de registro de AffiliateWP. Por lo tanto, no retrase m\u00e1s, aproveche la oportunidad de descargar e integrar este complemento en su programa de afiliados y presenciar una transformaci\u00f3n extraordinaria.<\/p>\n","protected":false},"featured_media":165326,"comment_status":"open","ping_status":"open","template":"","meta":[],"product_brand":[2357],"product_cat":[1207,1225,1206],"product_tag":[1227],"class_list":{"0":"post-111976","1":"product","2":"type-product","3":"status-publish","4":"has-post-thumbnail","6":"product_brand-affiliate-wp","7":"product_cat-comercio-electronico-plugins","8":"product_cat-marketing","9":"product_cat-plugins","10":"product_tag-affiliate-wp","11":"member-discount","12":"discount-restricted","14":"first","15":"instock","16":"sale","17":"downloadable","18":"virtual","19":"sold-individually","20":"purchasable","21":"product-type-simple"},"_links":{"self":[{"href":"https:\/\/gpl-love.com\/es\/wp-json\/wp\/v2\/product\/111976","targetHints":{"allow":["GET"]}}],"collection":[{"href":"https:\/\/gpl-love.com\/es\/wp-json\/wp\/v2\/product"}],"about":[{"href":"https:\/\/gpl-love.com\/es\/wp-json\/wp\/v2\/types\/product"}],"replies":[{"embeddable":true,"href":"https:\/\/gpl-love.com\/es\/wp-json\/wp\/v2\/comments?post=111976"}],"wp:featuredmedia":[{"embeddable":true,"href":"https:\/\/gpl-love.com\/es\/wp-json\/wp\/v2\/media\/165326"}],"wp:attachment":[{"href":"https:\/\/gpl-love.com\/es\/wp-json\/wp\/v2\/media?parent=111976"}],"wp:term":[{"taxonomy":"product_brand","embeddable":true,"href":"https:\/\/gpl-love.com\/es\/wp-json\/wp\/v2\/product_brand?post=111976"},{"taxonomy":"product_cat","embeddable":true,"href":"https:\/\/gpl-love.com\/es\/wp-json\/wp\/v2\/product_cat?post=111976"},{"taxonomy":"product_tag","embeddable":true,"href":"https:\/\/gpl-love.com\/es\/wp-json\/wp\/v2\/product_tag?post=111976"}],"curies":[{"name":"wp","href":"https:\/\/api.w.org\/{rel}","templated":true}]}}