{"id":111974,"date":"2025-06-10T00:00:00","date_gmt":"2025-06-10T05:00:00","guid":{"rendered":"http:\/\/gpl-love.com\/es\/producto\/affiliatewp-forms-for-gravity-forms\/"},"modified":"2026-03-09T07:16:52","modified_gmt":"2026-03-09T12:16:52","slug":"affiliatewp-forms-gravity-forms","status":"publish","type":"product","link":"https:\/\/gpl-love.com\/es\/producto\/affiliatewp-forms-gravity-forms\/","title":{"rendered":"AffiliateWP Forms For Gravity Forms 1.2.2"},"content":{"rendered":"<h3>AffiliateWP Forms For Gravity Forms Caracteristicas<\/h3>\n<p>Los formularios AffiliateWP para los formularios de gravedad, un complemento notable, capacita a los usuarios con la capacidad de generar sin esfuerzo formularios de registro de afiliados personalizados. Este complemento se integra sin problemas con los formularios de gravedad, un constructor de formulario ampliamente utilizado favorecido por numerosos propietarios de sitios web. A trav\u00e9s de este complemento, los usuarios pueden idear convenientemente formularios personalizados que sean completamente distintivos para su propio sitio web, facilitando as\u00ed la recopilaci\u00f3n de un espectro diverso de informaci\u00f3n de posibles afiliados. Adem\u00e1s, los formularios AffiliateWP para las formas de gravedad simplifican la gesti\u00f3n y el monitoreo de los registros de afiliados, lo que permite el monitoreo sin esfuerzo del crecimiento y el triunfo de su programa de afiliados. En general, este complemento sirve como una opci\u00f3n excepcional para aquellos que buscan optimizar y refinar el proceso de registro de su programa de afiliados, lo que lo hace m\u00e1s simplificado y eficiente.<\/p>\n<ul>\n<li>Agrega nuevos tipos de campo de formulario espec\u00edficamente para la integraci\u00f3n de AffiliateWP<\/li>\n<li>Asociados de formularios de formularios con afiliados y ofertas espec\u00edficas<\/li>\n<li>Rastrea los datos de referencia y las comisiones de los env\u00edos de formularios<\/li>\n<li>Se integra con las pasarelas de pago populares para un f\u00e1cil procesamiento de pagos de afiliados<\/li>\n<li>Proporciona informes detallados sobre la actividad de env\u00edo de formularios y el rendimiento de la afiliaci\u00f3n<\/li>\n<li>Formularios de registro y opci\u00f3n personalizables para afiliados<\/li>\n<li>Admite estructuras de marketing de varios niveles para programas de afiliados m\u00e1s complejos<\/li>\n<li>Integraci\u00f3n perfecta con los complementos de formularios AffiliateWP y gravedad para sitios de WordPress.<\/li>\n<\/ul>\n","protected":false},"excerpt":{"rendered":"<p>Con los formularios AffiliateWP f\u00e1ciles de usar para el complemento de formularios de gravedad, crear formularios de registro de afiliados y formularios de inicio de sesi\u00f3n es un proceso sin esfuerzo. A trav\u00e9s de la construcci\u00f3n r\u00e1pida de formularios de afiliados, este complemento facilita la integraci\u00f3n de AffiliateWP sin costuras con el complemento de formularios de gravedad ampliamente utilizado. Esta integraci\u00f3n permite a los usuarios tener una autoridad mejorada sobre su programa de afiliados, lo que lleva a una gesti\u00f3n exitosa del programa de afiliados.<\/p>\n<p>El complemento emplea una metodolog\u00eda de creaci\u00f3n de forma simplista, que incluye una funci\u00f3n de arrastre y ca\u00edda para campos de formulario, lo que hace que el proceso sea incre\u00edblemente intuitivo. Adem\u00e1s, el complemento ofrece numerosas opciones de personalizaci\u00f3n para formularios, permitiendo modificaciones de elementos de dise\u00f1o y configuraciones para satisfacer las necesidades espec\u00edficas del usuario. Una vez que se han realizado todos los ajustes necesarios, el cumplimiento eficiente de la tarea por parte de los formularios AffiliateWP garantiza la finalizaci\u00f3n r\u00e1pida de las tareas restantes.<\/p>\n<p>Ya sea que est\u00e9 iniciando un nuevo programa de afiliados o mejorando uno existente, las caracter\u00edsticas integrales de los formularios AffiliateWP optimizan el proceso del programa de afiliados. Como resultado, el potencial para amplificar las ganancias con los formularios AffiliateWP aumenta significativamente. La accesibilidad del complemento y las caracter\u00edsticas robustas lo hacen imprescindible<\/p>\n","protected":false},"featured_media":165317,"comment_status":"open","ping_status":"closed","template":"","meta":[],"product_brand":[2357],"product_cat":[1207,1225,1206],"product_tag":[1227],"class_list":{"0":"post-111974","1":"product","2":"type-product","3":"status-publish","4":"has-post-thumbnail","6":"product_brand-affiliate-wp","7":"product_cat-comercio-electronico-plugins","8":"product_cat-marketing","9":"product_cat-plugins","10":"product_tag-affiliate-wp","11":"member-discount","12":"discount-restricted","14":"first","15":"instock","16":"sale","17":"downloadable","18":"virtual","19":"sold-individually","20":"purchasable","21":"product-type-simple"},"_links":{"self":[{"href":"https:\/\/gpl-love.com\/es\/wp-json\/wp\/v2\/product\/111974","targetHints":{"allow":["GET"]}}],"collection":[{"href":"https:\/\/gpl-love.com\/es\/wp-json\/wp\/v2\/product"}],"about":[{"href":"https:\/\/gpl-love.com\/es\/wp-json\/wp\/v2\/types\/product"}],"replies":[{"embeddable":true,"href":"https:\/\/gpl-love.com\/es\/wp-json\/wp\/v2\/comments?post=111974"}],"wp:featuredmedia":[{"embeddable":true,"href":"https:\/\/gpl-love.com\/es\/wp-json\/wp\/v2\/media\/165317"}],"wp:attachment":[{"href":"https:\/\/gpl-love.com\/es\/wp-json\/wp\/v2\/media?parent=111974"}],"wp:term":[{"taxonomy":"product_brand","embeddable":true,"href":"https:\/\/gpl-love.com\/es\/wp-json\/wp\/v2\/product_brand?post=111974"},{"taxonomy":"product_cat","embeddable":true,"href":"https:\/\/gpl-love.com\/es\/wp-json\/wp\/v2\/product_cat?post=111974"},{"taxonomy":"product_tag","embeddable":true,"href":"https:\/\/gpl-love.com\/es\/wp-json\/wp\/v2\/product_tag?post=111974"}],"curies":[{"name":"wp","href":"https:\/\/api.w.org\/{rel}","templated":true}]}}