{"id":111972,"date":"2025-06-10T00:00:00","date_gmt":"2025-06-10T05:00:00","guid":{"rendered":"http:\/\/gpl-love.com\/es\/producto\/affiliatewp-forms-for-ninja-forms\/"},"modified":"2026-03-09T07:16:56","modified_gmt":"2026-03-09T12:16:56","slug":"affiliatewp-form-for-ninja-forms","status":"publish","type":"product","link":"https:\/\/gpl-love.com\/es\/producto\/affiliatewp-form-for-ninja-forms\/","title":{"rendered":"AffiliateWP Forms For Ninja Forms 1.2.2"},"content":{"rendered":"<h3>AffiliateWP Forms For Ninja Forms Caracteristicas<\/h3>\n<p>Los formularios AffiliateWP para formularios Ninja sirven como un instrumento muy potente, meticulosamente elaborado para ayudar a los propietarios y vendedores de sitios web a racionalizar su gesti\u00f3n de programas afiliados. Este complemento ofrece una gran cantidad de caracter\u00edsticas, incluida la capacidad de seleccionar formularios de registro de afiliados personalizados, monitorear meticulosamente las referencias de afiliados y administrar efectivamente los pagos de la comisi\u00f3n. Al integrarse sin problemas con AffiliateWP, esta herramienta invaluable garantiza que todos los datos se rastreen e informen impecablemente. Adem\u00e1s, la interfaz de arrastrar y soltar de forma f\u00e1cil de usar de Ninja Forms permite a los usuarios desarrollar formas sin esfuerzo que se alineen con su marca \u00fanica. Ya sea que sea un ne\u00f3fito en el \u00e1mbito del marketing de afiliaci\u00f3n o en la b\u00fasqueda de formas de optimizar su programa existente, la adquisici\u00f3n de formularios AffiliateWP para formularios ninja es un activo indispensable para cualquier vendedor ambicioso.<\/p>\n<ul>\n<li>Permite a los usuarios integrar AffiliateWP con formularios ninja<\/li>\n<li>Hace que sea f\u00e1cil rastrear y recompensar las referencias de afiliados para las presentaciones de formulario<\/li>\n<li>Tasas de referencia de afiliados personalizables para diferentes formularios<\/li>\n<li>Integraci\u00f3n perfecta con la configuraci\u00f3n de formularios ninja existentes<\/li>\n<li>Ofrece seguimiento e informes en tiempo real de referencias de afiliados dentro del tablero de afilios de Affiliatewp<\/li>\n<li>Compatible con las pasarelas de pago populares para pagos de comisiones autom\u00e1ticas a los afiliados<\/li>\n<li>F\u00e1cil configuraci\u00f3n y activaci\u00f3n con instrucciones paso a paso y apoyo del equipo AffiliateWP.<\/li>\n<\/ul>\n","protected":false},"excerpt":{"rendered":"<p>Los formularios AffiliateWP para el complemento Ninja Forms es una herramienta poderosa, espec\u00edficamente dise\u00f1ada para optimizar su estrategia de marketing de afiliaci\u00f3n. Este complemento altamente vers\u00e1til permite el registro de afiliados optimizado con los formularios AffiliateWP y Ninja, lo que le permite crear formularios de registro e inicio de sesi\u00f3n de afiliados personalizados sin esfuerzo para su sitio web.<\/p>\n<p>Los formularios de inicio de sesi\u00f3n de afiliados personalizados proporcionan una interfaz f\u00e1cil de usar, que atiende las necesidades espec\u00edficas de sus afiliados. Con el complemento AffiliateWP para una mejor interfaz de afiliaci\u00f3n, sus afiliados pueden registrarse f\u00e1cilmente, iniciar sesi\u00f3n y rastrear sus ganancias de referencia.<\/p>\n<p>Adem\u00e1s, los formularios Affiliatewp y Ninja para el seguimiento de las ganancias de referencias hacen que sea simple para sus afiliados monitorear sus ingresos meticulosamente. Las amplias opciones de personalizaci\u00f3n en formularios AffiliateWP para formularios Ninja permiten que agregue sus propios campos y valida las entradas de los usuarios con el complemento AffiliateWP.<\/p>\n<p>La integraci\u00f3n AffiliateWP sin costuras con los servicios de marketing por correo electr\u00f3nico mejora a\u00fan m\u00e1s la funcionalidad de este complemento. Al utilizar estos formularios AffiliateWP hechos a medida para formularios ninja, puede mejorar significativamente las capacidades de marketing de afiliaci\u00f3n de su sitio web.<\/p>\n<p>Por \u00faltimo, el<\/p>\n","protected":false},"featured_media":165318,"comment_status":"open","ping_status":"closed","template":"","meta":[],"product_brand":[2357],"product_cat":[1207,1225,1206],"product_tag":[1227],"class_list":{"0":"post-111972","1":"product","2":"type-product","3":"status-publish","4":"has-post-thumbnail","6":"product_brand-affiliate-wp","7":"product_cat-comercio-electronico-plugins","8":"product_cat-marketing","9":"product_cat-plugins","10":"product_tag-affiliate-wp","11":"member-discount","12":"discount-restricted","14":"first","15":"instock","16":"sale","17":"downloadable","18":"virtual","19":"sold-individually","20":"purchasable","21":"product-type-simple"},"_links":{"self":[{"href":"https:\/\/gpl-love.com\/es\/wp-json\/wp\/v2\/product\/111972","targetHints":{"allow":["GET"]}}],"collection":[{"href":"https:\/\/gpl-love.com\/es\/wp-json\/wp\/v2\/product"}],"about":[{"href":"https:\/\/gpl-love.com\/es\/wp-json\/wp\/v2\/types\/product"}],"replies":[{"embeddable":true,"href":"https:\/\/gpl-love.com\/es\/wp-json\/wp\/v2\/comments?post=111972"}],"wp:featuredmedia":[{"embeddable":true,"href":"https:\/\/gpl-love.com\/es\/wp-json\/wp\/v2\/media\/165318"}],"wp:attachment":[{"href":"https:\/\/gpl-love.com\/es\/wp-json\/wp\/v2\/media?parent=111972"}],"wp:term":[{"taxonomy":"product_brand","embeddable":true,"href":"https:\/\/gpl-love.com\/es\/wp-json\/wp\/v2\/product_brand?post=111972"},{"taxonomy":"product_cat","embeddable":true,"href":"https:\/\/gpl-love.com\/es\/wp-json\/wp\/v2\/product_cat?post=111972"},{"taxonomy":"product_tag","embeddable":true,"href":"https:\/\/gpl-love.com\/es\/wp-json\/wp\/v2\/product_tag?post=111972"}],"curies":[{"name":"wp","href":"https:\/\/api.w.org\/{rel}","templated":true}]}}