{"id":111970,"date":"2023-11-20T00:00:00","date_gmt":"2023-11-20T05:00:00","guid":{"rendered":"http:\/\/gpl-love.com\/es\/producto\/affiliatewp-pushover-notifications\/"},"modified":"2026-03-09T07:17:02","modified_gmt":"2026-03-09T12:17:02","slug":"affiliatewp-pushover-notifications","status":"publish","type":"product","link":"https:\/\/gpl-love.com\/es\/producto\/affiliatewp-pushover-notifications\/","title":{"rendered":"AffiliateWP Pushover Notifications 1.2.1"},"content":{"rendered":"<h3>AffiliateWP Pushover Notifications Caracteristicas<\/h3>\n<p>AffiliateWP Pushver Notifications es un complemento excepcionalmente robusto que ha sido meticulosamente elaborado para enriquecer la experiencia general de marketing de afiliaci\u00f3n al entregar a la perfecci\u00f3n notificaciones en tiempo real a los afiliados. El objetivo principal de este complemento notable es empoderar a los afiliados al otorgarles el privilegio de recibir notificaciones impulsoras r\u00e1pidas, directamente en sus dispositivos m\u00f3viles, cada vez que se materializa una referencia novedosa, se recibe un pago con \u00e9xito o se obtiene una comisi\u00f3n bien merecida. . En virtud de su configuraci\u00f3n navegable sin esfuerzo y su interfaz f\u00e1cil de usar, este complemento innovador facilita eficazmente la difusi\u00f3n de informaci\u00f3n esencial, asegurando as\u00ed que sus afiliados permanezcan constantemente informados y comprometidos activamente. En consecuencia, este compromiso incomparable culmina invariablemente en un aumento considerable en las conversiones e ingresos, impulsando as\u00ed a su negocio al pin\u00e1culo del \u00e9xito, independientemente de si est\u00e1 encabezando un extenso programa de afiliados o simplemente se embarcan en su viaje empresarial. A la luz de estas caracter\u00edsticas y beneficios muy ventajosos, se hace evidente que se hace evidente que las notificaciones de impulso de AffiliateWP, sin duda, se destacan como una herramienta indispensable e indispensable que puede catalizar indubitablemente el crecimiento sin precedentes y el triunfo resonante de su negocio.<\/p>\n<ul>\n<li>Reciba notificaciones en tiempo real de la actividad afiliada en su sitio web<\/li>\n<li>Alertas para nuevas referencias, pagos y m\u00e1s<\/li>\n<li>Se integra con la aplicaci\u00f3n Pushver para facilitar notificaciones m\u00f3viles<\/li>\n<li>Configuraci\u00f3n de notificaci\u00f3n personalizable para adaptarse a sus preferencias<\/li>\n<li>No se requiere experiencia de codificaci\u00f3n para configurar y usar<\/li>\n<li>Compatible con todos los temas de WordPress y versiones AffiliateWP<\/li>\n<li>Notificaciones seguras y confiables para mantenerlo informado y actualizado<\/li>\n<li>Actualizaciones gratuitas y soporte para la vida con la compra.<\/li>\n<\/ul>\n","protected":false},"excerpt":{"rendered":"<p>AffiliateWP Pushver Notifications Plugin no es solo una herramienta pr\u00e1ctica, sino tambi\u00e9n una oportunidad incomparable para optimizar la comunicaci\u00f3n del programa de afiliados. Este incre\u00edble complemento ofrece la capacidad de las notificaciones inmediatas de afiliados a trav\u00e9s de un impulso, asegurando una comunicaci\u00f3n efectiva con los afiliados. Se trata de aprovechar las notificaciones de empuje con Affiliatewp para mantener sus afiliados actualizados de inmediato.<\/p>\n<p>La configuraci\u00f3n f\u00e1cil de las notificaciones de impulso de AffiliateWP lo convierte en una opci\u00f3n destacada para las empresas. Con esto, puede enviar notificaciones r\u00e1pidamente a los afiliados, lo que significa importantes alertas de eventos en programas de afiliados, como registros recientes y desembolsos de comisiones. El complemento AffiliateWP para actualizaciones instant\u00e1neas garantiza que nunca se pierda informar a sus afiliados sobre acontecimientos importantes.<\/p>\n<p>AffiliateWP Pushver para alertas recientes de registros y notificaciones de desembolsos de comisiones con AffiliateWP Pushver no solo mejora la din\u00e1mica de la comunicaci\u00f3n, sino que tambi\u00e9n garantiza que sus afiliados siempre est\u00e9n al tanto. En esencia, mantener los afiliados actualizados con AffiliateWP Pushver nunca ha sido m\u00e1s f\u00e1cil y m\u00e1s efectivo.<\/p>\n<p>Aproveche este inmediato env\u00edo de notificaciones a los afiliados<\/p>\n","protected":false},"featured_media":165323,"comment_status":"open","ping_status":"open","template":"","meta":[],"product_brand":[2357],"product_cat":[1207,1225,1206],"product_tag":[1227],"class_list":{"0":"post-111970","1":"product","2":"type-product","3":"status-publish","4":"has-post-thumbnail","6":"product_brand-affiliate-wp","7":"product_cat-comercio-electronico-plugins","8":"product_cat-marketing","9":"product_cat-plugins","10":"product_tag-affiliate-wp","11":"member-discount","12":"discount-restricted","14":"first","15":"instock","16":"sale","17":"downloadable","18":"virtual","19":"sold-individually","20":"purchasable","21":"product-type-simple"},"_links":{"self":[{"href":"https:\/\/gpl-love.com\/es\/wp-json\/wp\/v2\/product\/111970","targetHints":{"allow":["GET"]}}],"collection":[{"href":"https:\/\/gpl-love.com\/es\/wp-json\/wp\/v2\/product"}],"about":[{"href":"https:\/\/gpl-love.com\/es\/wp-json\/wp\/v2\/types\/product"}],"replies":[{"embeddable":true,"href":"https:\/\/gpl-love.com\/es\/wp-json\/wp\/v2\/comments?post=111970"}],"wp:featuredmedia":[{"embeddable":true,"href":"https:\/\/gpl-love.com\/es\/wp-json\/wp\/v2\/media\/165323"}],"wp:attachment":[{"href":"https:\/\/gpl-love.com\/es\/wp-json\/wp\/v2\/media?parent=111970"}],"wp:term":[{"taxonomy":"product_brand","embeddable":true,"href":"https:\/\/gpl-love.com\/es\/wp-json\/wp\/v2\/product_brand?post=111970"},{"taxonomy":"product_cat","embeddable":true,"href":"https:\/\/gpl-love.com\/es\/wp-json\/wp\/v2\/product_cat?post=111970"},{"taxonomy":"product_tag","embeddable":true,"href":"https:\/\/gpl-love.com\/es\/wp-json\/wp\/v2\/product_tag?post=111970"}],"curies":[{"name":"wp","href":"https:\/\/api.w.org\/{rel}","templated":true}]}}