{"id":111968,"date":"2025-07-07T00:00:00","date_gmt":"2025-07-07T05:00:00","guid":{"rendered":"http:\/\/gpl-love.com\/es\/producto\/affiliatewp-lifetime-commissions\/"},"modified":"2026-03-09T07:16:58","modified_gmt":"2026-03-09T12:16:58","slug":"affiliatewp-lifetime-commissions","status":"publish","type":"product","link":"https:\/\/gpl-love.com\/es\/producto\/affiliatewp-lifetime-commissions\/","title":{"rendered":"AffiliateWP Lifetime Commissions 1.6.4"},"content":{"rendered":"<h3>AffiliateWP Lifetime Commissions Caracteristicas<\/h3>\n<p>AffiliateWP Lifetime Comisions, una herramienta de marketing de afiliaci\u00f3n altamente sofisticada, sirve como un activo valioso para las empresas que buscan optimizar sus ingresos a trav\u00e9s de la implementaci\u00f3n de un programa integral de comisiones de por vida. Al aprovechar esta notable herramienta, los propietarios de negocios pueden recompensar generosamente a sus afiliados por cada venta generada por un cliente referido, asegurando que tales comisiones persistan durante toda la duraci\u00f3n de la relaci\u00f3n del cliente con el negocio. En consecuencia, este programa incomparable sirve como un medio inequ\u00edvoco para incentivar a los afiliados para promover fervientemente el negocio y posteriormente aumentar las cifras de ventas. A pesar de su s\u00f3lida funcionalidad, las comisiones de vida de AffiliateWP tambi\u00e9n cuenta con una interfaz de usuario intuitiva, lo que lo hace operable sin esfuerzo para las empresas de todos los calibres. Esta herramienta alcanza adem\u00e1s niveles incomparables de personalizaci\u00f3n, lo que capacita a las empresas para regular independientemente las tasas de comisiones, las duraciones de las cookies y los horarios de pago, que atienden a sus requisitos espec\u00edficos. Como resultado, las empresas equipadas con esta ingeniosa herramienta est\u00e1n listas para presenciar un aumento en las ventas, mejorar las tasas de retenci\u00f3n de clientes y, en \u00faltima instancia, expandir su floreciente red de afiliados.<\/p>\n<ul>\n<li>Comisiones de por vida ilimitadas para ventas de afiliados<\/li>\n<li>Compra \u00fanica para acceso de por vida<\/li>\n<li>Seguimiento e informes confiables de las comisiones<\/li>\n<li>Integraci\u00f3n con plataformas populares de comercio electr\u00f3nico<\/li>\n<li>Tasas de comisi\u00f3n personalizables para diferentes afiliados<\/li>\n<li>Pagos de comisi\u00f3n autom\u00e1tica a trav\u00e9s de PayPal<\/li>\n<li>Apoyo dedicado del equipo de AffiliateWP<\/li>\n<li>Compatible con cualquier sitio de WordPress<\/li>\n<li>Cumplimiento de GDPR para la protecci\u00f3n de datos<\/li>\n<li>Probado para aumentar las ventas e ingresos de los afiliados<\/li>\n<\/ul>\n","protected":false},"excerpt":{"rendered":"<p>La herramienta de comisiones de vida de AffiliateWP, una ingeniosa herramienta de marketing de afiliaci\u00f3n, sirve como una plataforma notable para la generaci\u00f3n de ingresos pasivos perpetuos. Esta caracter\u00edstica extraordinaria en AffiliateWP permite establecer tasas de comisiones duraderas para afiliados, prometiendo comisiones de afiliados temporales ilimitados. Las ventajas se extienden a los beneficios de compra de clientes referenciales, donde las comisiones contin\u00faan acumul\u00e1ndose mientras el cliente referido siga realizando compras posteriores.<\/p>\n<p>Esta maravillosa herramienta garantiza la perpetuidad de las ganancias de la comisi\u00f3n, asegurando as\u00ed la lealtad afiliada. Es la herramienta AffiliateWP para el ingreso pasivo lo que permite la generaci\u00f3n de ganancias sostenidas con un m\u00ednimo ingreso de esfuerzo. Las comisiones de por vida con AffiliateWP ofrecen una oportunidad lucrativa para comisiones de afiliados a largo plazo y comisiones de referencia de clientes, maximizando as\u00ed las ganancias con AffiliateWP.<\/p>\n<p>La herramienta no solo garantiza la perpetuidad de las ganancias de los afiliados, sino que tambi\u00e9n fortalece la lealtad afiliada con AffiliateWP. Es un testimonio del potencial de ganancias sostenidas con un esfuerzo m\u00ednimo. En el mundo del marketing de afiliaci\u00f3n, esta herramienta se destaca como un s\u00edmbolo del ingreso pasivo de marketing de afiliaci\u00f3n.<\/p>\n","protected":false},"featured_media":165319,"comment_status":"open","ping_status":"open","template":"","meta":[],"product_brand":[2357],"product_cat":[1207,1225,1206],"product_tag":[1227],"class_list":{"0":"post-111968","1":"product","2":"type-product","3":"status-publish","4":"has-post-thumbnail","6":"product_brand-affiliate-wp","7":"product_cat-comercio-electronico-plugins","8":"product_cat-marketing","9":"product_cat-plugins","10":"product_tag-affiliate-wp","11":"member-discount","12":"discount-restricted","14":"first","15":"instock","16":"sale","17":"downloadable","18":"virtual","19":"sold-individually","20":"purchasable","21":"product-type-simple"},"_links":{"self":[{"href":"https:\/\/gpl-love.com\/es\/wp-json\/wp\/v2\/product\/111968","targetHints":{"allow":["GET"]}}],"collection":[{"href":"https:\/\/gpl-love.com\/es\/wp-json\/wp\/v2\/product"}],"about":[{"href":"https:\/\/gpl-love.com\/es\/wp-json\/wp\/v2\/types\/product"}],"replies":[{"embeddable":true,"href":"https:\/\/gpl-love.com\/es\/wp-json\/wp\/v2\/comments?post=111968"}],"wp:featuredmedia":[{"embeddable":true,"href":"https:\/\/gpl-love.com\/es\/wp-json\/wp\/v2\/media\/165319"}],"wp:attachment":[{"href":"https:\/\/gpl-love.com\/es\/wp-json\/wp\/v2\/media?parent=111968"}],"wp:term":[{"taxonomy":"product_brand","embeddable":true,"href":"https:\/\/gpl-love.com\/es\/wp-json\/wp\/v2\/product_brand?post=111968"},{"taxonomy":"product_cat","embeddable":true,"href":"https:\/\/gpl-love.com\/es\/wp-json\/wp\/v2\/product_cat?post=111968"},{"taxonomy":"product_tag","embeddable":true,"href":"https:\/\/gpl-love.com\/es\/wp-json\/wp\/v2\/product_tag?post=111968"}],"curies":[{"name":"wp","href":"https:\/\/api.w.org\/{rel}","templated":true}]}}