{"id":111966,"date":"2024-04-13T00:00:00","date_gmt":"2024-04-13T05:00:00","guid":{"rendered":"http:\/\/gpl-love.com\/es\/producto\/affiliatewp-recurring-referrals\/"},"modified":"2026-03-09T07:17:04","modified_gmt":"2026-03-09T12:17:04","slug":"affiliatewp-recurring-referrals","status":"publish","type":"product","link":"https:\/\/gpl-love.com\/es\/producto\/affiliatewp-recurring-referrals\/","title":{"rendered":"AffiliateWP Recurring Referrals 1.9.2"},"content":{"rendered":"<h3>AffiliateWP Recurring Referrals Caracteristicas<\/h3>\n<p>El complemento de referencias recurrentes de AffiliateWP es una herramienta robusta y din\u00e1mica adaptada a las necesidades de los vendedores afiliados que buscan capitalizar completamente sus fuentes de ingresos recurrentes. Su objetivo principal es capacitar a los afiliados para adquirir comisiones recurrentes para cada cliente que se refieran con \u00e9xito a un sitio web. Al aprovechar las capacidades de las referencias recurrentes de AffiliateWP, los afiliados tienen la capacidad de monitorear y supervisar sus comisiones recurrentes en tiempo real, lo que facilita la optimizaci\u00f3n de sus ganancias con una facilidad sin igual. Construcci\u00f3n de funcionalidades avanzadas, como tasas de referencia recurrentes, tasas de comisi\u00f3n personalizables y pagos automatizados, afiliatewp referencias recurrentes surgen como el instrumento por excelencia para los afiliados que se esfuerzan por optimizar su potencial para rendimientos lucrativos. Ya sea un vendedor afiliado experimentado o un individuo que se embarca en su viaje afiliado, las referencias recurrentes de AffiliateWP representan la soluci\u00f3n ideal para cualquier persona interesada en aumentar sus ganancias derivadas de las fuentes de ingresos recurrentes.<\/p>\n<ul>\n<li>Establezca f\u00e1cilmente un programa de referencia recurrente para sus esfuerzos de marketing de afiliaci\u00f3n<\/li>\n<li>Proporcionar recompensas continuas a los afiliados que remiten a los clientes que se suscriban a su servicio de manera recurrente<\/li>\n<li>Rastrear y administrar referencias recurrentes a trav\u00e9s del tablero intuitivo de Affiliatewp<\/li>\n<li>Personalice la apariencia de su programa de referencia recurrente para que coincida con su marca y sitio web<\/li>\n<li>Administrar y pagar f\u00e1cilmente las comisiones de referencia recurrentes a sus afiliados<\/li>\n<li>Fomentar las relaciones a largo plazo con los clientes y afiliados a trav\u00e9s de recompensas continuas por referencias exitosas.<\/li>\n<\/ul>\n","protected":false},"excerpt":{"rendered":"<p>El complemento de referencias recurrentes de AffiliateWP, una herramienta de marketing de afiliaci\u00f3n notablemente robusta, est\u00e1 repleta de una multitud de funcionalidades que est\u00e1n espec\u00edficamente dise\u00f1adas para incentivar el marketing de afiliados. Ofrece la capacidad \u00fanica para recompensar a los afiliados por compras recurrentes, por lo que es una excelente herramienta para monitorear las referencias de afiliados y aumentar la lealtad del cliente con AffiliateWP.<\/p>\n<p>Como un complemento incre\u00edblemente robusto, est\u00e1 dise\u00f1ado para aumentar las tasas de retenci\u00f3n con referencias recurrentes y aumentar los ingresos con AffiliateWP. El complemento recompensa efectivamente a los afiliados para cada instancia que sus clientes referidos renuevan sus suscripciones o participan en transacciones repetitivas. Esta capacidad no solo mejora la retenci\u00f3n de los clientes, sino que tambi\u00e9n juega un papel importante en el fomento de las relaciones afiliadas duraderas.<\/p>\n<p>Con las referencias recurrentes de AffiliateWP, puede impulsar su programa de marketing de afiliaci\u00f3n a nuevas alturas. Es una plataforma ideal para renovaciones de suscripci\u00f3n y transacciones repetitivas. Est\u00e1 dise\u00f1ado para apoyar el crecimiento del marketing de afiliaci\u00f3n y mejorar la retenci\u00f3n de clientes, lo que la convierte en una herramienta esencial para cualquier negocio que busque fortalecer sus esfuerzos de marketing de afiliaci\u00f3n. No se pierda la oportunidad de explorar el potencial de afiliado<\/p>\n","protected":false},"featured_media":165324,"comment_status":"open","ping_status":"open","template":"","meta":[],"product_brand":[2357],"product_cat":[1207,1225,1206],"product_tag":[1227],"class_list":{"0":"post-111966","1":"product","2":"type-product","3":"status-publish","4":"has-post-thumbnail","6":"product_brand-affiliate-wp","7":"product_cat-comercio-electronico-plugins","8":"product_cat-marketing","9":"product_cat-plugins","10":"product_tag-affiliate-wp","11":"member-discount","12":"discount-restricted","14":"first","15":"instock","16":"sale","17":"downloadable","18":"virtual","19":"sold-individually","20":"purchasable","21":"product-type-simple"},"_links":{"self":[{"href":"https:\/\/gpl-love.com\/es\/wp-json\/wp\/v2\/product\/111966","targetHints":{"allow":["GET"]}}],"collection":[{"href":"https:\/\/gpl-love.com\/es\/wp-json\/wp\/v2\/product"}],"about":[{"href":"https:\/\/gpl-love.com\/es\/wp-json\/wp\/v2\/types\/product"}],"replies":[{"embeddable":true,"href":"https:\/\/gpl-love.com\/es\/wp-json\/wp\/v2\/comments?post=111966"}],"wp:featuredmedia":[{"embeddable":true,"href":"https:\/\/gpl-love.com\/es\/wp-json\/wp\/v2\/media\/165324"}],"wp:attachment":[{"href":"https:\/\/gpl-love.com\/es\/wp-json\/wp\/v2\/media?parent=111966"}],"wp:term":[{"taxonomy":"product_brand","embeddable":true,"href":"https:\/\/gpl-love.com\/es\/wp-json\/wp\/v2\/product_brand?post=111966"},{"taxonomy":"product_cat","embeddable":true,"href":"https:\/\/gpl-love.com\/es\/wp-json\/wp\/v2\/product_cat?post=111966"},{"taxonomy":"product_tag","embeddable":true,"href":"https:\/\/gpl-love.com\/es\/wp-json\/wp\/v2\/product_tag?post=111966"}],"curies":[{"name":"wp","href":"https:\/\/api.w.org\/{rel}","templated":true}]}}