{"id":111964,"date":"2023-11-20T00:00:00","date_gmt":"2023-11-20T05:00:00","guid":{"rendered":"http:\/\/gpl-love.com\/es\/producto\/affiliatewp-tiered-affiliate-rates\/"},"modified":"2026-03-09T07:17:07","modified_gmt":"2026-03-09T12:17:07","slug":"affiliatewp-tiered-affiliate-rates","status":"publish","type":"product","link":"https:\/\/gpl-love.com\/es\/producto\/affiliatewp-tiered-affiliate-rates\/","title":{"rendered":"AffiliateWP Tiered Affiliate Rates 1.3.1"},"content":{"rendered":"<h3>AffiliateWP Tiered Affiliate Rates Caracteristicas<\/h3>\n<p>Las tarifas de afiliados escalonadas de AffiliateWP son una herramienta incre\u00edblemente \u00fatil y robusta que brinda a los vendedores de afiliados la capacidad de adaptar y personalizar sus tasas de comisi\u00f3n de acuerdo con el rendimiento excepcional exhibido por sus afiliados. Al emplear esta herramienta, los gerentes de afiliados est\u00e1n facultados para establecer numerosos niveles de comisiones que se implementan sin esfuerzo y autom\u00e1ticamente en funci\u00f3n del notable desempe\u00f1o de los afiliados individuales. Esta caracter\u00edstica excepcional garantiza que los afiliados est\u00e1n motivados e incentivados para ejercer m\u00e1s esfuerzo y exhibir un rendimiento superior, que finalmente culmin\u00f3 en un aumento sustancial en ventas e ingresos para el negocio. Adem\u00e1s, la herramienta cuenta con una interfaz de usuario intuitiva y se puede personalizar sin esfuerzo y adaptarse para acomodar cualquier modelo de negocio, lo que lo convierte en un activo indispensable e indispensable para cada aspirante a vendedor afiliado que aspira a optimizar y maximizar sus ganancias potenciales.<\/p>\n<ul>\n<li>Le permite crear diferentes tasas de comisi\u00f3n para diferentes niveles de afiliados<\/li>\n<li>Aumenta la motivaci\u00f3n para los afiliados para lograr niveles m\u00e1s altos y ganar m\u00e1s<\/li>\n<li>Niveles personalizables basados \u200b\u200ben el n\u00famero de ventas u otros criterios<\/li>\n<li>F\u00e1cil de configurar y administrar a trav\u00e9s de Affiliatewp<\/li>\n<li>Compatible con la mayor\u00eda de las plataformas de comercio electr\u00f3nico y pasarelas de pago<\/li>\n<li>Aumenta las ventas y los ingresos para su negocio<\/li>\n<li>Proporciona una estructura de comisi\u00f3n justa y transparente para los afiliados<\/li>\n<li>Mejora la retenci\u00f3n y la lealtad de los afiliados.<\/li>\n<\/ul>\n","protected":false},"excerpt":{"rendered":"<p>La herramienta de tarifas de afiliados de AffiliateWP es un instrumento poderoso, espec\u00edficamente dise\u00f1ado para apoyar a las empresas al proporcionar incentivos de programas de afiliados efectivos. Utiliza un sistema de tasas de comisi\u00f3n basadas en ventas, alentando a los afiliados a estimular la promoci\u00f3n del producto con celo y diligencia.<\/p>\n<p>Las empresas pueden crear estructuras de comisiones escalonadas personalizadas utilizando este complemento multifac\u00e9tico, inspirando afiliados para promover sus productos y servicios de manera m\u00e1s entusiasta. Esta herramienta permite a las empresas establecer un umbral de pago m\u00ednimo, defendiendo un sistema de pago justo y justo.<\/p>\n<p>La configuraci\u00f3n sin esfuerzo del complemento AffiliateWP lo convierte en una herramienta f\u00e1cil de usar, que ofrece diversas opciones para satisfacer diversas necesidades comerciales. Apoya la mejora del \u00e9xito del programa de afiliados, aumentando la prosperidad y elevando el programa a nuevas alturas.<\/p>\n<p>La herramienta AffiliateWP no se trata solo del \u00e9xito empresarial sino tambi\u00e9n de motivar a los afiliados. Ayuda a aumentar las ventas al tiempo que ofrece estructuras de comisiones personalizadas. La simplicidad y la eficiencia de AffiliateWP lo convierten en una herramienta ideal para pagos equitativos.<\/p>\n<p>AffiliateWP es una herramienta para el aumento de ingresos, promoviendo el \u00e9xito y la prosperidad. Es un<\/p>\n","protected":false},"featured_media":165327,"comment_status":"open","ping_status":"open","template":"","meta":[],"product_brand":[2357],"product_cat":[1207,1225,1206],"product_tag":[1227],"class_list":{"0":"post-111964","1":"product","2":"type-product","3":"status-publish","4":"has-post-thumbnail","6":"product_brand-affiliate-wp","7":"product_cat-comercio-electronico-plugins","8":"product_cat-marketing","9":"product_cat-plugins","10":"product_tag-affiliate-wp","11":"member-discount","12":"discount-restricted","14":"first","15":"instock","16":"sale","17":"downloadable","18":"virtual","19":"sold-individually","20":"purchasable","21":"product-type-simple"},"_links":{"self":[{"href":"https:\/\/gpl-love.com\/es\/wp-json\/wp\/v2\/product\/111964","targetHints":{"allow":["GET"]}}],"collection":[{"href":"https:\/\/gpl-love.com\/es\/wp-json\/wp\/v2\/product"}],"about":[{"href":"https:\/\/gpl-love.com\/es\/wp-json\/wp\/v2\/types\/product"}],"replies":[{"embeddable":true,"href":"https:\/\/gpl-love.com\/es\/wp-json\/wp\/v2\/comments?post=111964"}],"wp:featuredmedia":[{"embeddable":true,"href":"https:\/\/gpl-love.com\/es\/wp-json\/wp\/v2\/media\/165327"}],"wp:attachment":[{"href":"https:\/\/gpl-love.com\/es\/wp-json\/wp\/v2\/media?parent=111964"}],"wp:term":[{"taxonomy":"product_brand","embeddable":true,"href":"https:\/\/gpl-love.com\/es\/wp-json\/wp\/v2\/product_brand?post=111964"},{"taxonomy":"product_cat","embeddable":true,"href":"https:\/\/gpl-love.com\/es\/wp-json\/wp\/v2\/product_cat?post=111964"},{"taxonomy":"product_tag","embeddable":true,"href":"https:\/\/gpl-love.com\/es\/wp-json\/wp\/v2\/product_tag?post=111964"}],"curies":[{"name":"wp","href":"https:\/\/api.w.org\/{rel}","templated":true}]}}