{"id":111962,"date":"2021-11-04T00:00:00","date_gmt":"2021-11-04T05:00:00","guid":{"rendered":"http:\/\/gpl-love.com\/es\/producto\/affiliatewp-affiliate-dashboard-sharing\/"},"modified":"2026-03-09T07:16:46","modified_gmt":"2026-03-09T12:16:46","slug":"affiliatewp-affiliate-dashboard-sharing","status":"publish","type":"product","link":"https:\/\/gpl-love.com\/es\/producto\/affiliatewp-affiliate-dashboard-sharing\/","title":{"rendered":"AffiliateWP Affiliate Dashboard Sharing 1.3"},"content":{"rendered":"<h3>AffiliateWP Affiliate Dashboard Sharing Caracteristicas<\/h3>\n<p>AffiliateWP Affiliate Dashboard Sharing es una soluci\u00f3n de vanguardia meticulosamente dise\u00f1ada para otorgar a los afiliados la capacidad de compartir sin esfuerzo su tablero de afiliados con compa\u00f1eros afiliados, fomentando as\u00ed una sensaci\u00f3n de colaboraci\u00f3n y promover un rendimiento \u00f3ptimo. Al utilizar esta herramienta, los afiliados pueden difundir perfectamente informaci\u00f3n crucial, como sus ganancias, enlace de referencia y otras m\u00e9tricas importantes para su red. La caracter\u00edstica de intercambio del tablero de afiliados faculta a los afiliados para generar enlaces \u00fanicos que se pueden distribuir f\u00e1cilmente entre otros afiliados, que finalmente facilitan los esfuerzos colectivos para lograr los objetivos compartidos. Adem\u00e1s, esta caracter\u00edstica cuenta con una funcionalidad f\u00e1cil de usar, junto con amplias opciones de personalizaci\u00f3n que permiten a los afiliados adaptar las preferencias de intercambio de acuerdo con sus requisitos individuales. En esencia, el intercambio del tablero de afiliados de AffiliateWP constituye un recurso indispensable para los afiliados que aspiran a expandir su red y elevar su rendimiento general.<\/p>\n<ul>\n<li>Permite a los afiliados compartir f\u00e1cilmente su tablero de afiliados personalizado con su audiencia<\/li>\n<li>Aumenta la visibilidad y la accesibilidad del programa de afiliados<\/li>\n<li>Proporciona una interfaz f\u00e1cil de usar para que los afiliados administren su cuenta<\/li>\n<li>Ofrece varias opciones de personalizaci\u00f3n para que los afiliados adapten su tablero a su marca<\/li>\n<li>Simplifica el proceso de seguimiento de ganancias y referencias<\/li>\n<li>Rimensiva la comunicaci\u00f3n entre los afiliados y el programa de afiliados<\/li>\n<li>Aumenta la motivaci\u00f3n y el compromiso de los afiliados al proporcionar un f\u00e1cil acceso a su progreso y recompensas<\/li>\n<li>Mejora el \u00e9xito general y el crecimiento del programa de afiliados a trav\u00e9s de una mayor participaci\u00f3n y promoci\u00f3n.<\/li>\n<\/ul>\n","protected":false},"excerpt":{"rendered":"<p>La herramienta de intercambio del tablero afiliado AffiliateWP es una soluci\u00f3n ingeniosamente elaborada para compartir enlaces de afiliados sin problemas para aumentar los ingresos. Est\u00e1 dise\u00f1ado para facilitar el intercambio f\u00e1cil de usar de enlaces de afiliados en las redes sociales por sus estimados afiliados. Esta herramienta optimiza el proceso de creaci\u00f3n de contenido, que permite a sus afiliados respaldar productos o servicios sin esfuerzo a sus fieles seguidores.<\/p>\n<p>La herramienta AffiliateWP para el aumento de ventas tambi\u00e9n permite a los afiliados monitorear su \u00e9xito mediante el seguimiento del rendimiento del enlace de afiliados. Esto incluye clics de monitoreo, ventas y comisiones de los enlaces compartidos, ofreciendo una visi\u00f3n clara de su impacto en los ingresos por ventas.<\/p>\n<p>La funci\u00f3n de intercambio del tablero de afiliados para un mejor seguimiento de ventas garantiza que sus afiliados puedan vigilar de cerca su efectividad. Esta herramienta de marketing de afiliaci\u00f3n f\u00e1cil de usar no solo simplifica el proceso sino que tambi\u00e9n amplifica la eficacia de su programa de marketing de afiliaci\u00f3n.<\/p>\n<p>Con el intercambio de enlaces de afiliados mejorado facilitado por la herramienta de intercambio de tableros de instrumentos de afiliaci\u00f3n AffiliateWP, los afiliados pueden aumentar sus ventas, lo que lleva a un aumento en sus ingresos generales de ventas. El impacto de la herramienta en los ingresos por ventas es significativo, lo que lo hace<\/p>\n","protected":false},"featured_media":165312,"comment_status":"open","ping_status":"open","template":"","meta":[],"product_brand":[2357],"product_cat":[1207,1225,1206],"product_tag":[1227],"class_list":{"0":"post-111962","1":"product","2":"type-product","3":"status-publish","4":"has-post-thumbnail","6":"product_brand-affiliate-wp","7":"product_cat-comercio-electronico-plugins","8":"product_cat-marketing","9":"product_cat-plugins","10":"product_tag-affiliate-wp","11":"member-discount","12":"discount-restricted","14":"first","15":"instock","16":"sale","17":"downloadable","18":"virtual","19":"sold-individually","20":"purchasable","21":"product-type-simple"},"_links":{"self":[{"href":"https:\/\/gpl-love.com\/es\/wp-json\/wp\/v2\/product\/111962","targetHints":{"allow":["GET"]}}],"collection":[{"href":"https:\/\/gpl-love.com\/es\/wp-json\/wp\/v2\/product"}],"about":[{"href":"https:\/\/gpl-love.com\/es\/wp-json\/wp\/v2\/types\/product"}],"replies":[{"embeddable":true,"href":"https:\/\/gpl-love.com\/es\/wp-json\/wp\/v2\/comments?post=111962"}],"wp:featuredmedia":[{"embeddable":true,"href":"https:\/\/gpl-love.com\/es\/wp-json\/wp\/v2\/media\/165312"}],"wp:attachment":[{"href":"https:\/\/gpl-love.com\/es\/wp-json\/wp\/v2\/media?parent=111962"}],"wp:term":[{"taxonomy":"product_brand","embeddable":true,"href":"https:\/\/gpl-love.com\/es\/wp-json\/wp\/v2\/product_brand?post=111962"},{"taxonomy":"product_cat","embeddable":true,"href":"https:\/\/gpl-love.com\/es\/wp-json\/wp\/v2\/product_cat?post=111962"},{"taxonomy":"product_tag","embeddable":true,"href":"https:\/\/gpl-love.com\/es\/wp-json\/wp\/v2\/product_tag?post=111962"}],"curies":[{"name":"wp","href":"https:\/\/api.w.org\/{rel}","templated":true}]}}