{"id":111960,"date":"2025-04-27T00:00:00","date_gmt":"2025-04-27T05:00:00","guid":{"rendered":"http:\/\/gpl-love.com\/es\/producto\/affiliatewp-paypal-payouts\/"},"modified":"2026-03-09T07:17:00","modified_gmt":"2026-03-09T12:17:00","slug":"affiliatewp-paypal-payouts","status":"publish","type":"product","link":"https:\/\/gpl-love.com\/es\/producto\/affiliatewp-paypal-payouts\/","title":{"rendered":"AffiliateWP PayPal Payouts 1.4.3"},"content":{"rendered":"<h3>AffiliateWP PayPal Payouts Caracteristicas<\/h3>\n<p>Los pagos de PayPal de AffiliateWP se presenta como una herramienta de procesamiento de pagos excepcionalmente eficiente e influyente, proporcionando programas afiliados con la capacidad de procesar los pagos de manera r\u00e1pida y sin esfuerzo. La funcionalidad de esta herramienta faculta a los administradores para desembolsar los pagos a sus afiliados a trav\u00e9s de PayPal en grandes cantidades, disminuyendo significativamente la cantidad de tiempo y esfuerzo requeridos para ejecutar pagos individuales. Adem\u00e1s, este sistema est\u00e1 incluso equipado para acomodar pagos parciales, facilitando as\u00ed a los administradores en la dispensaci\u00f3n de pagos de acuerdo con los requisitos previos espec\u00edficos de cada afiliado. Al emplear los pagos de PayPal AffiliateWP, los afiliados est\u00e1n facultados para disfrutar de la conveniencia de recibir sus pagos de manera puntual e ingeniosa, aumentando su satisfacci\u00f3n general y generar un sentido de lealtad hacia el programa. Como una ventaja adicional, esta herramienta cuenta con una interfaz f\u00e1cil de usar y se integra perfectamente con varios otros sistemas de procesamiento de pagos, lo que le convierte en una opci\u00f3n \u00f3ptima para los programas de afiliados que aspiran a optimizar y optimizar su proceso de pago.<\/p>\n<ul>\n<li>Permite a los usuarios configurar y administrar f\u00e1cilmente los pagos de la comisi\u00f3n a los afiliados a trav\u00e9s de PayPal<\/li>\n<li>Automatizar el proceso de pago, ahorrar tiempo y garantizar la precisi\u00f3n<\/li>\n<li>Admite m\u00faltiples monedas para pagos internacionales<\/li>\n<li>Proporciona un historial de transacciones detallado para un f\u00e1cil seguimiento y mantenimiento de registros<\/li>\n<li>Se integra a la perfecci\u00f3n con AffiliateWP, un complemento de gesti\u00f3n de afiliados l\u00edderes en la industria para WordPress<\/li>\n<li>Incluye una amplia documentaci\u00f3n y soporte para garantizar una experiencia de configuraci\u00f3n y uso sin problemas.<\/li>\n<li>Compatible con las \u00faltimas versiones de WordPress y PayPal, asegurando la funcionalidad continua y la compatibilidad con actualizaciones futuras<\/li>\n<\/ul>\n","protected":false},"excerpt":{"rendered":"<p>Affiliatewp PayPal Payouts es un complemento de pago de afiliados f\u00e1ciles de usar que ofrece un m\u00e9todo eficiente y sin problemas para compensar a los afiliados. Es una herramienta invaluable tanto para los due\u00f1os de negocios como para los especialistas en marketing de afiliados, que proporciona una forma de automatizar los pagos de afiliados, mejorando as\u00ed la eficiencia de pago y el ahorro de tiempo.<\/p>\n<p>El complemento ofrece un proceso de pago de afiliados optimizado a trav\u00e9s de su integraci\u00f3n con PayPal, facilitando los pagos automatizados de afiliados y reduciendo la necesidad de trabajo manual. Con la automatizaci\u00f3n de pagos de PayPal, puede administrar su programa de afiliados de manera m\u00e1s eficiente, simplificando el flujo de trabajo de afiliados y ahorrando un tiempo valioso.<\/p>\n<p>El complemento AffiliateWP para PayPal tambi\u00e9n presenta informes integrales de pagos, que proporciona informaci\u00f3n detallada para el seguimiento meticuloso de las transacciones de PayPal. Esta eficiente herramienta de gesti\u00f3n de programas de afiliados le permite vigilar todas sus transacciones, asegurando la precisi\u00f3n y la transparencia.<\/p>\n<p>Los beneficios de los pagos de PayPal de AffiliateWP se extienden m\u00e1s all\u00e1 de simplificar su flujo de trabajo. Su integraci\u00f3n perfecta con AffiliateWP permite una gesti\u00f3n m\u00e1s eficiente de su programa de afiliados. Esto, junto con su interfaz f\u00e1cil de usar e informes de pago detallados, lo convierte en un ideal<\/p>\n","protected":false},"featured_media":165321,"comment_status":"open","ping_status":"open","template":"","meta":[],"product_brand":[2357],"product_cat":[1207,1225,1206],"product_tag":[1227],"class_list":{"0":"post-111960","1":"product","2":"type-product","3":"status-publish","4":"has-post-thumbnail","6":"product_brand-affiliate-wp","7":"product_cat-comercio-electronico-plugins","8":"product_cat-marketing","9":"product_cat-plugins","10":"product_tag-affiliate-wp","11":"member-discount","12":"discount-restricted","14":"first","15":"instock","16":"sale","17":"downloadable","18":"virtual","19":"sold-individually","20":"purchasable","21":"product-type-simple"},"_links":{"self":[{"href":"https:\/\/gpl-love.com\/es\/wp-json\/wp\/v2\/product\/111960","targetHints":{"allow":["GET"]}}],"collection":[{"href":"https:\/\/gpl-love.com\/es\/wp-json\/wp\/v2\/product"}],"about":[{"href":"https:\/\/gpl-love.com\/es\/wp-json\/wp\/v2\/types\/product"}],"replies":[{"embeddable":true,"href":"https:\/\/gpl-love.com\/es\/wp-json\/wp\/v2\/comments?post=111960"}],"wp:featuredmedia":[{"embeddable":true,"href":"https:\/\/gpl-love.com\/es\/wp-json\/wp\/v2\/media\/165321"}],"wp:attachment":[{"href":"https:\/\/gpl-love.com\/es\/wp-json\/wp\/v2\/media?parent=111960"}],"wp:term":[{"taxonomy":"product_brand","embeddable":true,"href":"https:\/\/gpl-love.com\/es\/wp-json\/wp\/v2\/product_brand?post=111960"},{"taxonomy":"product_cat","embeddable":true,"href":"https:\/\/gpl-love.com\/es\/wp-json\/wp\/v2\/product_cat?post=111960"},{"taxonomy":"product_tag","embeddable":true,"href":"https:\/\/gpl-love.com\/es\/wp-json\/wp\/v2\/product_tag?post=111960"}],"curies":[{"name":"wp","href":"https:\/\/api.w.org\/{rel}","templated":true}]}}