{"id":111958,"date":"2021-12-17T00:00:00","date_gmt":"2021-12-17T05:00:00","guid":{"rendered":"http:\/\/gpl-love.com\/es\/?post_type=product&#038;p=111958"},"modified":"2026-03-09T08:27:27","modified_gmt":"2026-03-09T13:27:27","slug":"wordpress-print-posts-and-pages-pdf","status":"publish","type":"product","link":"https:\/\/gpl-love.com\/es\/producto\/wordpress-print-posts-and-pages-pdf\/","title":{"rendered":"WordPress Print Posts y Pages (PDF) 1.5.7"},"content":{"rendered":"<h3>WordPress Print Posts y Pages (PDF) Caracteristicas<\/h3>\n<p>El complemento WordPress Print Publics and Pages (PDF) es una soluci\u00f3n excepcional que atiende a los usuarios que buscan generar y distribuir documentos PDF de grado profesional directamente desde su sitio web de WordPress. Este complemento formidable permite a los usuarios la capacidad de convertir sin esfuerzo sus publicaciones y p\u00e1ginas de blog en PDF de impecablemente dise\u00f1ados que est\u00e1n preparados para la impresi\u00f3n, todo con solo unos pocos clics simples. Adem\u00e1s, este complemento cuenta con una adaptabilidad incomparable, ya que otorga a los usuarios la libertad de personalizar el dise\u00f1o y el dise\u00f1o de sus PDF para alinearse perfectamente con sus requisitos espec\u00edficos. Adem\u00e1s, este complemento rico en caracter\u00edsticas abarca una amplia gama de funcionalidades, como encabezados y pies de p\u00e1gina personalizables, marcas de agua y muchos otros que mejoran a\u00fan m\u00e1s la experiencia del usuario. Independientemente de si su objetivo es crear manuales de productos, folletos digitales o simplemente proporcionar a su audiencia una avenida conveniente para preservar y compartir su contenido cautivador, el complemento de publicaciones de impresi\u00f3n de WordPress (PDF) es una herramienta indispensable que se integra sin problemas en Arsenal de cualquier usuario exigente de WordPress.<\/p>\n<ul>\n<li>Un documento de PDF listo para imprimir en publicaciones y p\u00e1ginas de WordPress.<\/li>\n<li><\/li>\n<li>F\u00e1cil de instalar y usar el complemento de WordPress.<\/li>\n<li>Admite plantillas personalizables para la salida PDF.<\/li>\n<li>Incluye m\u00faltiples opciones de dise\u00f1o para la impresi\u00f3n.<\/li>\n<li>Admite extractos, campos personalizados e im\u00e1genes destacadas.<\/li>\n<li>Compatible con complementos populares de constructor de p\u00e1ginas.<\/li>\n<li>Genera una tabla completa de contenido para el documento PDF.<\/li>\n<li>Admite paginaci\u00f3n y numeraci\u00f3n de p\u00e1gina.<\/li>\n<li>No requiere habilidades o experiencia en codificaci\u00f3n.<\/li>\n<li>Perfecto para imprimir publicaciones de blog, tutoriales y libros electr\u00f3nicos.<\/li>\n<li>Hace que sea f\u00e1cil convertir el contenido de WordPress en formato amigable con la impresora.<\/li>\n<\/ul>\n","protected":false},"excerpt":{"rendered":"<p>La herramienta WordPress Print Publics and Pages (PDF) es un complemento incre\u00edblemente f\u00e1cil de usar que facilita la conversi\u00f3n de sus publicaciones y p\u00e1ginas de WordPress en el formato PDF altamente vers\u00e1til. Al participar en unos pocos clics simples, tiene la capacidad de generar PDF que exuden una est\u00e9tica profesional, con una variedad de fuentes personalizables y opciones de estilo. Esta herramienta excepcional sirve como un recurso ideal para personas como bloggers, vendedores o cualquier otra persona que busque concebir y difundir r\u00e1pidamente contenido excepcional en un formato que sea port\u00e1til y de f\u00e1cil acceso. Ya sea que su aspiraci\u00f3n sea proporcionar a sus lectores recursos descargables o simplemente requiere un m\u00e9todo simplificado para imprimir y distribuir su contenido sin esfuerzo en la configuraci\u00f3n fuera de l\u00ednea, el complemento WordPress Print Publics (PDF) se destaca como la soluci\u00f3n definitiva.<\/p>\n","protected":false},"featured_media":168352,"comment_status":"open","ping_status":"open","template":"","meta":[],"product_brand":[2339],"product_cat":[1214,1206,1211],"product_tag":[1256],"class_list":{"0":"post-111958","1":"product","2":"type-product","3":"status-publish","4":"has-post-thumbnail","6":"product_brand-codecanyon","7":"product_cat-personalizacion","8":"product_cat-plugins","9":"product_cat-wordpress-plugins","10":"product_tag-codecanyon","11":"member-discount","12":"discount-restricted","14":"first","15":"instock","16":"sale","17":"downloadable","18":"virtual","19":"sold-individually","20":"purchasable","21":"product-type-simple"},"_links":{"self":[{"href":"https:\/\/gpl-love.com\/es\/wp-json\/wp\/v2\/product\/111958","targetHints":{"allow":["GET"]}}],"collection":[{"href":"https:\/\/gpl-love.com\/es\/wp-json\/wp\/v2\/product"}],"about":[{"href":"https:\/\/gpl-love.com\/es\/wp-json\/wp\/v2\/types\/product"}],"replies":[{"embeddable":true,"href":"https:\/\/gpl-love.com\/es\/wp-json\/wp\/v2\/comments?post=111958"}],"wp:featuredmedia":[{"embeddable":true,"href":"https:\/\/gpl-love.com\/es\/wp-json\/wp\/v2\/media\/168352"}],"wp:attachment":[{"href":"https:\/\/gpl-love.com\/es\/wp-json\/wp\/v2\/media?parent=111958"}],"wp:term":[{"taxonomy":"product_brand","embeddable":true,"href":"https:\/\/gpl-love.com\/es\/wp-json\/wp\/v2\/product_brand?post=111958"},{"taxonomy":"product_cat","embeddable":true,"href":"https:\/\/gpl-love.com\/es\/wp-json\/wp\/v2\/product_cat?post=111958"},{"taxonomy":"product_tag","embeddable":true,"href":"https:\/\/gpl-love.com\/es\/wp-json\/wp\/v2\/product_tag?post=111958"}],"curies":[{"name":"wp","href":"https:\/\/api.w.org\/{rel}","templated":true}]}}