{"id":111954,"date":"2026-03-23T00:00:00","date_gmt":"2026-03-23T05:00:00","guid":{"rendered":"http:\/\/gpl-love.com\/es\/producto\/supportcandy-woocommerce-integration\/"},"modified":"2026-04-10T11:27:03","modified_gmt":"2026-04-10T16:27:03","slug":"supportcandy-woocommerce-integration","status":"publish","type":"product","link":"https:\/\/gpl-love.com\/es\/producto\/supportcandy-woocommerce-integration\/","title":{"rendered":"SupportCandy WooCommerce Integration 3.2.6"},"content":{"rendered":"<h3>SupportCandy WooCommerce Integration Caracteristicas<\/h3>\n<p>La integraci\u00f3n SupportCandy WooCommerce es una herramienta robusta y altamente efectiva que integra perfectamente su sistema de soporte y su tienda WooCommerce, lo que resulta en una operaci\u00f3n suave y eficiente. Al utilizar esta integraci\u00f3n, puede manejar sin esfuerzo las consultas, pedidos y reembolsos de los clientes desde una ubicaci\u00f3n centralizada \u00fanica para la m\u00e1xima conveniencia. Con las capacidades incomparables de SupportCandy, tiene la capacidad de optimizar su proceso de atenci\u00f3n al cliente y ofrecer un servicio excepcional que sin duda impresionar\u00e1 a sus compradores. Independientemente de si opera un negocio a peque\u00f1a escala o una gran empresa, esta integraci\u00f3n ofrece la soluci\u00f3n ideal para elevar la experiencia de su cliente y aumentar significativamente sus ventas. Vuelva a despedirme de la ardua tarea de administrar m\u00faltiples plataformas y dar la bienvenida c\u00e1lidamente el soporte sin esfuerzo proporcionado por la integraci\u00f3n de soporte de WooCommerce.<\/p>\n<ul>\n<li>Integre perfectamente su tienda WooCommerce con SupportCandy<\/li>\n<li>Automatice las solicitudes de atenci\u00f3n al cliente de sus clientes de WooCommerce<\/li>\n<li>Realice un seguimiento de los pedidos de los clientes y el historial de pedidos dentro de la interfaz SupportCandy<\/li>\n<li>Administre f\u00e1cilmente los boletos de atenci\u00f3n al cliente desde su tienda WooCommerce<\/li>\n<li>Garantizar la resoluci\u00f3n oportuna de cualquier problema o consulta de sus clientes de WooCommerce<\/li>\n<li>Ahorre tiempo y esfuerzo teniendo todos los datos del cliente en un solo lugar con SupportCandy WooCommerce Integration<\/li>\n<li>Mejore la satisfacci\u00f3n del cliente al proporcionar un excelente servicio al cliente en su tienda WooCommerce de manera optimizada<\/li>\n<li>Mejore la reputaci\u00f3n de su tienda mejorando sus procesos de atenci\u00f3n al cliente con la integraci\u00f3n de soporte de WooCommerce<\/li>\n<li>Disfrute de una mayor eficiencia en la gesti\u00f3n de solicitudes de atenci\u00f3n al cliente integrando SupportCandy con su tienda WooCommerce<\/li>\n<\/ul>\n","protected":false},"excerpt":{"rendered":"<p>La integraci\u00f3n de SupportCandy con WooCommerce tiene el prop\u00f3sito de simplificar su flujo de trabajo fusionando perfectamente su tienda WooCommerce y el servicio de asistencia de soporte en un sistema cohesivo. A trav\u00e9s de esta amalgamaci\u00f3n, obtiene la capacidad de acceder sin esfuerzo y examinar los pedidos de los clientes, as\u00ed como su historial de compra completo desde su plataforma de servicio de asistencia. Adem\u00e1s, puede establecer convenientemente una correlaci\u00f3n entre los boletos y los pedidos correspondientes, e incluso tener nuevos boletos creados autom\u00e1ticamente para cada nuevo pedido que entra. Al implementar este proceso simplificado, no solo ahorra un tiempo valioso, sino que tambi\u00e9n garantiza una experiencia del cliente perfecta y satisfactoria . Comience su utilizaci\u00f3n de la integraci\u00f3n de soporte de WooCommerce hoy y presencie una mejora significativa en la eficacia de sus operaciones de apoyo.<\/p>\n","protected":false},"featured_media":167674,"comment_status":"open","ping_status":"open","template":"","meta":[],"product_brand":[2570],"product_cat":[1212,1206,1211],"product_tag":[1808],"class_list":{"0":"post-111954","1":"product","2":"type-product","3":"status-publish","4":"has-post-thumbnail","6":"product_brand-supportcandy","7":"product_cat-administracion-wordpress-plugins","8":"product_cat-plugins","9":"product_cat-wordpress-plugins","10":"product_tag-supportcandy","11":"member-discount","12":"discount-restricted","14":"first","15":"instock","16":"sale","17":"downloadable","18":"virtual","19":"sold-individually","20":"purchasable","21":"product-type-simple"},"_links":{"self":[{"href":"https:\/\/gpl-love.com\/es\/wp-json\/wp\/v2\/product\/111954","targetHints":{"allow":["GET"]}}],"collection":[{"href":"https:\/\/gpl-love.com\/es\/wp-json\/wp\/v2\/product"}],"about":[{"href":"https:\/\/gpl-love.com\/es\/wp-json\/wp\/v2\/types\/product"}],"replies":[{"embeddable":true,"href":"https:\/\/gpl-love.com\/es\/wp-json\/wp\/v2\/comments?post=111954"}],"wp:featuredmedia":[{"embeddable":true,"href":"https:\/\/gpl-love.com\/es\/wp-json\/wp\/v2\/media\/167674"}],"wp:attachment":[{"href":"https:\/\/gpl-love.com\/es\/wp-json\/wp\/v2\/media?parent=111954"}],"wp:term":[{"taxonomy":"product_brand","embeddable":true,"href":"https:\/\/gpl-love.com\/es\/wp-json\/wp\/v2\/product_brand?post=111954"},{"taxonomy":"product_cat","embeddable":true,"href":"https:\/\/gpl-love.com\/es\/wp-json\/wp\/v2\/product_cat?post=111954"},{"taxonomy":"product_tag","embeddable":true,"href":"https:\/\/gpl-love.com\/es\/wp-json\/wp\/v2\/product_tag?post=111954"}],"curies":[{"name":"wp","href":"https:\/\/api.w.org\/{rel}","templated":true}]}}