{"id":111952,"date":"2021-03-27T00:00:00","date_gmt":"2021-03-27T05:00:00","guid":{"rendered":"http:\/\/gpl-love.com\/es\/producto\/affiliatewp-affiliate-groups\/"},"modified":"2026-03-09T07:16:48","modified_gmt":"2026-03-09T12:16:48","slug":"affiliatewp-affiliate-groups","status":"publish","type":"product","link":"https:\/\/gpl-love.com\/es\/producto\/affiliatewp-affiliate-groups\/","title":{"rendered":"AffiliateWP Affiliate Groups 1.6.12"},"content":{"rendered":"<h3>AffiliateWP Affiliate Groups Caracteristicas<\/h3>\n<p>Los grupos afiliados de AffiliateWP emergen como un complemento extremadamente potente que ha sido formulado de manera \u00fanica para facilitar a las empresas en sus esfuerzos a inventar y regular de manera efectiva a los grupos afiliados. Al aprovechar esta notable herramienta, los usuarios est\u00e1n dotados de la incre\u00edble capacidad de clasificar a la perfecci\u00f3n sus afiliados en grupos, dependiendo de una mir\u00edada de criterios, que van desde la ubicaci\u00f3n geogr\u00e1fica hasta el canal de marketing. En consecuencia, esto genera el proceso de monitorear el rendimiento y compensar debidamente la crema de los afiliados. Adem\u00e1s, adem\u00e1s de sus impresionantes funcionalidades, el complemento est\u00e1 repleto de caracter\u00edsticas de vanguardia, que incluyen ajustes de comisi\u00f3n automatizados y la provisi\u00f3n de tarifas de comisiones espec\u00edficas del grupo. Estos atributos notables proporcionan a las empresas la oportunidad incomparable de adaptar su programa de afiliados de acuerdo con sus requisitos a medida. A la luz de estas razones convincentes, se vuelve inequ\u00edvocamente evidente que los grupos afiliados de AffiliateWP son una herramienta indispensable para cualquier negocio exigente que alberga un deseo ardiente de optimizar y maximizar la eficacia de sus esfuerzos de marketing de afiliaci\u00f3n.<\/p>\n<ul>\n<li>-Organiza tus afiliados en grupos para una mejor gesti\u00f3n y seguimiento<\/li>\n<li>-S -COMISIONES DE AFILIADAS Y GANANCIAS DE AFILICIAS DEL SEGENCIO POR GRUP<\/li>\n<li>-Cree ofertas y promociones especiales exclusivamente para grupos de afiliados espec\u00edficos<\/li>\n<li>-Estar diferentes tasas de comisi\u00f3n para cada grupo para incentivar el rendimiento<\/li>\n<li>-Encamente agregar o eliminar afiliados de los grupos seg\u00fan sea necesario<\/li>\n<li>-Mever comunicaci\u00f3n y colaboraci\u00f3n entre afiliados dentro de sus respectivos grupos<\/li>\n<li>-Scite los datos de rendimiento y actividad para cada grupo en una ubicaci\u00f3n central<\/li>\n<li>-Entegrar con complementos populares de comercio electr\u00f3nico y membres\u00eda para una funcionalidad perfecta<\/li>\n<li>-TRINGLINE su programa de afiliados y aumente la eficiencia con los grupos afiliados de AffiliateWP.<\/li>\n<\/ul>\n","protected":false},"excerpt":{"rendered":"<p>La herramienta AffiliateWP Affiliate Groups es una herramienta notablemente potente que faculta a sus usuarios para generar y administrar de manera efectiva grupos afiliados. Este poderoso complemento, repleto de caracter\u00edsticas, ofrece la capacidad de generaci\u00f3n de grupos afiliados eficientes. Le permite construir colectivos de afiliados segmentados dentro de su programa de afiliados, cada uno con tasas de comisi\u00f3n y tasas de referencia distintas.<\/p>\n<p>La gesti\u00f3n de los atributos del grupo de afiliados personalizados se convierte en una brisa con el complemento de grupos afiliados de AffiliateWP. Optimiza su programa de afiliados, lo que resulta en una mejor gesti\u00f3n del programa de afiliados y ofrece varios beneficios de grupos de afiliados de AffiliateWP. Puede administrar sin problemas grupos afiliados, y el poder de los grupos afiliados de AffiliateWP es evidente en su eficacia.<\/p>\n<p>Abrace las caracter\u00edsticas de los grupos afiliados de AffiliateWP y mejore el \u00e9xito general de su programa. Con esta herramienta, no solo est\u00e1 construyendo un programa de afiliados con grupos afiliados de AffiliateWP, lo est\u00e1 preparando para lograr alturas de triunfo y \u00e9xito sin precedentes. La optimizaci\u00f3n ofrecida por la herramienta de grupos afiliados de AffiliateWP puede impulsar su programa a un \u00e1mbito de logro que dice mucho sobre el triunfo y el \u00e9xito de<\/p>\n","protected":false},"featured_media":165313,"comment_status":"open","ping_status":"open","template":"","meta":[],"product_brand":[2357],"product_cat":[1207,1225,1206],"product_tag":[1227],"class_list":{"0":"post-111952","1":"product","2":"type-product","3":"status-publish","4":"has-post-thumbnail","6":"product_brand-affiliate-wp","7":"product_cat-comercio-electronico-plugins","8":"product_cat-marketing","9":"product_cat-plugins","10":"product_tag-affiliate-wp","11":"member-discount","12":"discount-restricted","14":"first","15":"instock","16":"sale","17":"downloadable","18":"virtual","19":"sold-individually","20":"purchasable","21":"product-type-simple"},"_links":{"self":[{"href":"https:\/\/gpl-love.com\/es\/wp-json\/wp\/v2\/product\/111952","targetHints":{"allow":["GET"]}}],"collection":[{"href":"https:\/\/gpl-love.com\/es\/wp-json\/wp\/v2\/product"}],"about":[{"href":"https:\/\/gpl-love.com\/es\/wp-json\/wp\/v2\/types\/product"}],"replies":[{"embeddable":true,"href":"https:\/\/gpl-love.com\/es\/wp-json\/wp\/v2\/comments?post=111952"}],"wp:featuredmedia":[{"embeddable":true,"href":"https:\/\/gpl-love.com\/es\/wp-json\/wp\/v2\/media\/165313"}],"wp:attachment":[{"href":"https:\/\/gpl-love.com\/es\/wp-json\/wp\/v2\/media?parent=111952"}],"wp:term":[{"taxonomy":"product_brand","embeddable":true,"href":"https:\/\/gpl-love.com\/es\/wp-json\/wp\/v2\/product_brand?post=111952"},{"taxonomy":"product_cat","embeddable":true,"href":"https:\/\/gpl-love.com\/es\/wp-json\/wp\/v2\/product_cat?post=111952"},{"taxonomy":"product_tag","embeddable":true,"href":"https:\/\/gpl-love.com\/es\/wp-json\/wp\/v2\/product_tag?post=111952"}],"curies":[{"name":"wp","href":"https:\/\/api.w.org\/{rel}","templated":true}]}}