{"id":111949,"date":"2021-06-01T00:00:00","date_gmt":"2021-06-01T05:00:00","guid":{"rendered":"http:\/\/gpl-love.com\/es\/producto\/affiliatewp-multi-level-affiliates-by-click-studio\/"},"modified":"2026-03-09T07:16:59","modified_gmt":"2026-03-09T12:16:59","slug":"affiliatewp-multi-level-affiliates-by-click-studio","status":"publish","type":"product","link":"https:\/\/gpl-love.com\/es\/producto\/affiliatewp-multi-level-affiliates-by-click-studio\/","title":{"rendered":"AffiliateWP Multi Level Affiliates 1.9.15"},"content":{"rendered":"<h3>AffiliateWP Multi Level Affiliates Caracteristicas<\/h3>\n<p>AffiliateWP Multi Level Affiliates, desarrollado por Click Studio, es una herramienta muy robusta y eficiente que ha sido dise\u00f1ada espec\u00edficamente para facilitar la gesti\u00f3n perfecta de su programa de afiliados. Esta soluci\u00f3n de vanguardia ofrece una variedad de caracter\u00edsticas avanzadas que no solo simplifican el proceso de reclutamiento de afiliados, sino que tambi\u00e9n racionalizan la gesti\u00f3n de su rendimiento y el seguimiento de sus ganancias. Al aprovechar este complemento excepcional, tiene la capacidad de establecer un programa de afiliados de varios niveles, otorg\u00e1ndole la capacidad no solo de recompensar a sus afiliados por sus ventas individuales, sino tambi\u00e9n por las ventas generadas por sus subafiliados. El tablero de dise\u00f1o intuitivo dentro de esta herramienta revolucionaria le proporciona una visi\u00f3n general integral y l\u00facida del rendimiento de su programa de afiliados, que abarca m\u00e9tricas vitales como cifras de ventas, comisiones y pagos. Adem\u00e1s, este complemento notable permite la perfecta personalizaci\u00f3n de las tarifas de la comisi\u00f3n para afiliados distintos, el establecimiento de horarios de pago automatizados y una integraci\u00f3n perfecta con pasarelas de pago de renombre como PayPal y Stripe. En esencia, al adoptar afiliados de AffiliateWP Multi Level, puede automatizar de manera efectiva su programa de afiliados al tiempo que concurra al expandir y mejorar su empresa.<\/p>\n<ul>\n<li>Un poderoso complemento dise\u00f1ado para ayudarlo a crear un programa de afiliados de varios niveles para su negocio<\/li>\n<li>Le permite recompensar a sus afiliados por referir nuevos afiliados a su programa<\/li>\n<li>Proporciona herramientas para rastrear y monitorear el rendimiento de los afiliados, incluidas las comisiones ganadas y las referencias realizadas<\/li>\n<li>Le permite establecer tasas de comisiones personalizadas para diferentes niveles de afiliados, lo que le brinda m\u00e1s control sobre los pagos de su programa<\/li>\n<li>Se integra a la perfecci\u00f3n con AffiliateWP, lo que facilita la gesti\u00f3n de todos los aspectos de su programa de afiliados desde un solo tablero<\/li>\n<li>Proceso de configuraci\u00f3n simple con instrucciones y documentaci\u00f3n claras para ayudarlo a comenzar r\u00e1pidamente<\/li>\n<li>Altamente flexible y personalizable, lo que le brinda la capacidad de adaptar su programa de afiliados a sus necesidades espec\u00edficas<\/li>\n<li>Probado para aumentar las referencias y las ventas incentivando a los afiliados para promover sus productos o servicios a sus redes.<\/li>\n<\/ul>\n","protected":false},"excerpt":{"rendered":"<p>Desarrollado por Click Studio, el complemento AffiliateWP Multi Level Affiliates es una soluci\u00f3n de marketing de afiliaci\u00f3n de vanguardia. Permite a los usuarios establecer redes de afiliados de varios niveles, reclutando subafiliados para comisiones basadas en sus ventas. Esta herramienta innovadora es conocida por sus estructuras de comisiones personalizables y sus funcionalidades integrales de seguimiento de referencias de afiliados.<\/p>\n<p>El complemento AffiliateWP Multi Level Affiliates tambi\u00e9n ofrece capacidades de informes robustas para programas de afiliados. Esto facilita a los afiliados administrar sus redes con la soluci\u00f3n de Click Studio. Con el potencial de comisiones de ventas de afiliados lucrativos, maximizar las ganancias con afiliados de niveles m\u00faltiples AffiliateWP se convierte en un proceso directo.<\/p>\n<p>Adem\u00e1s, el complemento ayuda a expandir su presencia en l\u00ednea a trav\u00e9s del marketing de afiliaci\u00f3n. Su conjunto de caracter\u00edsticas avanzadas, incluida una variedad de opciones de personalizaci\u00f3n para estructuras de comisiones y sistemas de pago, lo convierte en una herramienta valiosa para cualquier vendedor afiliado. Al utilizar los afiliados de AffiliateWP Multi Level mediante Click Studio, los usuarios pueden supervisar sin esfuerzo sus programas de afiliados mientras disfrutan de los beneficios de una presencia en l\u00ednea sustancial y ganancias maximizadas.<\/p>\n","protected":false},"featured_media":165320,"comment_status":"open","ping_status":"open","template":"","meta":[],"product_brand":[2357],"product_cat":[1207,1225,1206],"product_tag":[1227],"class_list":{"0":"post-111949","1":"product","2":"type-product","3":"status-publish","4":"has-post-thumbnail","6":"product_brand-affiliate-wp","7":"product_cat-comercio-electronico-plugins","8":"product_cat-marketing","9":"product_cat-plugins","10":"product_tag-affiliate-wp","11":"member-discount","12":"discount-restricted","14":"first","15":"instock","16":"sale","17":"downloadable","18":"virtual","19":"sold-individually","20":"purchasable","21":"product-type-simple"},"_links":{"self":[{"href":"https:\/\/gpl-love.com\/es\/wp-json\/wp\/v2\/product\/111949","targetHints":{"allow":["GET"]}}],"collection":[{"href":"https:\/\/gpl-love.com\/es\/wp-json\/wp\/v2\/product"}],"about":[{"href":"https:\/\/gpl-love.com\/es\/wp-json\/wp\/v2\/types\/product"}],"replies":[{"embeddable":true,"href":"https:\/\/gpl-love.com\/es\/wp-json\/wp\/v2\/comments?post=111949"}],"wp:featuredmedia":[{"embeddable":true,"href":"https:\/\/gpl-love.com\/es\/wp-json\/wp\/v2\/media\/165320"}],"wp:attachment":[{"href":"https:\/\/gpl-love.com\/es\/wp-json\/wp\/v2\/media?parent=111949"}],"wp:term":[{"taxonomy":"product_brand","embeddable":true,"href":"https:\/\/gpl-love.com\/es\/wp-json\/wp\/v2\/product_brand?post=111949"},{"taxonomy":"product_cat","embeddable":true,"href":"https:\/\/gpl-love.com\/es\/wp-json\/wp\/v2\/product_cat?post=111949"},{"taxonomy":"product_tag","embeddable":true,"href":"https:\/\/gpl-love.com\/es\/wp-json\/wp\/v2\/product_tag?post=111949"}],"curies":[{"name":"wp","href":"https:\/\/api.w.org\/{rel}","templated":true}]}}