{"id":111948,"date":"2024-06-22T00:00:00","date_gmt":"2024-06-22T05:00:00","guid":{"rendered":"http:\/\/gpl-love.com\/es\/producto\/affiliatewp-affiliate-landing-pages\/"},"modified":"2026-03-09T07:16:49","modified_gmt":"2026-03-09T12:16:49","slug":"affiliatewp-affiliate-landing-pages","status":"publish","type":"product","link":"https:\/\/gpl-love.com\/es\/producto\/affiliatewp-affiliate-landing-pages\/","title":{"rendered":"AffiliateWP Affiliate Landing Pages 1.3.0"},"content":{"rendered":"<h3>AffiliateWP Affiliate Landing Pages Caracteristicas<\/h3>\n<p>AffiliateWP P\u00e1ginas de destino de afiliados es una herramienta inmensamente robusta y potente que otorga a las empresas la capacidad de fabricar p\u00e1ginas de destino que son sumamente expertos en convertir a los clientes potenciales en los reales para sus afiliados. Este complemento, que est\u00e1 lleno de una gran cantidad de caracter\u00edsticas notables, ofrece una extensa gama de opciones de personalizaci\u00f3n que abarca la capacidad de forjar p\u00e1ginas de aterrizaje distintivas para cada afiliado individual, incorporar campos y formas a medida, e integrar sin problemas con una gran cantidad de altamente solicitadas. Despu\u00e9s de los servicios de marketing por correo electr\u00f3nico. Con el despliegue de las p\u00e1ginas de destino de afiliados de AffiliateWP, las empresas pueden aumentar exponencialmente su triunfo en el \u00e1mbito del marketing de afiliaci\u00f3n al proporcionar a sus afiliados los materiales de marketing indispensables que son instrumentales para su \u00e9xito. Simult\u00e1neamente, esta soluci\u00f3n hol\u00edstica asegura que los clientes reciban una experiencia que no solo es perfecta, sino que tambi\u00e9n es completamente profesional.<\/p>\n<ul>\n<li>P\u00e1ginas de destino profesionales y visualmente atractivas dise\u00f1adas espec\u00edficamente para el marketing de afiliaci\u00f3n<\/li>\n<li>Totalmente personalizable para que coincida con su marca y mensajes<\/li>\n<li>Formularios de captura de clientes potenciales y opciones de opci\u00f3n para capturar clientes potenciales y hacer crecer su lista<\/li>\n<li>Plantillas preconstruidas para nichos populares, incluidos la salud y el bienestar, las finanzas y la tecnolog\u00eda<\/li>\n<li>Funcionalidad de prueba A\/B para optimizar el rendimiento de la p\u00e1gina de destino y las tasas de conversi\u00f3n<\/li>\n<li>Integraci\u00f3n perfecta con AffiliateWP, permitiendo un f\u00e1cil seguimiento de referencias y comisiones de afiliados<\/li>\n<li>Dise\u00f1o receptivo que se ve muy bien en todos los dispositivos<\/li>\n<li>Instalaci\u00f3n y configuraci\u00f3n f\u00e1cil, sin necesidad de codificaci\u00f3n ni habilidades t\u00e9cnicas<\/li>\n<li>Documentaci\u00f3n y apoyo extenso del equipo AffiliateWP<\/li>\n<li>Actualizaciones y mejoras regulares para garantizar un rendimiento de alta calidad y experiencia del usuario.<\/li>\n<\/ul>\n","protected":false},"excerpt":{"rendered":"<p>AffiliateWP P\u00e1ginas de destino de afiliados es una s\u00f3lida herramienta de marketing de afiliaci\u00f3n que le permite crear p\u00e1ginas de destino sofisticadas adaptadas a las necesidades de sus afiliados. Este complemento din\u00e1mico para p\u00e1ginas de destino proporciona opciones de personalizaci\u00f3n, lo que le permite crear p\u00e1ginas de destino de afiliados impactantes que resuenen con su p\u00fablico objetivo. Con las p\u00e1ginas de destino de afiliados de AffiliateWP, el seguimiento de actividades de afiliados se convierte en muy f\u00e1cil, y las funcionalidades de gesti\u00f3n de la comisi\u00f3n est\u00e1n a su alcance.<\/p>\n<p>Ya sea que tenga como objetivo amplificar las cifras de ventas o acumular una gran cantidad de clientes potenciales, AffiliateWP para ventas y clientes potenciales ofrece un conjunto integral de caracter\u00edsticas y recursos. AffiliateWP para el \u00e9xito de marketing est\u00e1 dise\u00f1ado para aumentar el triunfo de marketing de afiliaci\u00f3n y garantizar su prosperidad de marketing. Con Affiliatewp, no solo est\u00e1 aprovechando su potencial sino tambi\u00e9n impulsando sus iniciativas de marketing de afiliaci\u00f3n a nuevas alturas de \u00e9xito.<\/p>\n<p>Experimente los beneficios de las p\u00e1ginas de destino de AffiliateWP Affiliat y transforme sus p\u00e1ginas de destino en una poderosa herramienta para el \u00e9xito. No hay necesidad de esperar m\u00e1s. Comience a usar AffiliateWP para la prosperidad de marketing hoy y presencie un aumento sin precedentes en su triunfo de marketing.<\/p>\n","protected":false},"featured_media":165314,"comment_status":"open","ping_status":"open","template":"","meta":[],"product_brand":[2357],"product_cat":[1207,1225,1206],"product_tag":[1227],"class_list":{"0":"post-111948","1":"product","2":"type-product","3":"status-publish","4":"has-post-thumbnail","6":"product_brand-affiliate-wp","7":"product_cat-comercio-electronico-plugins","8":"product_cat-marketing","9":"product_cat-plugins","10":"product_tag-affiliate-wp","11":"member-discount","12":"discount-restricted","14":"first","15":"instock","16":"sale","17":"downloadable","18":"virtual","19":"sold-individually","20":"purchasable","21":"product-type-simple"},"_links":{"self":[{"href":"https:\/\/gpl-love.com\/es\/wp-json\/wp\/v2\/product\/111948","targetHints":{"allow":["GET"]}}],"collection":[{"href":"https:\/\/gpl-love.com\/es\/wp-json\/wp\/v2\/product"}],"about":[{"href":"https:\/\/gpl-love.com\/es\/wp-json\/wp\/v2\/types\/product"}],"replies":[{"embeddable":true,"href":"https:\/\/gpl-love.com\/es\/wp-json\/wp\/v2\/comments?post=111948"}],"wp:featuredmedia":[{"embeddable":true,"href":"https:\/\/gpl-love.com\/es\/wp-json\/wp\/v2\/media\/165314"}],"wp:attachment":[{"href":"https:\/\/gpl-love.com\/es\/wp-json\/wp\/v2\/media?parent=111948"}],"wp:term":[{"taxonomy":"product_brand","embeddable":true,"href":"https:\/\/gpl-love.com\/es\/wp-json\/wp\/v2\/product_brand?post=111948"},{"taxonomy":"product_cat","embeddable":true,"href":"https:\/\/gpl-love.com\/es\/wp-json\/wp\/v2\/product_cat?post=111948"},{"taxonomy":"product_tag","embeddable":true,"href":"https:\/\/gpl-love.com\/es\/wp-json\/wp\/v2\/product_tag?post=111948"}],"curies":[{"name":"wp","href":"https:\/\/api.w.org\/{rel}","templated":true}]}}