{"id":111946,"date":"2023-11-20T00:00:00","date_gmt":"2023-11-20T05:00:00","guid":{"rendered":"http:\/\/gpl-love.com\/es\/producto\/affiliatewp-rest-api-extended\/"},"modified":"2026-03-20T15:50:05","modified_gmt":"2026-03-20T20:50:05","slug":"affiliate-rest-api-extended","status":"publish","type":"product","link":"https:\/\/gpl-love.com\/es\/producto\/affiliate-rest-api-extended\/","title":{"rendered":"AffiliateWP REST API Extended 1.2.1"},"content":{"rendered":"<h3>AffiliateWP REST API Extended Caracteristicas<\/h3>\n<p>Affiliatewp REST API Extended es una herramienta incre\u00edblemente potente y robusta que ha sido meticulosamente elaborada para satisfacer las necesidades de las empresas que buscan optimizar y mejorar sus esfuerzos de marketing de afiliaci\u00f3n. Este notable complemento otorga a los usuarios una extensa variedad de funcionalidades avanzadas, lo que les permite profundizar en una gama m\u00e1s completa de caracter\u00edsticas y datos. En virtud de la API de REST AffiliateWP extendida, las empresas est\u00e1n facultadas para administrar y supervisar sin esfuerzo y supervisar sus cuentas afiliadas, monitorear meticulosamente y realizar un seguimiento de la actividad de referencia, y automatizar sin esfuerzo el proceso intrincado y a menudo intrincado de pagos de la comisi\u00f3n. La gran versatilidad y la adaptabilidad de esta herramienta son realmente notablemente notables, ya que confiere a los usuarios la capacidad de personalizar sin problemas una multitud de aspectos, como las tarifas de la comisi\u00f3n y las regulaciones de seguimiento de referencias, entre una gran cantidad de otras opciones disponibles. Al aprovechar h\u00e1bilmente y aprovechar el inmenso poder y potencial que AfiliateWP REST API extendi\u00f3 las encarnadas, las empresas pueden optimizar sin esfuerzo y optimizar sus flujos de trabajo de marketing de afiliaci\u00f3n, culminando en un aumento inconfundible y significativo en la generaci\u00f3n de ingresos, atribuible a un mayor nivel de compromiso de sus estimados y estimados y estimados Afiliados valiosos.<\/p>\n<ul>\n<li>Permite la funcionalidad extendida y la personalizaci\u00f3n de AffiliateWP a trav\u00e9s de la API REST<\/li>\n<li>Habilita la integraci\u00f3n con aplicaciones y plataformas de terceros<\/li>\n<li>Proporciona acceso a los datos de AffiliateWP y las funciones de gesti\u00f3n de forma remota<\/li>\n<li>Admite operaciones de crud (crear, leer, actualizar, eliminar) en afiliados, referencias, creativos y m\u00e1s<\/li>\n<li>Implementa la autenticaci\u00f3n y la autorizaci\u00f3n del usuario para el acceso seguro a la API<\/li>\n<li>Viene con documentaci\u00f3n integral y recursos de desarrollador para una f\u00e1cil implementaci\u00f3n<\/li>\n<li>Compatible con Affiliatewp versi\u00f3n -6 y superior<\/li>\n<li>Mejorado con filtros y acciones adicionales para adaptar las respuestas de la API a las necesidades espec\u00edficas<\/li>\n<li>Ayuda a optimizar los procesos de gesti\u00f3n y an\u00e1lisis de programas de afiliados<\/li>\n<li>Facilita la creaci\u00f3n de estrategias y campa\u00f1as de marketing de afiliaci\u00f3n personalizados.<\/li>\n<\/ul>\n","protected":false},"excerpt":{"rendered":"<p>La herramienta extendida AffiliateWP REST API es una plataforma incre\u00edblemente vers\u00e1til que equipa a los desarrolladores con la capacidad de expandir y mejorar las capacidades de AffiliateWP, el complemento l\u00edder de marketing de afiliaci\u00f3n para WordPress. Esta API REST para desarrolladores permite la creaci\u00f3n de integraciones personalizadas con varios software y sistemas, simplificando y automatizando tareas con AffiliateWP, as\u00ed como proporcionar acceso program\u00e1tico a los datos AffiliateWP.<\/p>\n<p>La herramienta ofrece medios eficientes para crear integraciones, lo que permite monitorear sin esfuerzo el tr\u00e1fico de afiliados y analizar las ganancias de los afiliados. Tambi\u00e9n permite la gesti\u00f3n efectiva de la gesti\u00f3n de referencias y los pagos con AffiliateWP, lo que brinda a las empresas la autoridad sobre su programa de afiliados.<\/p>\n<p>La optimizaci\u00f3n de las tareas con API REST y las tareas de automatizaci\u00f3n con AffiliateWP son solo dos de las muchas caracter\u00edsticas que ofrece esta poderosa herramienta. Con la capacidad de monitorear el tr\u00e1fico de afiliados y analizar las ganancias de los afiliados, las empresas pueden obtener informaci\u00f3n vital sobre su desempe\u00f1o.<\/p>\n<p>Gesti\u00f3n de referencias con AffiliateWP y gesti\u00f3n de pagos con API REST, las empresas pueden mantener el control total sobre sus programas de afiliados. Esto, combinado con el<\/p>\n","protected":false},"featured_media":165325,"comment_status":"open","ping_status":"closed","template":"","meta":[],"product_brand":[2357],"product_cat":[1207,1225,1206],"product_tag":[1227],"class_list":{"0":"post-111946","1":"product","2":"type-product","3":"status-publish","4":"has-post-thumbnail","6":"product_brand-affiliate-wp","7":"product_cat-comercio-electronico-plugins","8":"product_cat-marketing","9":"product_cat-plugins","10":"product_tag-affiliate-wp","11":"member-discount","12":"discount-restricted","14":"first","15":"instock","16":"sale","17":"downloadable","18":"virtual","19":"sold-individually","20":"purchasable","21":"product-type-simple"},"_links":{"self":[{"href":"https:\/\/gpl-love.com\/es\/wp-json\/wp\/v2\/product\/111946","targetHints":{"allow":["GET"]}}],"collection":[{"href":"https:\/\/gpl-love.com\/es\/wp-json\/wp\/v2\/product"}],"about":[{"href":"https:\/\/gpl-love.com\/es\/wp-json\/wp\/v2\/types\/product"}],"replies":[{"embeddable":true,"href":"https:\/\/gpl-love.com\/es\/wp-json\/wp\/v2\/comments?post=111946"}],"wp:featuredmedia":[{"embeddable":true,"href":"https:\/\/gpl-love.com\/es\/wp-json\/wp\/v2\/media\/165325"}],"wp:attachment":[{"href":"https:\/\/gpl-love.com\/es\/wp-json\/wp\/v2\/media?parent=111946"}],"wp:term":[{"taxonomy":"product_brand","embeddable":true,"href":"https:\/\/gpl-love.com\/es\/wp-json\/wp\/v2\/product_brand?post=111946"},{"taxonomy":"product_cat","embeddable":true,"href":"https:\/\/gpl-love.com\/es\/wp-json\/wp\/v2\/product_cat?post=111946"},{"taxonomy":"product_tag","embeddable":true,"href":"https:\/\/gpl-love.com\/es\/wp-json\/wp\/v2\/product_tag?post=111946"}],"curies":[{"name":"wp","href":"https:\/\/api.w.org\/{rel}","templated":true}]}}