{"id":111926,"date":"2021-03-26T00:00:00","date_gmt":"2021-03-26T05:00:00","guid":{"rendered":"http:\/\/gpl-love.com\/es\/producto\/minfox-software-landing-page-wordpress-theme\/"},"modified":"2026-04-10T11:16:39","modified_gmt":"2026-04-10T16:16:39","slug":"minfox-software-landing-page-wordpress-theme","status":"publish","type":"product","link":"https:\/\/gpl-love.com\/es\/producto\/minfox-software-landing-page-wordpress-theme\/","title":{"rendered":"Minfox Software Landing Page WordPress Theme 1.4.8"},"content":{"rendered":"<h3>Minfox Software Landing Page WordPress Theme Caracteristicas<\/h3>\n<p>El tema de WordPress de la p\u00e1gina de destino de Minfox Software es una herramienta de dise\u00f1o web muy impresionante y encomiable que ofrece la capacidad de crear una p\u00e1gina de destino excepcional y notable para promover y anunciar sus productos de software. Con un dise\u00f1o elegante y de vanguardia, este tema demuestra ser la mejor soluci\u00f3n para presentar sus productos de software de manera efectiva de manera profesional y cautivadora. Con su amplia gama de secciones predise\u00f1adas, mostrando sin esfuerzo las caracter\u00edsticas de su software, opciones de precios, testimonios y miembros del equipo se convierte en una tarea sin problemas. Adem\u00e1s, la inclusi\u00f3n de una secci\u00f3n de cartera le permite mostrar su trabajo, mientras que la opci\u00f3n de resaltar las publicaciones de su blog e incorporar widgets personalizados para atraer una mayor cantidad de visitantes a su sitio web. Adem\u00e1s, es digno de menci\u00f3n que el tema de WordPress de WordPress de Minfox Software es totalmente receptivo y optimizado por expertos para los motores de b\u00fasqueda, lo que garantiza que su sitio web no solo parezca visualmente atractivo en todos los dispositivos, sino que tambi\u00e9n ocupa un lugar destacado en las b\u00fasquedas en l\u00ednea. Sin lugar a dudas, este tema se destaca como una elecci\u00f3n excepcional para las personas que buscan crear una p\u00e1gina de destino impresionante para sus productos de software.<\/p>\n<ul>\n<li>Dise\u00f1o de la p\u00e1gina de destino profesional y moderna<\/li>\n<li>Compatible con la plataforma de WordPress<\/li>\n<li>Opciones de personalizaci\u00f3n f\u00e1cil con integraci\u00f3n de constructor de p\u00e1ginas Elementor<\/li>\n<li>Dise\u00f1o totalmente receptivo para una visualizaci\u00f3n perfecta en diferentes dispositivos<\/li>\n<li>Dise\u00f1o optimizado de SEO para clasificaciones de motores de b\u00fasqueda m\u00e1s altos<\/li>\n<li>Interfaz f\u00e1cil de usar para usuarios no t\u00e9cnicos<\/li>\n<li>Compatibilidad del navegador cruzado para un rendimiento suave en todos los navegadores<\/li>\n<li>Velocidad de carga r\u00e1pida para una mejor experiencia de usuario y SEO mejorado<\/li>\n<li>Soporte de varios idiomas para el alcance global<\/li>\n<li>C\u00f3digo bien documentado para un f\u00e1cil mantenimiento y actualizaciones<\/li>\n<li>Precios asequibles con actualizaciones regulares y soporte del equipo de desarrolladores<\/li>\n<\/ul>\n","protected":false},"excerpt":{"rendered":"<p>El tema de WordPress de la p\u00e1gina de destino de Minfox Software ha sido meticulosamente elaborado para satisfacer las necesidades espec\u00edficas de las compa\u00f1\u00edas de software que buscan mostrar sus ofertas y servicios. Su dise\u00f1o elegante y contempor\u00e1neo exuda una sensaci\u00f3n de sofisticaci\u00f3n, lo que lo convierte en una opci\u00f3n ideal para establecer una presencia en l\u00ednea convincente y notable que cautiva efectivamente y atrae a una clientela potencial. Adem\u00e1s, este tema ofrece una mir\u00edada de opciones personalizables, incluida la capacidad de adaptar esquemas de color, preferencias de tipograf\u00eda y arreglos de dise\u00f1o, lo que le permite crear una p\u00e1gina de destino que no solo sea distintivamente \u00fanica sino tambi\u00e9n est\u00e9ticamente agradable, atrayendo efectivamente a los visitantes. y finalmente convertirlos en clientes. Adem\u00e1s, Minfox es totalmente receptivo y optimizado para los motores de b\u00fasqueda, lo que garantiza que su sitio web no solo mantendr\u00e1 su atractivo visual en una amplia gama de dispositivos, sino que tambi\u00e9n asegura una clasificaci\u00f3n favorable en los resultados del motor de b\u00fasqueda, mejorando as\u00ed su visibilidad y aumentando a\u00fan m\u00e1s su potencial para \u00e9xito.<\/p>\n","protected":false},"featured_media":166783,"comment_status":"open","ping_status":"closed","template":"","meta":[],"product_brand":[2337],"product_cat":[1307,1237,1238],"product_tag":[1391],"class_list":{"0":"post-111926","1":"product","2":"type-product","3":"status-publish","4":"has-post-thumbnail","6":"product_brand-themeforest","7":"product_cat-negocio-wordpress-temas","8":"product_cat-temas","9":"product_cat-wordpress-temas","10":"product_tag-themeforest","11":"member-discount","12":"discount-restricted","14":"first","15":"instock","16":"sale","17":"downloadable","18":"virtual","19":"sold-individually","20":"purchasable","21":"product-type-simple"},"_links":{"self":[{"href":"https:\/\/gpl-love.com\/es\/wp-json\/wp\/v2\/product\/111926","targetHints":{"allow":["GET"]}}],"collection":[{"href":"https:\/\/gpl-love.com\/es\/wp-json\/wp\/v2\/product"}],"about":[{"href":"https:\/\/gpl-love.com\/es\/wp-json\/wp\/v2\/types\/product"}],"replies":[{"embeddable":true,"href":"https:\/\/gpl-love.com\/es\/wp-json\/wp\/v2\/comments?post=111926"}],"wp:featuredmedia":[{"embeddable":true,"href":"https:\/\/gpl-love.com\/es\/wp-json\/wp\/v2\/media\/166783"}],"wp:attachment":[{"href":"https:\/\/gpl-love.com\/es\/wp-json\/wp\/v2\/media?parent=111926"}],"wp:term":[{"taxonomy":"product_brand","embeddable":true,"href":"https:\/\/gpl-love.com\/es\/wp-json\/wp\/v2\/product_brand?post=111926"},{"taxonomy":"product_cat","embeddable":true,"href":"https:\/\/gpl-love.com\/es\/wp-json\/wp\/v2\/product_cat?post=111926"},{"taxonomy":"product_tag","embeddable":true,"href":"https:\/\/gpl-love.com\/es\/wp-json\/wp\/v2\/product_tag?post=111926"}],"curies":[{"name":"wp","href":"https:\/\/api.w.org\/{rel}","templated":true}]}}