{"id":111924,"date":"2025-11-04T00:00:00","date_gmt":"2025-11-04T05:00:00","guid":{"rendered":"http:\/\/gpl-love.com\/es\/producto\/elearni-online-learning-and-education-lms\/"},"modified":"2026-03-13T17:19:56","modified_gmt":"2026-03-13T22:19:56","slug":"elearni-online-learning-and-education-lms","status":"publish","type":"product","link":"https:\/\/gpl-love.com\/es\/producto\/elearni-online-learning-and-education-lms\/","title":{"rendered":"eLearni Online Learning y Education LMS 3.3"},"content":{"rendered":"<h3>eLearni Online Learning y Education LMS Caracteristicas<\/h3>\n<p>Elearni es un sistema integral de gesti\u00f3n de aprendizaje y aprendizaje de aprendizaje en l\u00ednea (LMS) que ofrece una multitud de herramientas poderosas para maestros, estudiantes y administradores, permiti\u00e9ndoles crear, administrar y entregar efectivamente una amplia gama de contenido educativo. Con Elearni, los educadores tienen la capacidad de dise\u00f1ar y desarrollar lecciones, cuestionarios y evaluaciones personalizadas que se alineen perfectamente con su plan de estudios y est\u00e1ndares educativos \u00fanicos. Adem\u00e1s, a los estudiantes se les otorga acceso sin restricciones a estos recursos invaluables en cualquier momento y desde cualquier lugar, lo que les permite aprender a su propio ritmo individualizado y al mismo tiempo les permite monitorear su progreso en tiempo real. Adem\u00e1s, los administradores tienen la capacidad de supervisar, evaluar e informar sobre las diversas actividades y resultados de aprendizaje de sus estudiantes, facilitando as\u00ed la identificaci\u00f3n de \u00e1reas que justifican una mejora potencial. Adem\u00e1s de su funcionalidad incomparable, Elearni cuenta con una interfaz notablemente f\u00e1cil de usar, caracter\u00edsticas de vanguardia y un nivel excepcional de servicio al cliente, lo que lo convierte en la soluci\u00f3n \u00f3ptima para instituciones de cualquier magnitud y nivel acad\u00e9mico.<\/p>\n<ul>\n<li>Un sistema integral de gesti\u00f3n de aprendizaje (LMS) para educaci\u00f3n y capacitaci\u00f3n en l\u00ednea<\/li>\n<li>Herramientas de creaci\u00f3n de cursos incorporados para dise\u00f1ar y entregar contenido rico e interactivo<\/li>\n<li>Caminos de aprendizaje personalizados para ayudar a los alumnos a aprovechar al m\u00e1ximo su experiencia educativa<\/li>\n<li>Caracter\u00edsticas de aprendizaje combinado que permiten el aprendizaje en l\u00ednea y fuera de l\u00ednea, as\u00ed como la capacitaci\u00f3n dirigida por el instructor y de la autopista<\/li>\n<li>Informes inteligentes y an\u00e1lisis para rastrear el progreso del alumno e identificar \u00e1reas para mejorar<\/li>\n<li>Herramientas de aprendizaje social que permiten a los alumnos colaborar, compartir recursos y dar retroalimentaci\u00f3n entre s\u00ed<\/li>\n<li>Funciones de seguimiento de cumplimiento y certificaci\u00f3n para garantizar que los alumnos cumplan con los est\u00e1ndares y regulaciones de la industria<\/li>\n<li>Dise\u00f1o amigable para dispositivos m\u00f3viles que permite aprender sobre la marcha<\/li>\n<li>Integraci\u00f3n con herramientas y sistemas de terceros, como los sistemas de gesti\u00f3n de contenido de aprendizaje (LCMS) y el software virtual en el aula<\/li>\n<\/ul>\n","protected":false},"excerpt":{"rendered":"<p>Elearni, un sistema de gesti\u00f3n de aprendizaje de aprendizaje y aprendizaje en l\u00ednea (LMS), ha sido complejo para ofrecer a los estudiantes y profesionales con alternativas de aprendizaje adaptables y eficaces. Nuestra plataforma cuenta con una amplia gama de diversos cursos y programas de capacitaci\u00f3n, todos meticulosamente adaptados para satisfacer los requisitos \u00fanicos de los alumnos individuales. A trav\u00e9s de la integraci\u00f3n de herramientas interactivas y caracter\u00edsticas de vanguardia, como el seguimiento del progreso en tiempo real, los mecanismos integrales de evaluaci\u00f3n y evaluaci\u00f3n, y una interfaz perfectamente navegable, Elearni emerge como la soluci\u00f3n por excelencia para las personas que buscan ampliar su conocimiento y habilidades en varios dominios. \u00a1Emp\u00e1rate en tu viaje hacia la eminencia acad\u00e9mica y el crecimiento profesional adoptando a Elearni hoy!<\/p>\n","protected":false},"featured_media":165927,"comment_status":"open","ping_status":"closed","template":"","meta":[],"product_brand":[2337],"product_cat":[1307,1237,1238],"product_tag":[1391],"class_list":{"0":"post-111924","1":"product","2":"type-product","3":"status-publish","4":"has-post-thumbnail","6":"product_brand-themeforest","7":"product_cat-negocio-wordpress-temas","8":"product_cat-temas","9":"product_cat-wordpress-temas","10":"product_tag-themeforest","11":"member-discount","12":"discount-restricted","14":"first","15":"instock","16":"sale","17":"downloadable","18":"virtual","19":"sold-individually","20":"purchasable","21":"product-type-simple"},"_links":{"self":[{"href":"https:\/\/gpl-love.com\/es\/wp-json\/wp\/v2\/product\/111924","targetHints":{"allow":["GET"]}}],"collection":[{"href":"https:\/\/gpl-love.com\/es\/wp-json\/wp\/v2\/product"}],"about":[{"href":"https:\/\/gpl-love.com\/es\/wp-json\/wp\/v2\/types\/product"}],"replies":[{"embeddable":true,"href":"https:\/\/gpl-love.com\/es\/wp-json\/wp\/v2\/comments?post=111924"}],"wp:featuredmedia":[{"embeddable":true,"href":"https:\/\/gpl-love.com\/es\/wp-json\/wp\/v2\/media\/165927"}],"wp:attachment":[{"href":"https:\/\/gpl-love.com\/es\/wp-json\/wp\/v2\/media?parent=111924"}],"wp:term":[{"taxonomy":"product_brand","embeddable":true,"href":"https:\/\/gpl-love.com\/es\/wp-json\/wp\/v2\/product_brand?post=111924"},{"taxonomy":"product_cat","embeddable":true,"href":"https:\/\/gpl-love.com\/es\/wp-json\/wp\/v2\/product_cat?post=111924"},{"taxonomy":"product_tag","embeddable":true,"href":"https:\/\/gpl-love.com\/es\/wp-json\/wp\/v2\/product_tag?post=111924"}],"curies":[{"name":"wp","href":"https:\/\/api.w.org\/{rel}","templated":true}]}}