{"id":111923,"date":"2026-04-16T00:00:00","date_gmt":"2026-04-16T05:00:00","guid":{"rendered":"http:\/\/gpl-love.com\/es\/producto\/betterdocs-pro-accelerate-the-power-of-knowledge-base\/"},"modified":"2026-04-16T17:15:26","modified_gmt":"2026-04-16T22:15:26","slug":"betterdocs-pro-accelerate-the-power-of-knowledge-base","status":"publish","type":"product","link":"https:\/\/gpl-love.com\/es\/producto\/betterdocs-pro-accelerate-the-power-of-knowledge-base\/","title":{"rendered":"BetterDocs Pro Accelerate The Power Of Knowledge Base 3.7.1"},"content":{"rendered":"<h3>BetterDocs Pro Accelerate The Power Of Knowledge Base Caracteristicas<\/h3>\n<p>BetterDocs Pro Accelerate es una herramienta incre\u00edblemente robusta y din\u00e1mica que sirve para aumentar las capacidades de las bases de conocimiento. Cuenta con una gran cantidad de caracter\u00edsticas que no solo racionalizan, sino que tambi\u00e9n mejoran el proceso de documentaci\u00f3n, simplificando y acelerando la creaci\u00f3n, gesti\u00f3n y difusi\u00f3n de informaci\u00f3n. BetterDocs Pro permite a los usuarios crear bases de conocimiento visualmente impresionantes y excepcionalmente f\u00e1ciles de usar que est\u00e1n completamente optimizadas para los motores de b\u00fasqueda, lo que resulta en una experiencia mejorada del cliente. Adem\u00e1s, esta herramienta abarca capacidades anal\u00edticas sofisticadas, brindando a los usuarios la oportunidad de rastrear meticulosamente los patrones de uso, identificar contenido muy buscado y tomar decisiones basadas en datos dirigidas a reforzar su base de conocimiento. En consecuencia, est\u00e1 muy claro que la utilidad indispensable de BetterDocs pro acelerar es evidente y resuena con cualquier persona que desee elevar el estado de su base de conocimiento a alturas sin precedentes.<\/p>\n<ul>\n<li>Mejora de la productividad y eficiencia al proporcionar el conocimiento a su alcance<\/li>\n<li>Acceso m\u00e1s r\u00e1pido y m\u00e1s f\u00e1cil a la informaci\u00f3n relevante utilizando la funci\u00f3n de b\u00fasqueda y filtrado<\/li>\n<li>Opciones de dise\u00f1o y marca personalizables para que coincidan con la apariencia de su sitio web<\/li>\n<li>An\u00e1lisis incorporado para rastrear el comportamiento del usuario y optimizar su base de conocimiento para la mejor experiencia de usuario<\/li>\n<li>Gesti\u00f3n de permisos avanzados para controlar el acceso y garantizar la seguridad de su informaci\u00f3n<\/li>\n<li>Control de contenido Control e historial de revisi\u00f3n para administrar f\u00e1cilmente los cambios y actualizaciones<\/li>\n<li>Integraci\u00f3n perfecta con temas populares de WordPress y constructores de p\u00e1ginas<\/li>\n<li>Excelente atenci\u00f3n al cliente y actualizaciones regulares para garantizar el mejor rendimiento y la experiencia del usuario.<\/li>\n<\/ul>\n","protected":false},"excerpt":{"rendered":"<p>Experimente un nivel incomparable de eficiencia con BetterDocs Pro, dise\u00f1ado para acelerar el poder de su base de conocimiento. Esta versi\u00f3n premium ofrece beneficios integrales que racionalizan su flujo de trabajo y mejoran su productividad. BetterDocs Pro revoluciona la forma en que administra su documentaci\u00f3n, con una interfaz intuitiva y herramientas avanzadas que hacen que cada tarea sea muy f\u00e1cil. Disfrute del poder de las respuestas instant\u00e1neas, la conveniencia de la b\u00fasqueda en vivo avanzada y la simplicidad de las caracter\u00edsticas de arrastrar y soltar. Con BetterDocs Pro, su base de conocimiento no solo ser\u00e1 un repositorio de informaci\u00f3n, sino una herramienta din\u00e1mica que permite a su equipo y satisface a sus clientes. Actualice a BetterDocs Pro y experimente la diferencia hoy.<\/p>\n","protected":false},"featured_media":165473,"comment_status":"open","ping_status":"closed","template":"","meta":[],"product_brand":[2375],"product_cat":[1214,1206,1211],"product_tag":[1785],"class_list":{"0":"post-111923","1":"product","2":"type-product","3":"status-publish","4":"has-post-thumbnail","6":"product_brand-wp-developer","7":"product_cat-personalizacion","8":"product_cat-plugins","9":"product_cat-wordpress-plugins","10":"product_tag-wp-developer","11":"member-discount","12":"discount-restricted","14":"first","15":"instock","16":"sale","17":"downloadable","18":"virtual","19":"sold-individually","20":"purchasable","21":"product-type-simple"},"_links":{"self":[{"href":"https:\/\/gpl-love.com\/es\/wp-json\/wp\/v2\/product\/111923","targetHints":{"allow":["GET"]}}],"collection":[{"href":"https:\/\/gpl-love.com\/es\/wp-json\/wp\/v2\/product"}],"about":[{"href":"https:\/\/gpl-love.com\/es\/wp-json\/wp\/v2\/types\/product"}],"replies":[{"embeddable":true,"href":"https:\/\/gpl-love.com\/es\/wp-json\/wp\/v2\/comments?post=111923"}],"wp:featuredmedia":[{"embeddable":true,"href":"https:\/\/gpl-love.com\/es\/wp-json\/wp\/v2\/media\/165473"}],"wp:attachment":[{"href":"https:\/\/gpl-love.com\/es\/wp-json\/wp\/v2\/media?parent=111923"}],"wp:term":[{"taxonomy":"product_brand","embeddable":true,"href":"https:\/\/gpl-love.com\/es\/wp-json\/wp\/v2\/product_brand?post=111923"},{"taxonomy":"product_cat","embeddable":true,"href":"https:\/\/gpl-love.com\/es\/wp-json\/wp\/v2\/product_cat?post=111923"},{"taxonomy":"product_tag","embeddable":true,"href":"https:\/\/gpl-love.com\/es\/wp-json\/wp\/v2\/product_tag?post=111923"}],"curies":[{"name":"wp","href":"https:\/\/api.w.org\/{rel}","templated":true}]}}