{"id":111922,"date":"2026-04-18T00:00:00","date_gmt":"2026-04-18T05:00:00","guid":{"rendered":"http:\/\/gpl-love.com\/es\/producto\/b2bking-the-ultimate-woocommerce-b2b-and-wholesale-plugin\/"},"modified":"2026-04-18T17:15:17","modified_gmt":"2026-04-18T22:15:17","slug":"b2bking-the-ultimate-woocommerce-b2b-and-wholesale-plugin","status":"publish","type":"product","link":"https:\/\/gpl-love.com\/es\/producto\/b2bking-the-ultimate-woocommerce-b2b-and-wholesale-plugin\/","title":{"rendered":"B2BKing The Ultimate WooCommerce B2B y Wholesale Plugin 5.5.40"},"content":{"rendered":"<h3>B2BKing The Ultimate WooCommerce B2B y Wholesale Plugin Caracteristicas<\/h3>\n<p>B2bking, una soluci\u00f3n altamente sofisticada e integral dise\u00f1ada espec\u00edficamente para WooCommerce B2B y Enterprises mayoristas, se presenta como la respuesta final a los complejos desaf\u00edos que enfrentan el \u00e1mbito de la venta de productos a otras empresas. Su complemento que lo abarca todo ofrece un enfoque sin problemas para simplificar el proceso contorneado. Al implementar B2Bking en su marco comercial, obtiene la capacidad de navegar sin esfuerzo a trav\u00e9s de varios aspectos esenciales, como la gesti\u00f3n de precios, los formularios de pedidos, los grupos de clientes, los campos de registro personalizados y una gran cantidad de otras caracter\u00edsticas ventajosas. Adem\u00e1s, esta notable herramienta le permite la capacidad de establecer estructuras de precios distintas personalizadas para diferentes grupos de clientes, al tiempo que le permite regular de manera efectiva su acceso a productos espec\u00edficos. El complemento tambi\u00e9n cuenta con una variedad de funcionalidades avanzadas, sobre todo, solicitudes de cotizaci\u00f3n, capacidades de negociaci\u00f3n y opciones de precios escalonadas. Con B2bking sin problemas en sus operaciones, podr\u00e1 optimizar sus esfuerzos mayoristas, amplificar significativamente sus cifras de ventas y, en \u00faltima instancia, cultivar una experiencia del cliente incomparable.<\/p>\n<ul>\n<li>Habilita la funcionalidad mayorista y B2B en su sitio web de WooCommerce<\/li>\n<li>Admite m\u00faltiples roles de usuario y niveles de precios para diferentes grupos de clientes<\/li>\n<li>Permite m\u00e9todos de pago y env\u00edo personalizados para diferentes grupos de clientes.<\/li>\n<li>Ofrece un proceso de registro y aprobaci\u00f3n personalizable para clientes B2B<\/li>\n<li>Incluye caracter\u00edsticas para cantidades m\u00ednimas de pedido, descuentos de volumen de pedido y estructuras de precios escalonadas<\/li>\n<li>Proporciona opciones avanzadas de visibilidad del producto y gesti\u00f3n de cat\u00e1logo para diferentes tipos de clientes<\/li>\n<li>Ofrece opciones para exenciones fiscales y manejo de IVA para clientes B2B<\/li>\n<li>Permite mensajes personalizados y notificaciones de correo electr\u00f3nico para clientes B2B y estados de pedido<\/li>\n<li>Ofrece herramientas completas de informes y an\u00e1lisis para el seguimiento del rendimiento de ventas B2B.<\/li>\n<\/ul>\n","protected":false},"excerpt":{"rendered":"<p>Experimente el poder de B2Bking, el mejor WooCommerce B2B y el complemento mayorista dise\u00f1ado para optimizar sus operaciones comerciales. Nuestro complemento avanzado es una herramienta esencial para cualquier negocio que busque mejorar sus operaciones B2B y mayoristas. B2bking trae una gran cantidad de beneficios, que ofrece un conjunto integral de caracter\u00edsticas para satisfacer las necesidades \u00fanicas de los negocios B2B, al por mayor e h\u00edbridos.<\/p>\n<p>Desde la creaci\u00f3n de reglas din\u00e1micas para los precios, los impuestos y el env\u00edo hasta la gesti\u00f3n de intrincados formularios de registro B2B, B2Bking lo cubre todo. Ofrece estructuras de precios de m\u00faltiples niveles, campos de facturaci\u00f3n personalizados y la capacidad de ocultar precios para que los usuarios invitados mantengan su exclusividad B2B.<\/p>\n<p>Con B2Bking, puede ofrecer una experiencia de compra perfecta a sus clientes mayoristas integrando solicitudes y conversaciones de cotizaci\u00f3n directamente en el entorno de comercio electr\u00f3nico. Adem\u00e1s, puede controlar la visibilidad del producto en funci\u00f3n de los roles de los usuarios y las membres\u00edas del grupo, ofreciendo una experiencia personalizada a sus clientes.<\/p>\n<p>B2bking tambi\u00e9n ofrece un conjunto completo<\/p>\n","protected":false},"featured_media":165452,"comment_status":"open","ping_status":"closed","template":"","meta":[],"product_brand":[2339],"product_cat":[1207,1248,1206],"product_tag":[1256],"class_list":{"0":"post-111922","1":"product","2":"type-product","3":"status-publish","4":"has-post-thumbnail","6":"product_brand-codecanyon","7":"product_cat-comercio-electronico-plugins","8":"product_cat-personalizacion-comercio-electronico-plugins","9":"product_cat-plugins","10":"product_tag-codecanyon","11":"member-discount","12":"discount-restricted","14":"first","15":"instock","16":"sale","17":"downloadable","18":"virtual","19":"sold-individually","20":"purchasable","21":"product-type-simple"},"_links":{"self":[{"href":"https:\/\/gpl-love.com\/es\/wp-json\/wp\/v2\/product\/111922","targetHints":{"allow":["GET"]}}],"collection":[{"href":"https:\/\/gpl-love.com\/es\/wp-json\/wp\/v2\/product"}],"about":[{"href":"https:\/\/gpl-love.com\/es\/wp-json\/wp\/v2\/types\/product"}],"replies":[{"embeddable":true,"href":"https:\/\/gpl-love.com\/es\/wp-json\/wp\/v2\/comments?post=111922"}],"wp:featuredmedia":[{"embeddable":true,"href":"https:\/\/gpl-love.com\/es\/wp-json\/wp\/v2\/media\/165452"}],"wp:attachment":[{"href":"https:\/\/gpl-love.com\/es\/wp-json\/wp\/v2\/media?parent=111922"}],"wp:term":[{"taxonomy":"product_brand","embeddable":true,"href":"https:\/\/gpl-love.com\/es\/wp-json\/wp\/v2\/product_brand?post=111922"},{"taxonomy":"product_cat","embeddable":true,"href":"https:\/\/gpl-love.com\/es\/wp-json\/wp\/v2\/product_cat?post=111922"},{"taxonomy":"product_tag","embeddable":true,"href":"https:\/\/gpl-love.com\/es\/wp-json\/wp\/v2\/product_tag?post=111922"}],"curies":[{"name":"wp","href":"https:\/\/api.w.org\/{rel}","templated":true}]}}