{"id":111921,"date":"2022-03-28T00:00:00","date_gmt":"2022-03-28T05:00:00","guid":{"rendered":"http:\/\/gpl-love.com\/es\/producto\/master-popups-plugin-for-wordpress\/"},"modified":"2026-03-09T07:48:53","modified_gmt":"2026-03-09T12:48:53","slug":"master-popups-plugin-for-wordpress","status":"publish","type":"product","link":"https:\/\/gpl-love.com\/es\/producto\/master-popups-plugin-for-wordpress\/","title":{"rendered":"Master Popups Plugin para WordPress 3.8.5"},"content":{"rendered":"<h3>Master Popups Plugin para WordPress Caracteristicas<\/h3>\n<p>El complemento Master PopUps para WordPress es una herramienta extremadamente robusta que le otorga la capacidad de fabricar ventanas emergentes exquisitamente cautivadoras e inmersivas para su sitio web. Este complemento excepcional proporciona una extensa gama de plantillas y opciones de personalizaci\u00f3n, facilitando la creaci\u00f3n de ventanas emergentes para la generaci\u00f3n de leads, suscripciones de bolet\u00edn, ofertas especiales y una gran cantidad de otros fines. La naturaleza f\u00e1cil de usar del complemento se ejemplifica con su constructor de arrastre y solta acompa\u00f1ado, lo que hace que la construcci\u00f3n de sus ventanas emergentes deseadas sea un esfuerzo sin esfuerzo que se puede lograr en solo unos minutos, incluso en ausencia de cualquier experiencia de codificaci\u00f3n. Adem\u00e1s, cuenta con opciones de orientaci\u00f3n altamente sofisticadas que le permiten exhibir con precisi\u00f3n sus ventanas emergentes a la audiencia apropiada durante los momentos m\u00e1s oportunos. Independientemente de si su objetivo implica aumentar su lista de correo electr\u00f3nico o amplificar sus ventas, el complemento Master Popups es una herramienta indispensable para cualquier propietario del sitio web de WordPress que aspira a mejorar sus tasas de conversi\u00f3n.<\/p>\n<ul>\n<li>Crea hermosas ventanas emergentes en tu sitio de WordPress sin codificar el conocimiento<\/li>\n<li>Elija entre una variedad de plantillas predise\u00f1adas o cree sus propias ventanas emergentes personalizadas<\/li>\n<li>Muestra ventanas emergentes en momentos espec\u00edficos, como cuando un usuario est\u00e1 a punto de salir de la p\u00e1gina o despu\u00e9s de un cierto per\u00edodo de tiempo<\/li>\n<li>Aumentar las conversiones ofreciendo descuentos o ofertas a trav\u00e9s de sus ventanas emergentes<\/li>\n<li>Integre con los populares servicios de marketing por correo electr\u00f3nico para capturar la informaci\u00f3n del usuario y hacer crecer su lista de correo electr\u00f3nico<\/li>\n<li>Controle el comportamiento de las ventanas emergentes con reglas avanzadas, como mostrar diferentes ventanas emergentes basadas en la ubicaci\u00f3n del usuario o las acciones anteriores<\/li>\n<li>Use Analytics para rastrear el rendimiento de sus ventanas emergentes y optimizar para obtener mejores resultados<\/li>\n<li>Disfrute de una interfaz receptiva y f\u00e1cil de usar para una f\u00e1cil personalizaci\u00f3n y administraci\u00f3n de sus ventanas emergentes.<\/li>\n<\/ul>\n","protected":false},"excerpt":{"rendered":"<p>El complemento Master PopUps, una herramienta incre\u00edblemente robusta dise\u00f1ada espec\u00edficamente para WordPress, proporciona a los usuarios la capacidad de generar ventanas emergentes visualmente llamativas visualmente, formularios de opci\u00f3n y ventanas emergentes de intenci\u00f3n de salida. Al utilizar su constructor de arrastre y ca\u00edda altamente intuitivo, las personas est\u00e1n facultadas para adaptar sin esfuerzo sus ventanas emergentes para cautivar e involucrar a los visitantes de su sitio web, lo que finalmente conduce a un aumento de las conversiones. Este invaluable recurso se puede aprovechar para cultivar efectivamente una lista de correo electr\u00f3nico ampliada, resaltar y amplificar las promociones, as\u00ed como publicitar los pr\u00f3ximos eventos de ventas. Adem\u00e1s, este complemento excepcional cuenta con una extensa variedad de opciones de orientaci\u00f3n y activaci\u00f3n, asegurando que las ventanas emergentes generadas alcancen y resuenen efectivamente con la audiencia prevista, precisamente cuando son m\u00e1s receptivas. Con el complemento Popups maestro a su disposici\u00f3n, sin duda elevar\u00e1 las estrategias de marketing de su sitio web a alturas sin precedentes.<\/p>\n","protected":false},"featured_media":166702,"comment_status":"open","ping_status":"closed","template":"","meta":[],"product_brand":[2339],"product_cat":[1232,1206,1211],"product_tag":[1256],"class_list":{"0":"post-111921","1":"product","2":"type-product","3":"status-publish","4":"has-post-thumbnail","6":"product_brand-codecanyon","7":"product_cat-marketing-wordpress-plugins","8":"product_cat-plugins","9":"product_cat-wordpress-plugins","10":"product_tag-codecanyon","11":"member-discount","12":"discount-restricted","14":"first","15":"instock","16":"sale","17":"downloadable","18":"virtual","19":"sold-individually","20":"purchasable","21":"product-type-simple"},"_links":{"self":[{"href":"https:\/\/gpl-love.com\/es\/wp-json\/wp\/v2\/product\/111921","targetHints":{"allow":["GET"]}}],"collection":[{"href":"https:\/\/gpl-love.com\/es\/wp-json\/wp\/v2\/product"}],"about":[{"href":"https:\/\/gpl-love.com\/es\/wp-json\/wp\/v2\/types\/product"}],"replies":[{"embeddable":true,"href":"https:\/\/gpl-love.com\/es\/wp-json\/wp\/v2\/comments?post=111921"}],"wp:featuredmedia":[{"embeddable":true,"href":"https:\/\/gpl-love.com\/es\/wp-json\/wp\/v2\/media\/166702"}],"wp:attachment":[{"href":"https:\/\/gpl-love.com\/es\/wp-json\/wp\/v2\/media?parent=111921"}],"wp:term":[{"taxonomy":"product_brand","embeddable":true,"href":"https:\/\/gpl-love.com\/es\/wp-json\/wp\/v2\/product_brand?post=111921"},{"taxonomy":"product_cat","embeddable":true,"href":"https:\/\/gpl-love.com\/es\/wp-json\/wp\/v2\/product_cat?post=111921"},{"taxonomy":"product_tag","embeddable":true,"href":"https:\/\/gpl-love.com\/es\/wp-json\/wp\/v2\/product_tag?post=111921"}],"curies":[{"name":"wp","href":"https:\/\/api.w.org\/{rel}","templated":true}]}}