{"id":111920,"date":"2024-01-06T00:00:00","date_gmt":"2024-01-06T05:00:00","guid":{"rendered":"http:\/\/gpl-love.com\/es\/producto\/anon-multipurpose-elementor-woocommerce-themes\/"},"modified":"2026-03-13T17:15:43","modified_gmt":"2026-03-13T22:15:43","slug":"anon-multipurpose-elementor-woocommerce-themes","status":"publish","type":"product","link":"https:\/\/gpl-love.com\/es\/producto\/anon-multipurpose-elementor-woocommerce-themes\/","title":{"rendered":"Anon Multipurpose Elementor WooCommerce Themes 2.2.10"},"content":{"rendered":"<h3>Anon Multipurpose Elementor WooCommerce Themes Caracteristicas<\/h3>\n<p>El tema de WooCommerce de El Elemento Multipurpose ANON, reconocido por su inherente robustez y versatilidad, demuestra ser una soluci\u00f3n impecable y que todo lo abarca para cualquier empresa de comercio electr\u00f3nico. En particular, este tema cuenta con una gran cantidad de caracter\u00edsticas y funcionalidades exquisitas que se adaptan meticulosamente para ayudarlo a dise\u00f1ar la tienda en l\u00ednea m\u00e1s idealista imaginable. En virtud del Elementor Page Builder, se le otorga la capacidad extraordinaria de adaptar sin esfuerzo su sitio web para alinearse impecablemente con sus requisitos espec\u00edficos e inclinaciones personales. Adem\u00e1s, este tema es perfectamente compatible con WooCommerce, lo que le permite administrar sin esfuerzo su variedad de productos, pedidos y pagos. Independientemente de si usted est\u00e1 minorista de bienes tangibles o intangibles, tenga la seguridad de que el tema de MultipurSose de ANON es una opci\u00f3n ejemplar para cualquier empresa en l\u00ednea. Su dise\u00f1o inmaculado y contempor\u00e1neo, junto con su capacidad de respuesta incomparable y su amplia gama de opciones de personalizaci\u00f3n, le permite manifestar una plataforma de comercio electr\u00f3nico que exuda sin esfuerzo y cautiva a los clientes, fomentando finalmente la lealtad y la retenci\u00f3n de los clientes.<\/p>\n<ul>\n<li>Perfecto para uso multiprop\u00f3sito, incluidos los sitios web de comercio electr\u00f3nico<\/li>\n<li>Construido con el elemento de arrastre de la p\u00e1gina de arrastre y ca\u00edda<\/li>\n<li>Totalmente personalizable para adaptarse al estilo y la est\u00e9tica \u00fanicas de su marca<\/li>\n<li>El dise\u00f1o receptivo garantiza una experiencia perfecta en los dispositivos de escritorio y m\u00f3viles<\/li>\n<li>Se integra f\u00e1cilmente con WooCommerce para crear una tienda en l\u00ednea optimizada<\/li>\n<li>Incluye plantillas predise\u00f1adas para una f\u00e1cil configuraci\u00f3n y personalizaci\u00f3n<\/li>\n<li>Optimizado para la velocidad y el SEO<\/li>\n<li>Actualizado regularmente con nuevas funciones y correcciones<\/li>\n<li>Soporte profesional y documentaci\u00f3n disponible<\/li>\n<li>Compra \u00fanica sin tarifas recurrentes<\/li>\n<\/ul>\n","protected":false},"excerpt":{"rendered":"<p>Anon es un tema vers\u00e1til de WooCommerce de alto rendimiento que se integra perfectamente con Elementor, un popular constructor de p\u00e1ginas de WordPress. Perfecto para cualquier tienda o negocio en l\u00ednea, Anon ofrece una amplia gama de opciones de personalizaci\u00f3n, lo que le permite crear un sitio \u00fanico y profesional sin necesidad de ninguna habilidad de codificaci\u00f3n. La integraci\u00f3n de WooCommerce de Anon garantiza una experiencia de compra sin problemas para sus clientes, con caracter\u00edsticas incorporadas, como un proceso de pago f\u00e1cil de usar, pasarelas de pago seguras y galer\u00edas integrales de productos. Con Elementor, puede dise\u00f1ar f\u00e1cilmente impresionantes p\u00e1ginas web con su funcionalidad de arrastrar y soltar, agregando un toque personal a su tienda en l\u00ednea. El dise\u00f1o receptivo de Anon garantiza una experiencia de visualizaci\u00f3n \u00f3ptima en todos los dispositivos, mientras que su estructura amigable con SEO aumenta la visibilidad de su sitio en los motores de b\u00fasqueda. Actualice su presencia en l\u00ednea con los temas de WooCommerce de Anon MultipurSose WooCommerce hoy.<\/p>\n","protected":false},"featured_media":165375,"comment_status":"open","ping_status":"closed","template":"","meta":[],"product_brand":[2337],"product_cat":[1263,1469,1237],"product_tag":[1391],"class_list":{"0":"post-111920","1":"product","2":"type-product","3":"status-publish","4":"has-post-thumbnail","6":"product_brand-themeforest","7":"product_cat-comercio-electronico-temas","8":"product_cat-creativo-comercio-electronico-temas","9":"product_cat-temas","10":"product_tag-themeforest","11":"member-discount","12":"discount-restricted","14":"first","15":"instock","16":"sale","17":"downloadable","18":"virtual","19":"sold-individually","20":"purchasable","21":"product-type-simple"},"_links":{"self":[{"href":"https:\/\/gpl-love.com\/es\/wp-json\/wp\/v2\/product\/111920","targetHints":{"allow":["GET"]}}],"collection":[{"href":"https:\/\/gpl-love.com\/es\/wp-json\/wp\/v2\/product"}],"about":[{"href":"https:\/\/gpl-love.com\/es\/wp-json\/wp\/v2\/types\/product"}],"replies":[{"embeddable":true,"href":"https:\/\/gpl-love.com\/es\/wp-json\/wp\/v2\/comments?post=111920"}],"wp:featuredmedia":[{"embeddable":true,"href":"https:\/\/gpl-love.com\/es\/wp-json\/wp\/v2\/media\/165375"}],"wp:attachment":[{"href":"https:\/\/gpl-love.com\/es\/wp-json\/wp\/v2\/media?parent=111920"}],"wp:term":[{"taxonomy":"product_brand","embeddable":true,"href":"https:\/\/gpl-love.com\/es\/wp-json\/wp\/v2\/product_brand?post=111920"},{"taxonomy":"product_cat","embeddable":true,"href":"https:\/\/gpl-love.com\/es\/wp-json\/wp\/v2\/product_cat?post=111920"},{"taxonomy":"product_tag","embeddable":true,"href":"https:\/\/gpl-love.com\/es\/wp-json\/wp\/v2\/product_tag?post=111920"}],"curies":[{"name":"wp","href":"https:\/\/api.w.org\/{rel}","templated":true}]}}